{"id":80537,"date":"2018-09-13T06:51:49","date_gmt":"2018-09-13T06:51:49","guid":{"rendered":"https:\/\/budoshop.si\/?product=judo-gi-kimono-adidas-j730-champion-ijf"},"modified":"2026-01-10T11:28:12","modified_gmt":"2026-01-10T10:28:12","slug":"judo-gi-kimono-adidas-j730-champion-ijf","status":"publish","type":"product","link":"https:\/\/www.budoshop.si\/sl\/izdelek\/judo-gi-kimono-adidas-j730-champion-ijf\/","title":{"rendered":"Judo Gi (Kimono) &#8221;Adidas J730 CHAMPION IJF&#8221;"},"content":{"rendered":"<div style=\"text-align: justify;\">\n<p><span style=\"color: #993300; font-size: 15px;\">Ta vrhunski 730 g\/m2 Judo Kimono se na mednarodnih tekmovanjih zahteva od aprila 2015 dalje. Po novih pravilih mora biti ta la\u017eji (namesto 930 g\/m2 kot je veljalo prej) kar omogo\u010da ve\u010djo svobodo gibanja, rever pa ne sme biti \u0161ir\u0161i od \u0161tirih centimetrov in ne ve\u010d kot 4 krat pre\u0161it. V primerjavi s prej\u0161njim IJF modelom je rahlo o\u017eji v predelu pasu, rokavi pa so malenkost dalj\u0161i in dodatno oja\u010dani. Oja\u010dani so tudi predel prsi, podpazduh, ramen in hrbta. Od predela beder pa vse do roba so dodatno oja\u010dane tudi hla\u010de. Zahvaljujo\u010d unikatnemu dizajnu vlaken so vsi \u0161ivi \u0161e posebno mo\u010dni.<br \/>\nJakna je narejena iz polibomba\u017e materiala (75% bomba\u017e \/ 25% poliester, 730 g\/m2), hla\u010de so narejene iz 100% bomba\u017ea), vrhunske kvalitete. Kompaktno, preparirano zrnasto tkanje. Jakna ima zna\u010dilne \u010drne Adidas \u010drte preko ramen in nov IJF 2015 logo.<\/span><\/p>\n<p><span style=\"font-size: 15px; color: #993300;\">Bele barve.<\/span><\/p>\n<p><span style=\"color: #993300;\">V kompletu so hla\u010de z vrvico v pasu in jakna.<\/span><\/p>\n<\/div>\n<div style=\"text-align: justify;\">\n<p><span style=\"font-size: 15px; color: #993300;\">Vi\u0161ine: 150 &#8211; 190 cm na 5 cm (tudi ve\u010dje po naro\u010dilu).<\/span><\/p>\n<p><span style=\"font-size: 15px; color: #993300;\"><strong>Ta artikel je odobren iz strani IJF<\/strong>-a (International Judo Federation).<\/span><\/p>\n<\/div>\n","protected":false},"excerpt":{"rendered":"<p><span style=\"color: #002060;\"><strong>Belo 720g IJF verificirano vrhunsko tekmovalno Judo Kimono znamke Adidas.<\/strong><\/span><\/p>\n","protected":false},"featured_media":80542,"comment_status":"open","ping_status":"closed","template":"","meta":[],"product_brand":[5594],"product_cat":[1049,951,1017,1031,675],"product_tag":[],"class_list":{"0":"post-80537","1":"product","2":"type-product","3":"status-publish","4":"has-post-thumbnail","6":"product_brand-adidas","7":"product_cat-adidas-7","8":"product_cat-adidas-3","9":"product_cat-adidas-5","10":"product_cat-judo-1","11":"product_cat-judo-kimona","12":"pa_velikost-150-cm-sl","13":"pa_velikost-155-cm-sl","14":"pa_velikost-160-cm-sl","15":"pa_velikost-165-cm-sl","16":"pa_velikost-170-cm-sl","17":"pa_velikost-175-cm-sl","18":"pa_velikost-180-cm-sl","19":"pa_velikost-185-cm-sl","20":"pa_velikost-190-cm-sl","21":"pa_velikost-195-cm-sl","23":"first","24":"instock","25":"taxable","26":"shipping-taxable","27":"purchasable","28":"product-type-variable"},"_links":{"self":[{"href":"https:\/\/www.budoshop.si\/sl\/wp-json\/wp\/v2\/product\/80537","targetHints":{"allow":["GET"]}}],"collection":[{"href":"https:\/\/www.budoshop.si\/sl\/wp-json\/wp\/v2\/product"}],"about":[{"href":"https:\/\/www.budoshop.si\/sl\/wp-json\/wp\/v2\/types\/product"}],"replies":[{"embeddable":true,"href":"https:\/\/www.budoshop.si\/sl\/wp-json\/wp\/v2\/comments?post=80537"}],"wp:featuredmedia":[{"embeddable":true,"href":"https:\/\/www.budoshop.si\/sl\/wp-json\/wp\/v2\/media\/80542"}],"wp:attachment":[{"href":"https:\/\/www.budoshop.si\/sl\/wp-json\/wp\/v2\/media?parent=80537"}],"wp:term":[{"taxonomy":"product_brand","embeddable":true,"href":"https:\/\/www.budoshop.si\/sl\/wp-json\/wp\/v2\/product_brand?post=80537"},{"taxonomy":"product_cat","embeddable":true,"href":"https:\/\/www.budoshop.si\/sl\/wp-json\/wp\/v2\/product_cat?post=80537"},{"taxonomy":"product_tag","embeddable":true,"href":"https:\/\/www.budoshop.si\/sl\/wp-json\/wp\/v2\/product_tag?post=80537"}],"curies":[{"name":"wp","href":"https:\/\/api.w.org\/{rel}","templated":true}]}}