{"id":80459,"date":"2018-09-13T06:51:49","date_gmt":"2018-09-13T06:51:49","guid":{"rendered":"https:\/\/budoshop.si\/?product=oblazinjen-fokuser-scit-adidas-iranian-style"},"modified":"2026-04-13T08:59:08","modified_gmt":"2026-04-13T06:59:08","slug":"oblazinjen-fokuser-scit-adidas-iranian-style","status":"publish","type":"product","link":"https:\/\/www.budoshop.si\/sl\/izdelek\/oblazinjen-fokuser-scit-adidas-iranian-style\/","title":{"rendered":"Oblazinjen fokuser \u0161\u010dit &#8221;Adidas IRANIAN STYLE&#8221;"},"content":{"rendered":"<div style=\"text-align: justify;\">\n<p><span style=\"color: #993300; font-size: 15px;\">Ta trenerski oblazinjen fokuser \u0161\u010dit za borilne ve\u0161\u010dine je izdelan iz trpe\u017enega PU3G INNOVATION materiala. To je material, ki zgleda, se ob\u010duti in deluje kot pravo usnje in je izjemno mo\u010dan. Fokuser je polnjen z polymax peno z visoko kompresijo, ki zagotavlja optimalni u\u010dinek absorbacije. \u0160\u010dit je rahlo ukrivljen in ima oglate robove za bolj\u0161o ergonomi\u010dnost. Trije o\u010dajani ro\u010di na zadnji strani zagotavljajo \u010dvrsto in varno dr\u017eanje tudi ob najmo\u010dnej\u0161ih udarcih.<br \/>\n\u010crne barve.<\/span><\/p>\n<p><span style=\"font-size: 15px; color: #993300;\">Primeren za vse vrste borilnih ve\u0161\u010din.<\/span><\/p>\n<p><span style=\"font-size: 15px; color: #993300;\">Mere: cca. 42 x 24 x 9 cm<\/span><\/p>\n<\/div>\n","protected":false},"excerpt":{"rendered":"<p><span style=\"color: #003366;\"><strong>Dimenzije: 42 x 24 x 9 cm<\/strong>.<\/span><\/p>\n","protected":false},"featured_media":111147,"comment_status":"open","ping_status":"closed","template":"","meta":[],"product_brand":[5594],"product_cat":[1043,1033,1029,1039,1041,755,951,1049],"product_tag":[],"class_list":{"0":"post-80459","1":"product","2":"type-product","3":"status-publish","4":"has-post-thumbnail","6":"product_brand-adidas","7":"product_cat-boks-kickbox-tajski-boks-mma","8":"product_cat-ju-jitsujiu-jitsu-1","9":"product_cat-karate-5","10":"product_cat-taekwondo-3","11":"product_cat-tai-chi-kunf-fu-wu-shu-1","12":"product_cat-fokuserji-in-oblazinjeni-scit","13":"product_cat-adidas-3","14":"product_cat-adidas-7","16":"first","17":"outofstock","18":"taxable","19":"shipping-taxable","20":"purchasable","21":"product-type-simple"},"_links":{"self":[{"href":"https:\/\/www.budoshop.si\/sl\/wp-json\/wp\/v2\/product\/80459","targetHints":{"allow":["GET"]}}],"collection":[{"href":"https:\/\/www.budoshop.si\/sl\/wp-json\/wp\/v2\/product"}],"about":[{"href":"https:\/\/www.budoshop.si\/sl\/wp-json\/wp\/v2\/types\/product"}],"replies":[{"embeddable":true,"href":"https:\/\/www.budoshop.si\/sl\/wp-json\/wp\/v2\/comments?post=80459"}],"wp:featuredmedia":[{"embeddable":true,"href":"https:\/\/www.budoshop.si\/sl\/wp-json\/wp\/v2\/media\/111147"}],"wp:attachment":[{"href":"https:\/\/www.budoshop.si\/sl\/wp-json\/wp\/v2\/media?parent=80459"}],"wp:term":[{"taxonomy":"product_brand","embeddable":true,"href":"https:\/\/www.budoshop.si\/sl\/wp-json\/wp\/v2\/product_brand?post=80459"},{"taxonomy":"product_cat","embeddable":true,"href":"https:\/\/www.budoshop.si\/sl\/wp-json\/wp\/v2\/product_cat?post=80459"},{"taxonomy":"product_tag","embeddable":true,"href":"https:\/\/www.budoshop.si\/sl\/wp-json\/wp\/v2\/product_tag?post=80459"}],"curies":[{"name":"wp","href":"https:\/\/api.w.org\/{rel}","templated":true}]}}