{"id":80398,"date":"2018-09-13T06:51:49","date_gmt":"2018-09-13T04:51:49","guid":{"rendered":"https:\/\/budoshop.si\/?product=tigrovi-protibolecinski-oblizi-intenziv"},"modified":"2023-10-13T10:10:42","modified_gmt":"2023-10-13T08:10:42","slug":"tigrovi-protibolecinski-oblizi-intenziv-1","status":"publish","type":"product","link":"https:\/\/www.budoshop.si\/sl\/izdelek\/tigrovi-protibolecinski-oblizi-intenziv-1\/","title":{"rendered":"Tigrovi protibole\u010dinski obli\u017ei INTENZIV"},"content":{"rendered":"<div style=\"text-align: justify;\">\n<p><span style=\"color: #993300; font-size: 15px;\">Tigrovi obli\u017ei so naravno sredstvo za nego telesa in edinstven pripomo\u010dek za sprostitev. So bogati z eteri\u010dnimi olji in izdelan iz skrbno izbranih, kakovostnih in zelo u\u010dinkovitih kitajskih zeli\u0161\u010d. Izdelani so s pomo\u010djo najnovej\u0161e bio tehnologije in po priznani kitajski recepturi. Tigrovi obli\u017ei so tako na podlagi tiso\u010dletne izku\u0161nje nege telesa u\u010dinkovit naravni pripomo\u010dek. Tigrovi protibole\u010dinski obli\u017ei izkori\u0161\u010dajo sinergi\u010dno delovanje naravnih sestavin in s svojo edinstveno kombinacijo eteri\u010dnih olj in izvle\u010dkov mire, ingverja, \u017eafrana, breskve in olibanuma, ko\u017eo v hipu prijetno ohladijo in u\u010dinkovito ubla\u017eijo bole\u010dine vseh vrst, obenem pa izbolj\u0161ajo cirkulacijo, zmanj\u0161ajo otekline ter s tem skraj\u0161ajo zdravljenje. Tipi\u010den vonj mentola in kafre, ki ga imajo Tigrovi protibole\u010dinski obli\u017ei, pa deluje pomirjajo\u010de ter spro\u0161\u010dujo\u010de in prispeva k bolj\u0161emu po\u010dutju. <\/span><\/p>\n<p><span style=\"color: #993300; font-size: 15px;\">Tigrovi protibole\u010dinski obli\u017ei so transdermalni obli\u017ei, kar pomeni, da zdravilne u\u010dinkovine iz obli\u017eev prehajajo enakomerno v telo preko ko\u017ene povrhnjice v njene globlje plasti in nato naprej v krvni obtok. Prav zaradi tega so Tigrovi protibole\u010dinski obli\u017ei v primerjavi z drugimi protibole\u010dinskimi sredstvi, bistveno u\u010dinkovitej\u0161i, varnej\u0161i in enostavnej\u0161i za uporabo.<\/span><\/p>\n<\/div>\n<div style=\"text-align: justify;\"><\/div>\n<div style=\"text-align: justify;\"><span style=\"color: #993300; font-size: 15px;\">Sedaj nova intenzivnej\u0161a receptura!<br \/>\n<\/span><\/div>\n<div style=\"text-align: justify;\">\n<div id=\"item-15807261726790\" class=\"ba-item-text ba-item\">\n<div class=\"content-text\"><\/div>\n<\/div>\n<p><span style=\"color: #993300; font-size: 15px;\">Uporaba: Obli\u017e se nalepi na \u017eeleno obolelo mesto in pusti delovati. 8 ur. Po najve\u010d 8-ih urah se obli\u017e odstrani. \u010ce je potrebno, se po tem \u010dasu lahko nadomesti z novim, vendar z najmanj 24 urnim premorom. \u010ce se potrebujete manj\u0161o velikost, se lahko obli\u017e ustrezno obre\u017ee s \u0161karjami na manj\u0161e kose ali trakove in se ga nato prilepi na obolelo mesto. Neuporabljene obli\u017ee je potrebno hraniti v dobro zaprti vre\u010dki, da se ne izsu\u0161ijo. Obli\u017ea se ne sme uporabljat na ranah, odrgninah in na vnetih mestih, prav tako niso primerni za otroke in nose\u010dnice. <\/span><\/p>\n<p><span style=\"color: #993300; font-size: 15px;\">Velikost posameznega obli\u017ea: 8,5 x 6 cm.<\/span><\/p>\n<p><span style=\"color: #993300; font-size: 15px;\">Sestava: meta, ingver, \u017eafran, mo\u0161us, mira, breskev, olibanum<\/span><\/p>\n<p><span style=\"color: #993300; font-size: 15px;\">Paket vsebuje 4 obli\u017ee, ki se jih po potrebi lahko razre\u017ee na manje kose.<\/span><\/p>\n<\/div>\n","protected":false},"excerpt":{"rendered":"<p><span style=\"color: #002060;\"><strong>Zeli\u0161\u010dni samolepilni tigrovi obli\u017ei za sprostitev z novo intenzivnej\u0161o recepturo.<\/strong><\/span><\/p>\n","protected":false},"featured_media":80401,"comment_status":"open","ping_status":"closed","template":"","meta":[],"product_brand":[],"product_cat":[1035,1043,941,1033,1031,1029,1037,1039,1041],"product_tag":[],"class_list":{"0":"post-80398","1":"product","2":"type-product","3":"status-publish","4":"has-post-thumbnail","6":"product_cat-aikido-kendo-iai-kobudo-1","7":"product_cat-boks-kickbox-tajski-boks-mma","8":"product_cat-budo-lekarna","9":"product_cat-ju-jitsujiu-jitsu-1","10":"product_cat-judo-1","11":"product_cat-karate-5","12":"product_cat-ninjutsu-3","13":"product_cat-taekwondo-3","14":"product_cat-tai-chi-kunf-fu-wu-shu-1","16":"first","17":"instock","18":"taxable","19":"shipping-taxable","20":"purchasable","21":"product-type-simple"},"_links":{"self":[{"href":"https:\/\/www.budoshop.si\/sl\/wp-json\/wp\/v2\/product\/80398","targetHints":{"allow":["GET"]}}],"collection":[{"href":"https:\/\/www.budoshop.si\/sl\/wp-json\/wp\/v2\/product"}],"about":[{"href":"https:\/\/www.budoshop.si\/sl\/wp-json\/wp\/v2\/types\/product"}],"replies":[{"embeddable":true,"href":"https:\/\/www.budoshop.si\/sl\/wp-json\/wp\/v2\/comments?post=80398"}],"wp:featuredmedia":[{"embeddable":true,"href":"https:\/\/www.budoshop.si\/sl\/wp-json\/wp\/v2\/media\/80401"}],"wp:attachment":[{"href":"https:\/\/www.budoshop.si\/sl\/wp-json\/wp\/v2\/media?parent=80398"}],"wp:term":[{"taxonomy":"product_brand","embeddable":true,"href":"https:\/\/www.budoshop.si\/sl\/wp-json\/wp\/v2\/product_brand?post=80398"},{"taxonomy":"product_cat","embeddable":true,"href":"https:\/\/www.budoshop.si\/sl\/wp-json\/wp\/v2\/product_cat?post=80398"},{"taxonomy":"product_tag","embeddable":true,"href":"https:\/\/www.budoshop.si\/sl\/wp-json\/wp\/v2\/product_tag?post=80398"}],"curies":[{"name":"wp","href":"https:\/\/api.w.org\/{rel}","templated":true}]}}