{"id":80287,"date":"2018-09-13T06:51:49","date_gmt":"2018-09-13T04:51:49","guid":{"rendered":"https:\/\/budoshop.si\/?product=otroski-dvojni-fokuser-loparcek-adidas-kids"},"modified":"2023-10-03T10:02:24","modified_gmt":"2023-10-03T08:02:24","slug":"otroski-dvojni-fokuser-loparcek-adidas-kids","status":"publish","type":"product","link":"https:\/\/www.budoshop.si\/sl\/izdelek\/otroski-dvojni-fokuser-loparcek-adidas-kids\/","title":{"rendered":"Otro\u0161ki dvojni fokuser lopar\u010dek &#8221;Adidas KIDS&#8221;"},"content":{"rendered":"<div style=\"text-align: justify;\">\n<p><span style=\"color: #993300; font-size: 15px;\">Fokuser-lopar\u010dki so standardni trening rekvizit za trening udarcev in \u017ee dolgo ne ve\u010d rezervirani samo za praktikante Taekwondo-ja. Danes ta rekvizit uporabljajo vsi praktikanti borilnih ve\u0161\u010din, ki si \u017eelijo izpopolniti tehnike ro\u010dnih in no\u017enih udarcev, blokov itn. ter pobolj\u0161ati svojo preciznost, mo\u010d in hitrost.<br \/>\nTa dvojni Adidas fokuser-lopar\u010dek je zelo trpe\u017een, izdelan iz novega revolucionarnega PU3G materiala in kvalitetne \u010dvrste polnitve. Elasti\u010den zapestni trak, ki je pritrjen na ro\u010daj, nudi zanesljivo in varno dr\u017eanje tekom celotnega treninga. Atraktivne barve z Adidas logotipom in zna\u010dilnimi tremi \u010drtami pa delajo ta rekvizit otrokom \u0161e posebej privla\u010den.<\/span><\/p>\n<p><span style=\"font-size: 15px; color: #993300;\">Velikost: cca 33cm x 16cm<\/span><\/p>\n<p><span style=\"font-size: 15px; color: #993300;\">Na voljo v barvah:<\/span><br \/>\n<span style=\"font-size: 15px; color: #993300;\">&#8211; Rumeno\/rde\u010da<\/span><br \/>\n<span style=\"font-size: 15px; color: #993300;\">&#8211; Zeleno\/\u010drna<\/span><br \/>\n<span style=\"font-size: 15px; color: #993300;\">&#8211; Rde\u010de\/\u010drna<\/span><\/p>\n<\/div>\n","protected":false},"excerpt":{"rendered":"<p><span style=\"color: #002060;\"><strong>Otro\u0161ki Adidas dvojni fokuser lopar\u010dek.<\/strong><\/span><\/p>\n","protected":false},"featured_media":80291,"comment_status":"open","ping_status":"closed","template":"","meta":[],"product_brand":[],"product_cat":[951,1049,1043,1115,1033,1029,1039],"product_tag":[],"class_list":{"0":"post-80287","1":"product","2":"type-product","3":"status-publish","4":"has-post-thumbnail","6":"product_cat-adidas-3","7":"product_cat-adidas-7","8":"product_cat-boks-kickbox-tajski-boks-mma","9":"product_cat-fokuser-loparcki-trenerske-palice","10":"product_cat-ju-jitsujiu-jitsu-1","11":"product_cat-karate-5","12":"product_cat-taekwondo-3","13":"pa_barva-rdece-crn-sl","14":"pa_barva-rumeno-rdec-sl","15":"pa_barva-zelena-crna","17":"first","18":"instock","19":"taxable","20":"shipping-taxable","21":"purchasable","22":"product-type-variable"},"_links":{"self":[{"href":"https:\/\/www.budoshop.si\/sl\/wp-json\/wp\/v2\/product\/80287","targetHints":{"allow":["GET"]}}],"collection":[{"href":"https:\/\/www.budoshop.si\/sl\/wp-json\/wp\/v2\/product"}],"about":[{"href":"https:\/\/www.budoshop.si\/sl\/wp-json\/wp\/v2\/types\/product"}],"replies":[{"embeddable":true,"href":"https:\/\/www.budoshop.si\/sl\/wp-json\/wp\/v2\/comments?post=80287"}],"wp:featuredmedia":[{"embeddable":true,"href":"https:\/\/www.budoshop.si\/sl\/wp-json\/wp\/v2\/media\/80291"}],"wp:attachment":[{"href":"https:\/\/www.budoshop.si\/sl\/wp-json\/wp\/v2\/media?parent=80287"}],"wp:term":[{"taxonomy":"product_brand","embeddable":true,"href":"https:\/\/www.budoshop.si\/sl\/wp-json\/wp\/v2\/product_brand?post=80287"},{"taxonomy":"product_cat","embeddable":true,"href":"https:\/\/www.budoshop.si\/sl\/wp-json\/wp\/v2\/product_cat?post=80287"},{"taxonomy":"product_tag","embeddable":true,"href":"https:\/\/www.budoshop.si\/sl\/wp-json\/wp\/v2\/product_tag?post=80287"}],"curies":[{"name":"wp","href":"https:\/\/api.w.org\/{rel}","templated":true}]}}