{"id":80175,"date":"2018-09-13T06:51:49","date_gmt":"2018-09-13T06:51:49","guid":{"rendered":"https:\/\/budoshop.si\/?product=itf-taekwondo-uniforma-dobok-adidas-student-v-akciji"},"modified":"2026-03-25T14:27:50","modified_gmt":"2026-03-25T13:27:50","slug":"itf-taekwondo-uniforma-dobok-adidas-student-v-akciji","status":"publish","type":"product","link":"https:\/\/www.budoshop.si\/sl\/izdelek\/itf-taekwondo-uniforma-dobok-adidas-student-v-akciji\/","title":{"rendered":"ITF Taekwondo uniforma (Dobok) &#8221;Adidas STUDENT&#8221; &#8211; OUTLET!!!"},"content":{"rendered":"<div style=\"text-align: justify;\">\n<p><span style=\"color: #993300; font-size: 15px;\">ITF Taekwondo obla\u010dilo z belim robom novega vrhunskega dizajna za vse praktikante od belega do rde\u010dega pasu. Izdelano je iz rebrastega polibomba\u017e materiala (90% poliester, 10% bomba\u017e), kar zagotavlja, da se obla\u010dilo hitro su\u0161i, je mehko in udobno ter se me\u010dka manj. Jakna narejena po tradicionalnem ITF kroju s sredinskim zapenjanjem na je\u017eka, hla\u010de z elastiko v pasu in dodatno vrvico pa so udobne in \u0161iroke, da ne ovirajo gibanja. Jakna ima tudi prakti\u010den notranji \u017eep za \u0161\u010ditnik za zobe. Vsi prepoznavni ITF logotipi in Taekwondo napis na hrbtu so VEZENI.<\/span><\/p>\n<p><span style=\"font-size: 15px; color: #993300;\">V kompletu so jakna tradicionalnega ITF kroja, hla\u010de z elastiko ter dodatno vrvico v pasu in bel pas. <\/span><\/p>\n<p><span style=\"font-size: 15px; color: #993300;\"><strong>Ta artikel je odobren iz strani ITF<\/strong>-a (International Taekwondo Federation). <\/span><\/p>\n<p><span style=\"font-size: 15px; color: #993300;\">Vi\u0161ina: 150 cm.<\/span><\/p>\n<p><span style=\"font-size: 10px; color: #993300;\">Pozor! Uniforma ni predprana in se lahko pri prvem pranju skr\u010di za cca. 3 %.<\/span><\/p>\n<\/div>\n","protected":false},"excerpt":{"rendered":"<p><span style=\"color: #002060;\"><strong>ITF Adidas Taekwondo uniforma (Dobok) z belim robom.<\/strong><\/span><\/p>\n","protected":false},"featured_media":80181,"comment_status":"open","ping_status":"closed","template":"","meta":[],"product_brand":[5594],"product_cat":[1049,951,1027,927,955,933,1039],"product_tag":[],"class_list":{"0":"post-80175","1":"product","2":"type-product","3":"status-publish","4":"has-post-thumbnail","6":"product_brand-adidas","7":"product_cat-adidas-7","8":"product_cat-adidas-3","9":"product_cat-v-akciji-2","10":"product_cat-v-akciji","11":"product_cat-itf-taekwondo-1","12":"product_cat-odprodaja","13":"product_cat-taekwondo-3","14":"pa_velikost-120-cm-sl","15":"pa_velikost-130-cm-sl","16":"pa_velikost-140-cm-sl","17":"pa_velikost-150-cm-sl","18":"pa_velikost-160-cm-sl","19":"pa_velikost-170-cm-sl","20":"pa_velikost-180-cm-sl","21":"pa_velikost-190-cm-sl","23":"first","24":"instock","25":"sale","26":"taxable","27":"shipping-taxable","28":"purchasable","29":"product-type-simple"},"_links":{"self":[{"href":"https:\/\/www.budoshop.si\/sl\/wp-json\/wp\/v2\/product\/80175","targetHints":{"allow":["GET"]}}],"collection":[{"href":"https:\/\/www.budoshop.si\/sl\/wp-json\/wp\/v2\/product"}],"about":[{"href":"https:\/\/www.budoshop.si\/sl\/wp-json\/wp\/v2\/types\/product"}],"replies":[{"embeddable":true,"href":"https:\/\/www.budoshop.si\/sl\/wp-json\/wp\/v2\/comments?post=80175"}],"wp:featuredmedia":[{"embeddable":true,"href":"https:\/\/www.budoshop.si\/sl\/wp-json\/wp\/v2\/media\/80181"}],"wp:attachment":[{"href":"https:\/\/www.budoshop.si\/sl\/wp-json\/wp\/v2\/media?parent=80175"}],"wp:term":[{"taxonomy":"product_brand","embeddable":true,"href":"https:\/\/www.budoshop.si\/sl\/wp-json\/wp\/v2\/product_brand?post=80175"},{"taxonomy":"product_cat","embeddable":true,"href":"https:\/\/www.budoshop.si\/sl\/wp-json\/wp\/v2\/product_cat?post=80175"},{"taxonomy":"product_tag","embeddable":true,"href":"https:\/\/www.budoshop.si\/sl\/wp-json\/wp\/v2\/product_tag?post=80175"}],"curies":[{"name":"wp","href":"https:\/\/api.w.org\/{rel}","templated":true}]}}