{"id":79889,"date":"2018-09-13T06:51:49","date_gmt":"2018-09-13T04:51:49","guid":{"rendered":"https:\/\/budoshop.si\/?product=mma-blazine"},"modified":"2024-12-18T12:12:52","modified_gmt":"2024-12-18T11:12:52","slug":"mma-blazine","status":"publish","type":"product","link":"https:\/\/www.budoshop.si\/sl\/izdelek\/mma-blazine\/","title":{"rendered":"MMA blazine"},"content":{"rendered":"<div style=\"text-align: justify;\">\n<p><span style=\"color: #993300; font-size: 15px;\">Ekstremno udobje za ekstremne borce! Popolna novost na tr\u017ei\u0161\u010du!<\/span><\/p>\n<p><span style=\"font-size: 15px; color: #993300;\">Mixed Martial Arts ali MMA je relativno nova disciplina borilnih ve\u0161\u010din a ena najhitreje rasto\u010dih \u0161portov na svetu. Kot takoj\u0161en odziv na to so bili potrebni tudi novi standardi talnega oblazinjenja za posebne potrebe MMA borb. Zato je svetovno znani specialist izdelave \u0161portnih talnih povr\u0161in AGGLOREX razvil izjemne MMA blazine, ki so ko\u017ei prijazne, enostavne za \u010di\u0161\u010denje in ekstremno trajne. MMA borci za svoje potrebe potrebujejo najbolj\u0161e pogoje. To vklju\u010duje tudi borbeno povr\u0161ino, ki omogo\u010dajo ko\u017ei prijazen dotik in na ko\u017ei ne pu\u0161\u010dajo razli\u010dne o\u017eganine zaradi drsanja po njej.<\/span><\/p>\n<p><span style=\"font-size: 15px; color: #993300;\">Za razliko od politilenskih rol ali puzzle blazin, ki so se sicer do sedaj uporabljale za MMA bori\u0161\u010da, je \u017eivljenjska doba AGGLOREX MMA blazin kar 4x dalj\u0161a, imajo dvojno mo\u010d \u0161ok vpojnosti, so gladke a ne drsijo, ne o\u017eigajo ko\u017ee ob dotiku, za postavitev ni potrebnega nikakr\u0161nega traku ali je\u017eka in ohranjajo svojo originalno obliko ter udobnost.<\/span><\/p>\n<p><span style=\"font-size: 15px; color: #993300;\">Povr\u0161ina AGGLOREX MMA blazine je gladka in jo je zato enostavno \u010distiti. Njena pri\u010dakovana \u017eivljenjska doba je, glede na intenziteto MMA uporabe, kar 15 let!<\/span><\/p>\n<p><span style=\"font-size: 15px; color: #993300;\">Za izdelavo so uporabljeni najbolj\u0161i mo\u017eni materiali in najmodernej\u0161i stroji z najbolj naprednej\u0161imi in izpopolnjenimi tehnikami izdelave, ki jih lahko zagotavlja samo AGGLOREX.<\/span><\/p>\n<p><span style=\"font-size: 15px; color: #993300;\">Izredno primerne tudi za BJJ (Brazilian Jiu Jitsu), rokoborbo in podobne \u0161porte.<\/span><\/p>\n<p><span style=\"font-size: 15px; color: #993300;\">Dimenzije:<\/span><br \/>\n<span style=\"font-size: 15px; color: #993300;\">&#8211; 100 x 100 x 4 cm<\/span><\/p>\n<\/div>\n<div style=\"text-align: justify;\"><span style=\"color: #993300; font-size: 15px;\">&#8211; 100 x 100 x 5 cm<\/span><\/div>\n<div style=\"text-align: justify;\"><span style=\"color: #993300; font-size: 15px;\">&#8211; 200 x 100 x 4 cm<\/span><\/div>\n<div style=\"text-align: justify;\">\n<p><span style=\"color: #993300; font-size: 15px;\">&#8211; 200 x 100 x 5 cm<\/span><\/p>\n<p><span style=\"font-size: 15px; color: #993300;\">Barve: modra, siva, rde\u010da ali \u010drna<\/span><\/p>\n<p><span style=\"font-size: 15px; color: #993300;\">Made in EU!<\/span><\/p>\n<\/div>\n<div style=\"text-align: justify;\"><\/div>\n<div style=\"text-align: justify;\"><span style=\"font-size: 15px; color: #993300;\"><br \/>\n<span style=\"font-size: 11px;\">Opomba: Artikel se dobavlja po naro\u010dilu zato se pred naro\u010dilom pozanimajte o dobavljivosti in stro\u0161ku dostave.<\/span><\/span><br \/>\n&nbsp;<\/p>\n<\/div>\n","protected":false},"excerpt":{"rendered":"<p><span style=\"color: #002060;\"><strong>Ko\u017ei prijazne, enostavne za \u010di\u0161\u010denje in izjemno odporne MMA blazine.<\/strong><\/span><\/p>\n","protected":false},"featured_media":79894,"comment_status":"open","ping_status":"closed","template":"","meta":[],"product_brand":[],"product_cat":[989,1067,1043,743],"product_tag":[],"class_list":{"0":"post-79889","1":"product","2":"type-product","3":"status-publish","4":"has-post-thumbnail","6":"product_cat-agglorex-1","7":"product_cat-agglorex-3","8":"product_cat-boks-kickbox-tajski-boks-mma","9":"product_cat-tatami-blazine","10":"pa_barva-crne-barve-sl-2","11":"pa_barva-modre-barve-sl","12":"pa_barva-rdeca-barva-sl-2","13":"pa_barva-siva-sl","14":"pa_dimenzije-100-x-100-x-4-cm-sl","15":"pa_dimenzije-100-x-100-x-5-cm-sl","16":"pa_dimenzije-200-x-100-x-4-cm-sl","17":"pa_dimenzije-200-x-100-x-5-cm-sl","19":"first","20":"instock","21":"taxable","22":"shipping-taxable","23":"purchasable","24":"product-type-variable"},"_links":{"self":[{"href":"https:\/\/www.budoshop.si\/sl\/wp-json\/wp\/v2\/product\/79889","targetHints":{"allow":["GET"]}}],"collection":[{"href":"https:\/\/www.budoshop.si\/sl\/wp-json\/wp\/v2\/product"}],"about":[{"href":"https:\/\/www.budoshop.si\/sl\/wp-json\/wp\/v2\/types\/product"}],"replies":[{"embeddable":true,"href":"https:\/\/www.budoshop.si\/sl\/wp-json\/wp\/v2\/comments?post=79889"}],"wp:featuredmedia":[{"embeddable":true,"href":"https:\/\/www.budoshop.si\/sl\/wp-json\/wp\/v2\/media\/79894"}],"wp:attachment":[{"href":"https:\/\/www.budoshop.si\/sl\/wp-json\/wp\/v2\/media?parent=79889"}],"wp:term":[{"taxonomy":"product_brand","embeddable":true,"href":"https:\/\/www.budoshop.si\/sl\/wp-json\/wp\/v2\/product_brand?post=79889"},{"taxonomy":"product_cat","embeddable":true,"href":"https:\/\/www.budoshop.si\/sl\/wp-json\/wp\/v2\/product_cat?post=79889"},{"taxonomy":"product_tag","embeddable":true,"href":"https:\/\/www.budoshop.si\/sl\/wp-json\/wp\/v2\/product_tag?post=79889"}],"curies":[{"name":"wp","href":"https:\/\/api.w.org\/{rel}","templated":true}]}}