{"id":79786,"date":"2018-09-13T06:51:49","date_gmt":"2018-09-13T06:51:49","guid":{"rendered":"https:\/\/budoshop.si\/?product=stenska-boksarska-vreca"},"modified":"2026-04-02T08:22:31","modified_gmt":"2026-04-02T06:22:31","slug":"stenska-boksarska-vreca","status":"publish","type":"product","link":"https:\/\/www.budoshop.si\/sl\/izdelek\/stenska-boksarska-vreca\/","title":{"rendered":"Stenska boksarska vre\u010da"},"content":{"rendered":"<div style=\"text-align: justify;\"><span style=\"color: #993300; font-size: 15px;\">Stenske boksarske vre\u010de so odli\u010dne za vadbo, razvijanje in izbolj\u0161evanje vseh vrst udarcev z roko ali nogo, \u0161e posebej pa so idealne za vadbo kro\u0161ejev, aperkatov in drugih kro\u017enih udarcev kot tudi udarcev s komolci in koleni ter drugimi udarci, ki jih izvajajo boksarji in\/ali MMA ter Muay Thai borci. Vre\u010da ima izbo\u010den in nagnjen zgornji del ter raz\u0161irjen spodnji del, ki predstavlja trup. Izdelana je iz kvalitetnega sinteti\u010dnega usnja ter polnjena z izredno kompaktno peno. Ve\u010dkratni \u0161ivi omogo\u010dajo profesionalno rabo, posebna oblazinjene fokus to\u010dke pa nudijo trening natan\u010dnosti.<br \/>\nVre\u010do se na zid pritrdi z mo\u010dnim zadnjim kovinskim obro\u010dem in se ga lahko pritrja na lesene ali zidane stene. Kot taka je idealna za vse telovadnice in klube ali kot alternativa vsem tistim, ki doma nimajo mo\u017enosti montirati vise\u010de vre\u010de. Vklju\u010dno z vijaki za montiranje.<br \/>\n<\/span><\/div>\n<div style=\"text-align: justify;\">\n<p><span style=\"color: #993300; font-size: 15px;\"><br \/>\n\u010crno-bele barve.<\/span><\/p>\n<p><span style=\"font-size: 15px; color: #993300;\">Mere:<\/span><br \/>\n<span style=\"font-size: 15px; color: #993300;\">Vi\u0161ina: 70 cm<\/span><br \/>\n<span style=\"font-size: 15px; color: #993300;\">\u0160irina: 35 cm<\/span><br \/>\n<span style=\"font-size: 15px; color: #993300;\">Debelina: 40 cm (zgoraj), 21 cm cm (spodaj)<\/span><\/p>\n<\/div>\n","protected":false},"excerpt":{"rendered":"<p><span style=\"color: #002060;\"><strong>Posebna boksarska vre\u010da, ki se jo pritrdi na zid.<\/strong><\/span><\/p>\n","protected":false},"featured_media":79791,"comment_status":"open","ping_status":"closed","template":"","meta":[],"product_brand":[5596],"product_cat":[1043,755,1029,983,1061,749,867,865],"product_tag":[],"class_list":{"0":"post-79786","1":"product","2":"type-product","3":"status-publish","4":"has-post-thumbnail","6":"product_brand-kwon","7":"product_cat-boks-kickbox-tajski-boks-mma","8":"product_cat-fokuserji-in-oblazinjeni-scit","9":"product_cat-karate-5","10":"product_cat-kwon-3","11":"product_cat-kwon-5","12":"product_cat-makiware-1","13":"product_cat-samostojece-vrece","14":"product_cat-visece-vrece","16":"first","17":"onbackorder","18":"taxable","19":"shipping-taxable","20":"purchasable","21":"product-type-simple"},"_links":{"self":[{"href":"https:\/\/www.budoshop.si\/sl\/wp-json\/wp\/v2\/product\/79786","targetHints":{"allow":["GET"]}}],"collection":[{"href":"https:\/\/www.budoshop.si\/sl\/wp-json\/wp\/v2\/product"}],"about":[{"href":"https:\/\/www.budoshop.si\/sl\/wp-json\/wp\/v2\/types\/product"}],"replies":[{"embeddable":true,"href":"https:\/\/www.budoshop.si\/sl\/wp-json\/wp\/v2\/comments?post=79786"}],"wp:featuredmedia":[{"embeddable":true,"href":"https:\/\/www.budoshop.si\/sl\/wp-json\/wp\/v2\/media\/79791"}],"wp:attachment":[{"href":"https:\/\/www.budoshop.si\/sl\/wp-json\/wp\/v2\/media?parent=79786"}],"wp:term":[{"taxonomy":"product_brand","embeddable":true,"href":"https:\/\/www.budoshop.si\/sl\/wp-json\/wp\/v2\/product_brand?post=79786"},{"taxonomy":"product_cat","embeddable":true,"href":"https:\/\/www.budoshop.si\/sl\/wp-json\/wp\/v2\/product_cat?post=79786"},{"taxonomy":"product_tag","embeddable":true,"href":"https:\/\/www.budoshop.si\/sl\/wp-json\/wp\/v2\/product_tag?post=79786"}],"curies":[{"name":"wp","href":"https:\/\/api.w.org\/{rel}","templated":true}]}}