{"id":79669,"date":"2018-09-13T06:51:49","date_gmt":"2018-09-13T06:51:49","guid":{"rendered":"https:\/\/budoshop.si\/?product=rdece-bel-judo-pas-obi-shihan"},"modified":"2026-03-02T12:41:08","modified_gmt":"2026-03-02T11:41:08","slug":"rdece-bel-judo-pas-obi-shihan","status":"publish","type":"product","link":"https:\/\/www.budoshop.si\/sl\/izdelek\/rdece-bel-judo-pas-obi-shihan\/","title":{"rendered":"Rde\u010de-bel Judo pas &#8221;Obi SHIHAN&#8221; &#8211; V AKCIJI!!!"},"content":{"rendered":"<p style=\"text-align: justify;\"><span style=\"font-size: 15px;\"><span style=\"color: #c00000;\">Vrhunski mojstrski rde\u010de-beli Judo pas znamke Adidas, namenjen mojstrom stopnje 6. Dan in ve\u010d. Narejen iz 100% bomba\u017ea najbolj\u0161e kvalitete ter zelo obstojne barve in kar 9-krat pre\u0161it. \u0160irine 4,5 cm.<br \/>\n<\/span> <\/span><\/p>\n<p style=\"text-align: justify;\"><span style=\"color: #c00000; font-size: 15px;\">Dol\u017eine: 300 &#8211; 320 &#8211; 340 cm<\/span><\/p>\n","protected":false},"excerpt":{"rendered":"<p><span style=\"color: #002060;\"><strong>Adidas mojstrski Judo pas za 6. Dan in ve\u010d.<\/strong><\/span><\/p>\n","protected":false},"featured_media":79674,"comment_status":"open","ping_status":"closed","template":"","meta":[],"product_brand":[5594],"product_cat":[1049,951,1035,1027,1033,1031,1029,861],"product_tag":[],"class_list":{"0":"post-79669","1":"product","2":"type-product","3":"status-publish","4":"has-post-thumbnail","6":"product_brand-adidas","7":"product_cat-adidas-7","8":"product_cat-adidas-3","9":"product_cat-aikido-kendo-iai-kobudo-1","10":"product_cat-v-akciji-2","11":"product_cat-ju-jitsujiu-jitsu-1","12":"product_cat-judo-1","13":"product_cat-karate-5","14":"product_cat-mojstrski-pasovi","15":"pa_dolzina-300-cm-sl","16":"pa_dolzina-320-cm-sl","17":"pa_dolzina-340-cm","19":"first","20":"instock","21":"sale","22":"taxable","23":"shipping-taxable","24":"purchasable","25":"product-type-variable"},"_links":{"self":[{"href":"https:\/\/www.budoshop.si\/sl\/wp-json\/wp\/v2\/product\/79669","targetHints":{"allow":["GET"]}}],"collection":[{"href":"https:\/\/www.budoshop.si\/sl\/wp-json\/wp\/v2\/product"}],"about":[{"href":"https:\/\/www.budoshop.si\/sl\/wp-json\/wp\/v2\/types\/product"}],"replies":[{"embeddable":true,"href":"https:\/\/www.budoshop.si\/sl\/wp-json\/wp\/v2\/comments?post=79669"}],"wp:featuredmedia":[{"embeddable":true,"href":"https:\/\/www.budoshop.si\/sl\/wp-json\/wp\/v2\/media\/79674"}],"wp:attachment":[{"href":"https:\/\/www.budoshop.si\/sl\/wp-json\/wp\/v2\/media?parent=79669"}],"wp:term":[{"taxonomy":"product_brand","embeddable":true,"href":"https:\/\/www.budoshop.si\/sl\/wp-json\/wp\/v2\/product_brand?post=79669"},{"taxonomy":"product_cat","embeddable":true,"href":"https:\/\/www.budoshop.si\/sl\/wp-json\/wp\/v2\/product_cat?post=79669"},{"taxonomy":"product_tag","embeddable":true,"href":"https:\/\/www.budoshop.si\/sl\/wp-json\/wp\/v2\/product_tag?post=79669"}],"curies":[{"name":"wp","href":"https:\/\/api.w.org\/{rel}","templated":true}]}}