{"id":79562,"date":"2018-09-13T06:51:49","date_gmt":"2018-09-13T06:51:49","guid":{"rendered":"https:\/\/budoshop.si\/?product=taekwondo-uniforma-dobok-adi-start"},"modified":"2026-01-10T11:30:17","modified_gmt":"2026-01-10T10:30:17","slug":"taekwondo-uniforma-dobok-adi-start","status":"publish","type":"product","link":"https:\/\/www.budoshop.si\/sl\/izdelek\/taekwondo-uniforma-dobok-adi-start\/","title":{"rendered":"Taekwondo uniforma (Dobok) &#8221;ADI-START&#8221;"},"content":{"rendered":"<div style=\"text-align: justify;\">\n<p><span style=\"color: #993300; font-size: 15px;\">To WT verifificirano Taekwondo obla\u010dilo je popolna izbira vseh novih praktikantov Taekwondo-ja, tako otok in najstnikov kot odraslih. Taekwondo uniforma je ekonomi\u010dna in prakti\u010dna in izredno dobre kvalitete. Izdelana je iz rebrastega polibomba\u017e materiala (80% poliester\/20% bomba\u017e), kar zagotavlja, da se ne lepi na ko\u017eo, se hitro su\u0161i, je mehak, se ne me\u010dka in se kr\u010di manj. Primerno za redne Taekwondo treninge in vsa tekmovanja.<\/span><\/p>\n<p><span style=\"font-size: 15px; color: #993300;\">V kompletu so jakna z belim V izrezom, hla\u010de z elastiko v pasu in bel pas. <\/span><\/p>\n<p><span style=\"font-size: 15px; color: #993300;\"><strong>Ta artikel je odobren iz strani WT<\/strong>-ja (World Taekwondo Federation). <\/span><\/p>\n<p><span style=\"font-size: 15px; color: #993300;\">Vi\u0161ina: 110 \u2013 190 cm (na 10 cm).<\/span><\/p>\n<p><span style=\"font-size: 10px; color: #993300;\">Pozor! Uniforma ni predprana in se lahko pri prvem pranju skr\u010di za cca. 3 %.<\/span><\/p>\n<\/div>\n","protected":false},"excerpt":{"rendered":"<p><span style=\"color: #002060;\"><strong>WT verificiran Adidas Taekwondo uniforma (Dobok) za za\u010detnike.<\/strong><\/span><\/p>\n","protected":false},"featured_media":109770,"comment_status":"open","ping_status":"closed","template":"","meta":[],"product_brand":[5594],"product_cat":[1049,951,1039,943],"product_tag":[],"class_list":{"0":"post-79562","1":"product","2":"type-product","3":"status-publish","4":"has-post-thumbnail","6":"product_brand-adidas","7":"product_cat-adidas-7","8":"product_cat-adidas-3","9":"product_cat-taekwondo-3","10":"product_cat-wt-taekwondo-1","11":"pa_velikost-110-cm-sl","12":"pa_velikost-120-cm-sl","13":"pa_velikost-130-cm-sl","14":"pa_velikost-140-cm-sl","15":"pa_velikost-150-cm-sl","16":"pa_velikost-160-cm-sl","17":"pa_velikost-170-cm-sl","18":"pa_velikost-180-cm-sl","19":"pa_velikost-190-cm-sl","21":"first","22":"instock","23":"taxable","24":"shipping-taxable","25":"purchasable","26":"product-type-variable"},"_links":{"self":[{"href":"https:\/\/www.budoshop.si\/sl\/wp-json\/wp\/v2\/product\/79562","targetHints":{"allow":["GET"]}}],"collection":[{"href":"https:\/\/www.budoshop.si\/sl\/wp-json\/wp\/v2\/product"}],"about":[{"href":"https:\/\/www.budoshop.si\/sl\/wp-json\/wp\/v2\/types\/product"}],"replies":[{"embeddable":true,"href":"https:\/\/www.budoshop.si\/sl\/wp-json\/wp\/v2\/comments?post=79562"}],"wp:featuredmedia":[{"embeddable":true,"href":"https:\/\/www.budoshop.si\/sl\/wp-json\/wp\/v2\/media\/109770"}],"wp:attachment":[{"href":"https:\/\/www.budoshop.si\/sl\/wp-json\/wp\/v2\/media?parent=79562"}],"wp:term":[{"taxonomy":"product_brand","embeddable":true,"href":"https:\/\/www.budoshop.si\/sl\/wp-json\/wp\/v2\/product_brand?post=79562"},{"taxonomy":"product_cat","embeddable":true,"href":"https:\/\/www.budoshop.si\/sl\/wp-json\/wp\/v2\/product_cat?post=79562"},{"taxonomy":"product_tag","embeddable":true,"href":"https:\/\/www.budoshop.si\/sl\/wp-json\/wp\/v2\/product_tag?post=79562"}],"curies":[{"name":"wp","href":"https:\/\/api.w.org\/{rel}","templated":true}]}}