{"id":79533,"date":"2018-09-13T06:51:49","date_gmt":"2018-09-13T04:51:49","guid":{"rendered":"https:\/\/budoshop.si\/?product=japonski-zen"},"modified":"2024-02-13T12:51:08","modified_gmt":"2024-02-13T11:51:08","slug":"japonski-zen","status":"publish","type":"product","link":"https:\/\/www.budoshop.si\/sl\/izdelek\/japonski-zen\/","title":{"rendered":"Japonski Zen"},"content":{"rendered":"<div style=\"text-align: justify;\">\n<p><span style=\"color: #993300; font-size: 15px;\">V \u010detrti knjigi svoje zbirke Kratka zgodovina zena avtor bralca natan\u010dno pou\u010di, kako mora meditirati, obenem pa prika\u017ee tudi prihod zenovskega u\u010denja na Japonsko in njegove najpomembnej\u0161e japonske patriarhe zena, ki so nadaljevali \u017eivo predajo Budovega pe\u010data razsvetljenja.<br \/>\nZen sicer nima nobenih posebnih doktrin ali filozofije, niti zbirk konceptov ali pa intelektualnih ena\u010db, ima pa posebne intuitivne postopke razumevanja. \u010ce ga ho\u010demo dojeti, moramo zen \u017eiveti, kajti le z meditacijo lahko preoblikujemo na\u0161o vsakdanjo zavest in dose\u017eemo vi\u0161jo stopnjo zavedanja. Ker pa smo v stanju razsvetljenja \u017ee od vselej, zenovska meditacija (zazen) ni pot, ki vodi k razsvetljenju, temve\u010d verska praksa v stanju razsvetljenja, namre\u010d vedra meditacija, ki jo je Buda izvajal po razsvetljenju. Zazen sam je namre\u010d budovstvo in je torej praksa Bude, tisti, ki se z njim ukvarjajo, pa so bude.<\/span><\/p>\n<p><span style=\"font-size: 15px; color: #993300;\">216 strani, mehka vezava<\/span><\/p>\n<\/div>\n","protected":false},"excerpt":{"rendered":"<p><strong><span style=\"color: #002060;\">Avtor: Peter AMALIETTI<\/span><\/strong><\/p>\n","protected":false},"featured_media":79538,"comment_status":"open","ping_status":"closed","template":"","meta":[],"product_brand":[],"product_cat":[1035,1043,1033,1031,1029,777,1037,1039,1041],"product_tag":[],"class_list":{"0":"post-79533","1":"product","2":"type-product","3":"status-publish","4":"has-post-thumbnail","6":"product_cat-aikido-kendo-iai-kobudo-1","7":"product_cat-boks-kickbox-tajski-boks-mma","8":"product_cat-ju-jitsujiu-jitsu-1","9":"product_cat-judo-1","10":"product_cat-karate-5","11":"product_cat-knjige-v-slovenscini","12":"product_cat-ninjutsu-3","13":"product_cat-taekwondo-3","14":"product_cat-tai-chi-kunf-fu-wu-shu-1","16":"first","17":"instock","18":"taxable","19":"shipping-taxable","20":"purchasable","21":"product-type-simple"},"_links":{"self":[{"href":"https:\/\/www.budoshop.si\/sl\/wp-json\/wp\/v2\/product\/79533","targetHints":{"allow":["GET"]}}],"collection":[{"href":"https:\/\/www.budoshop.si\/sl\/wp-json\/wp\/v2\/product"}],"about":[{"href":"https:\/\/www.budoshop.si\/sl\/wp-json\/wp\/v2\/types\/product"}],"replies":[{"embeddable":true,"href":"https:\/\/www.budoshop.si\/sl\/wp-json\/wp\/v2\/comments?post=79533"}],"wp:featuredmedia":[{"embeddable":true,"href":"https:\/\/www.budoshop.si\/sl\/wp-json\/wp\/v2\/media\/79538"}],"wp:attachment":[{"href":"https:\/\/www.budoshop.si\/sl\/wp-json\/wp\/v2\/media?parent=79533"}],"wp:term":[{"taxonomy":"product_brand","embeddable":true,"href":"https:\/\/www.budoshop.si\/sl\/wp-json\/wp\/v2\/product_brand?post=79533"},{"taxonomy":"product_cat","embeddable":true,"href":"https:\/\/www.budoshop.si\/sl\/wp-json\/wp\/v2\/product_cat?post=79533"},{"taxonomy":"product_tag","embeddable":true,"href":"https:\/\/www.budoshop.si\/sl\/wp-json\/wp\/v2\/product_tag?post=79533"}],"curies":[{"name":"wp","href":"https:\/\/api.w.org\/{rel}","templated":true}]}}