{"id":79418,"date":"2018-09-13T06:51:49","date_gmt":"2018-09-13T04:51:49","guid":{"rendered":"https:\/\/budoshop.si\/?product=zen-qi-gong-oblacilo"},"modified":"2023-09-22T17:40:41","modified_gmt":"2023-09-22T15:40:41","slug":"zen-qi-gong-oblacilo","status":"publish","type":"product","link":"https:\/\/www.budoshop.si\/sl\/izdelek\/zen-qi-gong-oblacilo\/","title":{"rendered":"ZEN \/ QI GONG obla\u010dilo"},"content":{"rendered":"<p style=\"text-align: justify;\"><span style=\"color: #c00000; font-size: 15px;\">Posebno obla\u010dilo namenjeno vajam meditacije in\/ali Qi Gong-u. \u0160irok kroj omogo\u010da popolno svobodo gibanja. Izredno udobne hla\u010de s posebno srednje mo\u010dno elastiko v pasu.<\/span><\/p>\n<p style=\"text-align: justify;\"><span style=\"color: #c00000; font-size: 15px;\">Obla\u010dilo je izdelano iz lahkotnega poli-bomba\u017ea (65% poliester\/35% bomba\u017e) z mehkimi zaklju\u010dki.<br \/>\nPrimerno tudi kot vsakdanje doma\u010de obla\u010dilo ali vadbo borilnih ve\u0161\u010din.<\/span><\/p>\n<p style=\"text-align: justify;\"><span style=\"color: #c00000; font-size: 15px;\">Temno modre barve. <\/span><\/p>\n<p style=\"text-align: justify;\"><span style=\"color: #c00000; font-size: 15px;\">Velikosti: S &#8211; M \u2013 L &#8211; XL<\/span><\/p>\n","protected":false},"excerpt":{"rendered":"<p><span style=\"color: #002060;\"><strong>Obla\u010dilo za meditacijo, Zen in\/ali Qi Gong.<\/strong><\/span><\/p>\n","protected":false},"featured_media":79422,"comment_status":"open","ping_status":"closed","template":"","meta":[],"product_brand":[],"product_cat":[681,1035,1063,985,679,1037,939,685,1041],"product_tag":[],"class_list":{"0":"post-79418","1":"product","2":"type-product","3":"status-publish","4":"has-post-thumbnail","6":"product_cat-aikido-kendo-oblacila","7":"product_cat-aikido-kendo-iai-kobudo-1","8":"product_cat-danhro-1","9":"product_cat-danrho-1","10":"product_cat-kung-fu-tai-chi-uniforme","11":"product_cat-ninjutsu-3","12":"product_cat-ninjutsu-oblacila","13":"product_cat-ostalo","14":"product_cat-tai-chi-kunf-fu-wu-shu-1","15":"pa_velikost-l-sl-2","16":"pa_velikost-m-sl-2","17":"pa_velikost-s-sl-2","18":"pa_velikost-xl-sl","20":"first","21":"instock","22":"taxable","23":"shipping-taxable","24":"purchasable","25":"product-type-variable"},"_links":{"self":[{"href":"https:\/\/www.budoshop.si\/sl\/wp-json\/wp\/v2\/product\/79418","targetHints":{"allow":["GET"]}}],"collection":[{"href":"https:\/\/www.budoshop.si\/sl\/wp-json\/wp\/v2\/product"}],"about":[{"href":"https:\/\/www.budoshop.si\/sl\/wp-json\/wp\/v2\/types\/product"}],"replies":[{"embeddable":true,"href":"https:\/\/www.budoshop.si\/sl\/wp-json\/wp\/v2\/comments?post=79418"}],"wp:featuredmedia":[{"embeddable":true,"href":"https:\/\/www.budoshop.si\/sl\/wp-json\/wp\/v2\/media\/79422"}],"wp:attachment":[{"href":"https:\/\/www.budoshop.si\/sl\/wp-json\/wp\/v2\/media?parent=79418"}],"wp:term":[{"taxonomy":"product_brand","embeddable":true,"href":"https:\/\/www.budoshop.si\/sl\/wp-json\/wp\/v2\/product_brand?post=79418"},{"taxonomy":"product_cat","embeddable":true,"href":"https:\/\/www.budoshop.si\/sl\/wp-json\/wp\/v2\/product_cat?post=79418"},{"taxonomy":"product_tag","embeddable":true,"href":"https:\/\/www.budoshop.si\/sl\/wp-json\/wp\/v2\/product_tag?post=79418"}],"curies":[{"name":"wp","href":"https:\/\/api.w.org\/{rel}","templated":true}]}}