{"id":79391,"date":"2018-09-13T06:51:49","date_gmt":"2018-09-13T06:51:49","guid":{"rendered":"https:\/\/budoshop.si\/?product=trening-lutka-za-borilne-vescine-canvas"},"modified":"2025-07-24T09:42:46","modified_gmt":"2025-07-24T07:42:46","slug":"trening-lutka-za-borilne-vescine-canvas","status":"publish","type":"product","link":"https:\/\/www.budoshop.si\/sl\/izdelek\/trening-lutka-za-borilne-vescine-canvas\/","title":{"rendered":"Lahka trening lutka za borilne ve\u0161\u010dine &#8221;CANVAS&#8221;"},"content":{"rendered":"<div style=\"text-align: justify;\">\n<p><span style=\"color: #993300; font-size: 15px;\">Trening lutka za borilne ve\u0161\u010dine je odli\u010den pripomo\u010dek za vse praktikante ve\u0161\u010din kot so Judo, Jujutsu, BJJ, MMA, rokoborba in drugih ter <span class=\"HwtZe\" lang=\"sl\"><span class=\"jCAhz ChMk0b\"><span class=\"ryNqvb\">posebej zasnovan za najstnike, \u017eenske in starej\u0161e<\/span><\/span><\/span>. Je odli\u010den pri vadbi tehnik metanj, vzvodov, davljen itd. Ni ob\u010dutljiv na bole\u010dino, se nikoli ne prito\u017euje in je pripravljen na &#8216;akcijo&#8217; kadarkoli si to za\u017eelimo.<br \/>\nLutka je izdelana iz krepkega, visoko kvalitetnega canvas platna in polnjena s la\u017ejim notranjim materialom. Z imitacijo usnja na predelu ramen in na dnu. Natan\u010dna izdelava zagotavlja dolgo \u017eivljenjsko dobo tudi pri najmo\u010dnej\u0161ih vadbah.<br \/>\nBelo-rde\u010de barve.<\/span><\/p>\n<p><span style=\"font-size: 15px; color: #993300;\">Vi\u0161ina: cca. 160 cm<\/span><br \/>\n<span style=\"font-size: 15px; color: #993300;\">Te\u017ea: cca. 12 kg<\/span><br \/>\n<span style=\"font-size: 15px; color: #993300;\">Ramenska \u0161irina: cca. 30 cm<\/span><\/p>\n<\/div>\n<p>&nbsp;<\/p>\n<p>&nbsp;<\/p>\n<p><span style=\"color: #993300; font-size: small;\"><span style=\"font-size: 11px;\">Opomba: Artikel se dobavlja po naro\u010dilu zato se pred naro\u010dilom pozanimajte o dobavljivosti in stro\u0161ku dostave.<\/span><br \/>\n<\/span><\/p>\n<div style=\"text-align: justify;\"><\/div>\n","protected":false},"excerpt":{"rendered":"<p><span style=\"color: #002060;\"><strong>Iz canvas platna izdelana trening lutka za borilne ve\u0161\u010dine.<\/strong><\/span><\/p>\n","protected":false},"featured_media":113845,"comment_status":"open","ping_status":"closed","template":"","meta":[],"product_brand":[],"product_cat":[1043,1063,985,1033,1031,1089],"product_tag":[],"class_list":{"0":"post-79391","1":"product","2":"type-product","3":"status-publish","4":"has-post-thumbnail","6":"product_cat-boks-kickbox-tajski-boks-mma","7":"product_cat-danhro-1","8":"product_cat-danrho-1","9":"product_cat-ju-jitsujiu-jitsu-1","10":"product_cat-judo-1","11":"product_cat-trening-lutke","13":"first","14":"instock","15":"taxable","16":"shipping-taxable","17":"purchasable","18":"product-type-simple"},"_links":{"self":[{"href":"https:\/\/www.budoshop.si\/sl\/wp-json\/wp\/v2\/product\/79391","targetHints":{"allow":["GET"]}}],"collection":[{"href":"https:\/\/www.budoshop.si\/sl\/wp-json\/wp\/v2\/product"}],"about":[{"href":"https:\/\/www.budoshop.si\/sl\/wp-json\/wp\/v2\/types\/product"}],"replies":[{"embeddable":true,"href":"https:\/\/www.budoshop.si\/sl\/wp-json\/wp\/v2\/comments?post=79391"}],"wp:featuredmedia":[{"embeddable":true,"href":"https:\/\/www.budoshop.si\/sl\/wp-json\/wp\/v2\/media\/113845"}],"wp:attachment":[{"href":"https:\/\/www.budoshop.si\/sl\/wp-json\/wp\/v2\/media?parent=79391"}],"wp:term":[{"taxonomy":"product_brand","embeddable":true,"href":"https:\/\/www.budoshop.si\/sl\/wp-json\/wp\/v2\/product_brand?post=79391"},{"taxonomy":"product_cat","embeddable":true,"href":"https:\/\/www.budoshop.si\/sl\/wp-json\/wp\/v2\/product_cat?post=79391"},{"taxonomy":"product_tag","embeddable":true,"href":"https:\/\/www.budoshop.si\/sl\/wp-json\/wp\/v2\/product_tag?post=79391"}],"curies":[{"name":"wp","href":"https:\/\/api.w.org\/{rel}","templated":true}]}}