{"id":79201,"date":"2018-09-13T06:51:49","date_gmt":"2018-09-13T06:51:49","guid":{"rendered":"https:\/\/budoshop.si\/?product=ju-jitsu-rokavice-ju-jitsu"},"modified":"2026-01-12T08:39:07","modified_gmt":"2026-01-12T07:39:07","slug":"ju-jitsu-rokavice-ju-jitsu","status":"publish","type":"product","link":"https:\/\/www.budoshop.si\/sl\/izdelek\/ju-jitsu-rokavice-ju-jitsu\/","title":{"rendered":"Ju-jitsu rokavice &#8221;JU JITSU&#8221;"},"content":{"rendered":"<div style=\"text-align: justify;\"><span style=\"font-size: 15px; color: #993300;\">Te tekmovalne JUJITSU rokavice so namenjene posebej Ju-jitsu praktikantom saj so narejene tako, da odli\u010dno \u0161\u010ditijo pesti in hkrati omogo\u010dajo odli\u010dno mo\u017enost prijemanja in lovljenja med grabljenjem.<br \/>\nRokavice Jujitsu so izdelane iz kombinacije pravega in umetnega usnja in polnjene s posebno oblikovano peno. Elasti\u010dne zanke za vsak prst posebej in \u0161ir\u0161a elasti\u010dna zanka za sredino dlani, da se rokavica odli\u010dno prilega dlani. Rokavice se zapenjajo s \u0161irokim elasti\u010dnim pasom, ki ga ovijemo okrog zapestja in pritrdimo z je\u017ekom kar nudi dobro prilagodljivost, trden oprijem in enostavno ter hitro in enostavno natikanje ter snemanje rokavic iz dlani. <\/span><\/div>\n<div style=\"text-align: justify;\">\n<p><span style=\"color: #993300; font-size: 15px;\">Namenjene so predvsem JU JUTSU borbam, pa tudi sparingom ostalih ve\u0161\u010din ter udarjanju v vre\u010do ali Makiwaro. <\/span><\/p>\n<p><span style=\"font-size: 15px; color: #993300;\">Ustreza CE standardom! <\/span><\/p>\n<p><span style=\"font-size: 15px; color: #993300;\">Barve: modra ali rde\u010da. <\/span><\/p>\n<p><span style=\"font-size: 15px; color: #993300;\">Velikosti: S &#8211; M &#8211; L &#8211; XL<\/span><\/p>\n<p>&nbsp;<\/p>\n<\/div>\n","protected":false},"excerpt":{"rendered":"<p><span style=\"color: #002060;\"><strong>Rde\u010de ali modre tekmovalne Ju-jitsu rokavice.<\/strong><\/span><\/p>\n","protected":false},"featured_media":79205,"comment_status":"open","ping_status":"closed","template":"","meta":[],"product_brand":[5608],"product_cat":[1033,817,1087,1085],"product_tag":[],"class_list":{"0":"post-79201","1":"product","2":"type-product","3":"status-publish","4":"has-post-thumbnail","6":"product_brand-dax","7":"product_cat-ju-jitsujiu-jitsu-1","8":"product_cat-karate-in-jujitsu-rokavice","9":"product_cat-dax-3","10":"product_cat-dax-1","11":"pa_barva-rdeca-barva-sl-2","12":"pa_barva-modre-barve-sl","13":"pa_velikost-s-sl-2","14":"pa_velikost-m-sl-2","15":"pa_velikost-l-sl-2","16":"pa_velikost-xl-sl","18":"first","19":"instock","20":"taxable","21":"shipping-taxable","22":"purchasable","23":"product-type-variable"},"_links":{"self":[{"href":"https:\/\/www.budoshop.si\/sl\/wp-json\/wp\/v2\/product\/79201","targetHints":{"allow":["GET"]}}],"collection":[{"href":"https:\/\/www.budoshop.si\/sl\/wp-json\/wp\/v2\/product"}],"about":[{"href":"https:\/\/www.budoshop.si\/sl\/wp-json\/wp\/v2\/types\/product"}],"replies":[{"embeddable":true,"href":"https:\/\/www.budoshop.si\/sl\/wp-json\/wp\/v2\/comments?post=79201"}],"wp:featuredmedia":[{"embeddable":true,"href":"https:\/\/www.budoshop.si\/sl\/wp-json\/wp\/v2\/media\/79205"}],"wp:attachment":[{"href":"https:\/\/www.budoshop.si\/sl\/wp-json\/wp\/v2\/media?parent=79201"}],"wp:term":[{"taxonomy":"product_brand","embeddable":true,"href":"https:\/\/www.budoshop.si\/sl\/wp-json\/wp\/v2\/product_brand?post=79201"},{"taxonomy":"product_cat","embeddable":true,"href":"https:\/\/www.budoshop.si\/sl\/wp-json\/wp\/v2\/product_cat?post=79201"},{"taxonomy":"product_tag","embeddable":true,"href":"https:\/\/www.budoshop.si\/sl\/wp-json\/wp\/v2\/product_tag?post=79201"}],"curies":[{"name":"wp","href":"https:\/\/api.w.org\/{rel}","templated":true}]}}