{"id":79074,"date":"2018-09-13T06:51:49","date_gmt":"2018-09-13T06:51:49","guid":{"rendered":"https:\/\/budoshop.si\/?product=taekwondo-scitnik-za-golenpiscal-adidas-wt"},"modified":"2026-01-10T11:40:04","modified_gmt":"2026-01-10T10:40:04","slug":"taekwondo-scitnik-za-golenpiscal-adidas-wt","status":"publish","type":"product","link":"https:\/\/www.budoshop.si\/sl\/izdelek\/taekwondo-scitnik-za-golenpiscal-adidas-wt\/","title":{"rendered":"Taekwondo \u0161\u010ditnik za golen\/pi\u0161\u010dal &#8221;Adidas WT&#8221;"},"content":{"rendered":"<div style=\"text-align: justify;\">\n<p><span style=\"color: #993300; font-size: 15px;\">Ta adidasov WT verificiran Taekwondo \u0161\u010ditnik za golen\/pi\u0161\u010dal je za maksimalno za\u0161\u010dito narejen iz kar petih slojev za\u0161\u010dite, ki dobro sprejemajo in razkropijo silo udarca. Za dodatno za\u0161\u010dito je dodan \u0161e debelej\u0161i vlo\u017eek. Zunanjost \u0161\u010ditnika je odeta v vinilni material, ki zagotavlja zelo dobro ventilacijo in higieni\u010dnost saj se ga enostavno o\u010disti z vla\u017eno krpo. \u0160\u010ditnik je izjemno lahek in ergonomi\u010dno oblikovan. Za dober in trden oprijem na nogo se ga zapenja z elasti\u010dnimi trakovi in pritrdi z je\u017ekom, kar nudi odli\u010dno udobnost no\u0161enja ter hitro in enostavno natikanje in snemanje. Namenjen je predvsem praktikantom Taekwondo-ja uporabljajo pa ga tudi praktikanti drugih ve\u0161\u010din kot so Kickboxing, Karate in podobno.<\/span><\/p>\n<p><span style=\"font-size: 15px; color: #993300;\"><strong>Ta artikel je odobren iz strani WT<\/strong>-ja (World Taekwondo Federation).<\/span><\/p>\n<p><span style=\"font-size: 15px; color: #993300;\">Ustreza CE standardom!<\/span><\/p>\n<p><span style=\"font-size: 15px; color: #993300;\">Velikosti: S &#8211; M &#8211; L &#8211; XL.<\/span><\/p>\n<\/div>\n<div style=\"text-align: justify;\">\n<p><span style=\"color: #993300; font-size: 15px;\"><br \/>\nProdaja se v paru.<\/span><\/p>\n<p>&nbsp;<\/p>\n<\/div>\n","protected":false},"excerpt":{"rendered":"<p><span style=\"color: #002060;\"><strong>Adidasov WT verificiran Taekwondo \u0161\u010ditnik za golen\/pi\u0161\u010dal (par).<\/strong><\/span><\/p>\n","protected":false},"featured_media":107546,"comment_status":"open","ping_status":"closed","template":"","meta":[],"product_brand":[5594],"product_cat":[951,1049,899,1039],"product_tag":[],"class_list":{"0":"post-79074","1":"product","2":"type-product","3":"status-publish","4":"has-post-thumbnail","6":"product_brand-adidas","7":"product_cat-adidas-3","8":"product_cat-adidas-7","9":"product_cat-scitniki-za-piscali","10":"product_cat-taekwondo-3","11":"pa_size-l-sl","12":"pa_size-m-sl","13":"pa_size-s-sl","14":"pa_size-s","15":"pa_size-xl-sl-2","17":"first","18":"instock","19":"taxable","20":"shipping-taxable","21":"purchasable","22":"product-type-variable"},"_links":{"self":[{"href":"https:\/\/www.budoshop.si\/sl\/wp-json\/wp\/v2\/product\/79074","targetHints":{"allow":["GET"]}}],"collection":[{"href":"https:\/\/www.budoshop.si\/sl\/wp-json\/wp\/v2\/product"}],"about":[{"href":"https:\/\/www.budoshop.si\/sl\/wp-json\/wp\/v2\/types\/product"}],"replies":[{"embeddable":true,"href":"https:\/\/www.budoshop.si\/sl\/wp-json\/wp\/v2\/comments?post=79074"}],"wp:featuredmedia":[{"embeddable":true,"href":"https:\/\/www.budoshop.si\/sl\/wp-json\/wp\/v2\/media\/107546"}],"wp:attachment":[{"href":"https:\/\/www.budoshop.si\/sl\/wp-json\/wp\/v2\/media?parent=79074"}],"wp:term":[{"taxonomy":"product_brand","embeddable":true,"href":"https:\/\/www.budoshop.si\/sl\/wp-json\/wp\/v2\/product_brand?post=79074"},{"taxonomy":"product_cat","embeddable":true,"href":"https:\/\/www.budoshop.si\/sl\/wp-json\/wp\/v2\/product_cat?post=79074"},{"taxonomy":"product_tag","embeddable":true,"href":"https:\/\/www.budoshop.si\/sl\/wp-json\/wp\/v2\/product_tag?post=79074"}],"curies":[{"name":"wp","href":"https:\/\/api.w.org\/{rel}","templated":true}]}}