{"id":79009,"date":"2018-09-13T06:51:49","date_gmt":"2018-09-13T06:51:49","guid":{"rendered":"https:\/\/budoshop.si\/?product=taekwondo-scitnik-za-podlaket-adidas-wt-ce"},"modified":"2026-01-10T11:38:23","modified_gmt":"2026-01-10T10:38:23","slug":"taekwondo-scitnik-za-podlaket-adidas-wt-ce","status":"publish","type":"product","link":"https:\/\/www.budoshop.si\/sl\/izdelek\/taekwondo-scitnik-za-podlaket-adidas-wt-ce\/","title":{"rendered":"Taekwondo \u0161\u010ditnik za podlaket &#8221;Adidas WT&#8221;"},"content":{"rendered":"<div style=\"text-align: justify;\">\n<p><span style=\"color: #993300; font-size: 15px;\">Ta adidasov Taekwondo \u0161\u010ditnik podlakti je za maksimalno za\u0161\u010dito narejen iz kar petih slojev za\u0161\u010dite, ki dobro sprejemajo in razkropijo silo udarca. Zunanjost je odeta v vinilni material, ki zagotavlja zelo dobro ventilacijo in higieni\u010dnost saj se ga enostavno o\u010disti z vla\u017eno krpo. \u0160\u010ditnik je izjemno lahek in ergonomi\u010dno oblikovan \u2013 \u0161ir\u0161i na predelu komolca in o\u017eji proti zapestju. Za dober in trden oprijem na roko se ga zapenja z elasti\u010dnimi trakovi in pritrdi z je\u017ekom, kar nudi odli\u010dno udobnost no\u0161enja in hitro ter enostavno natikanje in snemanje. \u0160\u010ditnik je verificiran za vsa Taekwondo tekmovanja, uporabljajo pa ga tudi praktikanti drugih ve\u0161\u010din kot so Kickbox, Karate in podobno.<\/span><\/p>\n<p><span style=\"font-size: 15px; color: #993300;\"><strong>Ta artikel je odobren iz strani WT<\/strong>-ja (World Taekwondo Federation).<\/span><\/p>\n<p><span style=\"font-size: 15px; color: #993300;\">Ustreza CE standardom! <\/span><\/p>\n<p><span style=\"font-size: 15px; color: #993300;\">Velikosti: S &#8211; M &#8211; L &#8211; XL. <\/span><\/p>\n<p><span style=\"font-size: 15px; color: #993300;\">Prodaja se v paru.<\/span><\/p>\n<p>&nbsp;<\/p>\n<\/div>\n","protected":false},"excerpt":{"rendered":"<p><span style=\"color: #002060;\"><strong>Adidasov WT verificiran Taekwondo \u0161\u010ditnik podlakti (par).<\/strong><\/span><\/p>\n","protected":false},"featured_media":79014,"comment_status":"open","ping_status":"closed","template":"","meta":[],"product_brand":[5594],"product_cat":[1039,767,951,1049],"product_tag":[],"class_list":{"0":"post-79009","1":"product","2":"type-product","3":"status-publish","4":"has-post-thumbnail","6":"product_brand-adidas","7":"product_cat-taekwondo-3","8":"product_cat-scitniki-za-roke","9":"product_cat-adidas-3","10":"product_cat-adidas-7","11":"pa_velikost-s-sl-2","12":"pa_velikost-m-sl-2","13":"pa_velikost-l-sl-2","14":"pa_velikost-xl-sl","16":"first","17":"instock","18":"taxable","19":"shipping-taxable","20":"purchasable","21":"product-type-variable"},"_links":{"self":[{"href":"https:\/\/www.budoshop.si\/sl\/wp-json\/wp\/v2\/product\/79009","targetHints":{"allow":["GET"]}}],"collection":[{"href":"https:\/\/www.budoshop.si\/sl\/wp-json\/wp\/v2\/product"}],"about":[{"href":"https:\/\/www.budoshop.si\/sl\/wp-json\/wp\/v2\/types\/product"}],"replies":[{"embeddable":true,"href":"https:\/\/www.budoshop.si\/sl\/wp-json\/wp\/v2\/comments?post=79009"}],"wp:featuredmedia":[{"embeddable":true,"href":"https:\/\/www.budoshop.si\/sl\/wp-json\/wp\/v2\/media\/79014"}],"wp:attachment":[{"href":"https:\/\/www.budoshop.si\/sl\/wp-json\/wp\/v2\/media?parent=79009"}],"wp:term":[{"taxonomy":"product_brand","embeddable":true,"href":"https:\/\/www.budoshop.si\/sl\/wp-json\/wp\/v2\/product_brand?post=79009"},{"taxonomy":"product_cat","embeddable":true,"href":"https:\/\/www.budoshop.si\/sl\/wp-json\/wp\/v2\/product_cat?post=79009"},{"taxonomy":"product_tag","embeddable":true,"href":"https:\/\/www.budoshop.si\/sl\/wp-json\/wp\/v2\/product_tag?post=79009"}],"curies":[{"name":"wp","href":"https:\/\/api.w.org\/{rel}","templated":true}]}}