{"id":78935,"date":"2018-09-13T06:51:49","date_gmt":"2018-09-13T06:51:49","guid":{"rendered":"https:\/\/budoshop.si\/?product=otroske-boksarske-rokavice-mini-shark"},"modified":"2026-01-12T16:35:08","modified_gmt":"2026-01-12T15:35:08","slug":"otroske-boksarske-rokavice-mini-shark","status":"publish","type":"product","link":"https:\/\/www.budoshop.si\/sl\/izdelek\/otroske-boksarske-rokavice-mini-shark\/","title":{"rendered":"Otro\u0161ke boksarske rokavice &#8221;MINI SHARK&#8221;"},"content":{"rendered":"<div style=\"text-align: justify;\">\n<p><span style=\"color: #993300; font-size: 15px;\">Te 4 OZ otro\u0161ke boksarske rokavice so namenjene otrokom med 4 in 7 letom starosti. Boksarske rokavice so izdelane so iz visoko kvalitetnega umetnega usnja in oblikovane tako, da otro\u0161kim rokam zagotavljajo maksimalno varnost in komfortnost no\u0161nje, kakr\u0161no zagotavlja le znamka Kwon.<br \/>\nAtraktivno rde\u010de-\u010drna barvna kombinacija z motivom morskega psa na vrhnji strani je primerna tako za de\u010dke kot deklice in bo naredila, da bo va\u0161 otrok z njimi z veseljem porabljal svoj vi\u0161ek energije. <\/span><\/p>\n<p><span style=\"color: #993300; font-size: 15px;\">Barva: \u010drno-rumena ALI \u010drno-rde\u010da<\/span><\/p>\n<p><span style=\"font-size: 15px; color: #993300;\">Velikost: 4 OZ<\/span><\/p>\n<\/div>\n<div style=\"text-align: justify;\">\n<p><span style=\"color: #993300; font-size: 15px;\">Opomba: Naj va\u0161 otrok vedno trenira pod kvalificiranim nadzorom.<\/span><\/p>\n<p>&nbsp;<\/p>\n<\/div>\n","protected":false},"excerpt":{"rendered":"<p><span style=\"color: #003366;\"><strong>Otro\u0161ke 4 OZ boksarske rokavice.<\/strong><\/span><\/p>\n","protected":false},"featured_media":78939,"comment_status":"open","ping_status":"closed","template":"","meta":[],"product_brand":[5596],"product_cat":[1043,967,821,983,1061],"product_tag":[],"class_list":{"0":"post-78935","1":"product","2":"type-product","3":"status-publish","4":"has-post-thumbnail","6":"product_brand-kwon","7":"product_cat-boks-kickbox-tajski-boks-mma","8":"product_cat-otroske-boks-rokavice","9":"product_cat-kick-thai-boxing-rokavice","10":"product_cat-kwon-3","11":"product_cat-kwon-5","12":"pa_barva-crno-rdeca-sl","13":"pa_barva-crno-rumena-sl","15":"first","16":"instock","17":"taxable","18":"shipping-taxable","19":"purchasable","20":"product-type-variable"},"_links":{"self":[{"href":"https:\/\/www.budoshop.si\/sl\/wp-json\/wp\/v2\/product\/78935","targetHints":{"allow":["GET"]}}],"collection":[{"href":"https:\/\/www.budoshop.si\/sl\/wp-json\/wp\/v2\/product"}],"about":[{"href":"https:\/\/www.budoshop.si\/sl\/wp-json\/wp\/v2\/types\/product"}],"replies":[{"embeddable":true,"href":"https:\/\/www.budoshop.si\/sl\/wp-json\/wp\/v2\/comments?post=78935"}],"wp:featuredmedia":[{"embeddable":true,"href":"https:\/\/www.budoshop.si\/sl\/wp-json\/wp\/v2\/media\/78939"}],"wp:attachment":[{"href":"https:\/\/www.budoshop.si\/sl\/wp-json\/wp\/v2\/media?parent=78935"}],"wp:term":[{"taxonomy":"product_brand","embeddable":true,"href":"https:\/\/www.budoshop.si\/sl\/wp-json\/wp\/v2\/product_brand?post=78935"},{"taxonomy":"product_cat","embeddable":true,"href":"https:\/\/www.budoshop.si\/sl\/wp-json\/wp\/v2\/product_cat?post=78935"},{"taxonomy":"product_tag","embeddable":true,"href":"https:\/\/www.budoshop.si\/sl\/wp-json\/wp\/v2\/product_tag?post=78935"}],"curies":[{"name":"wp","href":"https:\/\/api.w.org\/{rel}","templated":true}]}}