{"id":78783,"date":"2018-09-13T06:51:49","date_gmt":"2018-09-13T06:51:49","guid":{"rendered":"https:\/\/budoshop.si\/?product=tajska-krema-namman-muay-100g-v-akciji"},"modified":"2026-03-10T09:50:18","modified_gmt":"2026-03-10T08:50:18","slug":"tajska-krema-namman-muay-100g-v-akciji","status":"publish","type":"product","link":"https:\/\/www.budoshop.si\/sl\/izdelek\/tajska-krema-namman-muay-100g-v-akciji\/","title":{"rendered":"Tajska krema &#8221;NAMMAN MUAY&#8221; 100g"},"content":{"rendered":"<div style=\"text-align: justify;\">\n<p><span style=\"font-size: 15px; color: #993300;\">NAMMAN MUAY krema je kozmeti\u010dni zeli\u0161\u010dni izdelek z ve\u010d kot 60 letno tradicijo. Prevedeno iz taj\u0161\u010dine;\u00a0\u00bb<i>Namman\u00ab\u00a0<\/i>pomeni &#8216;mazilo&#8217;, <i>\u00bbMuay\u00ab<\/i> pa &#8216;boks&#8217;, torej <i>\u00bbNamman Muay\u00ab<\/i> lahko prevedemo kot &#8216;boksarsko mazilo&#8217;.<b>\u00a0<\/b>Sprva so kremo uporabljali tajski boksarji, da so dlje zdr\u017eali v ringu. \u0160e vedno jo uporabljajo prav na vsakem Muay Thai kampu na Tajskem, na vsaki tekmi in na vsakem treningu. Pravzaprav si na Tajskem ogrevanja borcev in praktikantov ni mo\u010d zamisliti brez te kreme ali olja.<br \/>\n<\/span><\/p>\n<div style=\"text-align: justify;\"><span style=\"color: #993300; font-size: 15px;\">Ker krema Namman Muay pomaga pri ohranjanju konsistentnost med treningom in pripravlja telo za naporne aktivnosti in\/ali pomaga pri regeneraciji telesa, je danes ta krema prisotna v vseh borilnih ve\u0161\u010dinah kot so MMA, UFC, Kickboxing, Thaiboxing, Karate, Taekwondo itn. Razen v borilnih ve\u0161\u010dinah pa njegovo vrednost vse bolj spoznavajo tudi v drugih \u0161portih in ni ve\u010d redko videti profesionalne nogometa\u0161e, atlete in ostale vrhunske \u0161portnike, ki vsakodnevno uporabljajo NAMMAN proizvode.<\/span><\/div>\n<p><span style=\"color: #993300; font-size: 15px;\">Krema Namman Muay je izdelana iz treh klju\u010dnih sestavin, to so euganol, eteri\u010dno olje zelenke in mentol. Ta me\u0161anica zeli\u0161\u010d\u00a0 s popolnim razmerjem sestavin nudil kar se da hiter in dolgotrajen ob\u010dutek olaj\u0161anja pri utrujenosti. S to formulo lahko NEVERJETNO zmanj\u0161amo kakr\u0161no koli obliko nelagodja.<br \/>\n<\/span><\/p>\n<\/div>\n<div style=\"text-align: justify;\"><span style=\"color: #993300; font-size: 15px;\">\u00a0<\/span><\/div>\n<div style=\"text-align: justify;\"><span style=\"color: #993300; font-size: 15px;\"><span class=\"_5yl5\">Krema je izredno priljubljena tudi med starostniki, ki posegajo po njej zaradi hitrega delovanja katero se obdr\u017ei tudi po ve\u010d ur po nanosu. Z nanosom pred vadbo tako poskrbimo za aktivacijo telesa in ga pripravimo na prihajajo\u010de napore. Priporo\u010damo, da kremo nanesite tudi po \u0161portni ali drugi dejavnosti saj receptura omogo\u010da hitrej\u0161o regeneracijo in splo\u0161en blagodejni u\u010dinek pri vseh vrstah nev\u0161e\u0161nostih. Zaradi kombinacije zeli\u0161\u010d je odli\u010dna tudi za \u0161portne ali klasi\u010dne masa\u017ee. <\/span><\/span><\/div>\n<div style=\"text-align: justify;\"><span style=\"color: #993300; font-size: 15px;\"><br \/>\nUporaba:<br \/>\n\u2022\u00a0\u00a0\u00a0 Izdelek je namenjen za nego telesa pri \u0161portni aktivnosti<br \/>\n\u2022\u00a0\u00a0\u00a0 Izdelek nanesite na \u017eelene predele najve\u010d 2 krat na dan pred in\/ali po \u0161portni aktivnosti<br \/>\n<\/span><\/div>\n<div style=\"text-align: justify;\"><span style=\"font-size: 15px; color: #993300;\">\u2022\u00a0\u00a0 \u00a0Izdelek ne uporabljati, \u010de ste alergi\u010dni na katerega koli iz med spodaj na\u0161tetih u\u010dinkovin<br \/>\n\u2022\u00a0\u00a0 \u00a0Ni primerno za nose\u010dnice in doje\u010de matere<br \/>\n\u2022\u00a0\u00a0 \u00a0Samo za zunanjo uporabo<br \/>\n<\/span><\/div>\n<div style=\"text-align: justify;\">\n<p>&nbsp;<\/p>\n<div align=\"justify\">\n<p><span style=\"font-size: 15px; color: #993300;\"><span class=\"_5yl5\">Opozorila: Zgolj za zunanjo uporabo. Hraniti izven dosega otrok. Ni primerno za nose\u010dnice in doje\u010de matere. Izogibati direkten stik izdelka s sluznico in o\u010dmi. Izdelka ne uporabljajte na po\u0161kodovani ko\u017ei. Vkolikor se pojavi na ko\u017ei preob\u010dutljivostna reakcija takoj prenehajte z uporabo in obi\u0161\u010dite zdravnika. Izdelek ne nana\u0161ajte na celotno povr\u0161ino telesa ob enkratnem nanosu.<\/span><\/span><\/p>\n<p><span style=\"font-size: 15px; color: #993300;\">Sestavine: Aqua, Menthol, Polysorbate 20, Polysorbate 80, Isopropyl Alcohol, Juniperus Communis Fruit Oil, Camphor, Dimethyl Sulfone, Sorbitan Caprylate, Propanediol, Benzoic Acid, Triethanolamine, Carbomer, Vanilly Butyl Ether, Eugenia Caryophyllus Flower Oil, Methyl Salicylate, *Limonene, *Eugenol, * Linalool, *Isoeugenol<\/span><\/p>\n<p><span style=\"font-size: 15px; color: #993300;\"> Vsebina: 100g<\/span><\/p>\n<\/div>\n<\/div>\n","protected":false},"excerpt":{"rendered":"<p><span style=\"color: #002060;\"><strong>Tajska zeli\u0161\u010dna krema za uporabo pred in po vsakem treningu.<br \/>\n<\/strong><\/span><\/p>\n","protected":false},"featured_media":78789,"comment_status":"open","ping_status":"closed","template":"","meta":[],"product_brand":[],"product_cat":[1035,927,1043,941,1033,1031,1029,1073,997,1037,1039,1041],"product_tag":[],"class_list":{"0":"post-78783","1":"product","2":"type-product","3":"status-publish","4":"has-post-thumbnail","6":"product_cat-aikido-kendo-iai-kobudo-1","7":"product_cat-v-akciji","8":"product_cat-boks-kickbox-tajski-boks-mma","9":"product_cat-budo-lekarna","10":"product_cat-ju-jitsujiu-jitsu-1","11":"product_cat-judo-1","12":"product_cat-karate-5","13":"product_cat-namman-muay-3","14":"product_cat-namman-muay-1","15":"product_cat-ninjutsu-3","16":"product_cat-taekwondo-3","17":"product_cat-tai-chi-kunf-fu-wu-shu-1","19":"first","20":"instock","21":"taxable","22":"shipping-taxable","23":"purchasable","24":"product-type-simple"},"_links":{"self":[{"href":"https:\/\/www.budoshop.si\/sl\/wp-json\/wp\/v2\/product\/78783","targetHints":{"allow":["GET"]}}],"collection":[{"href":"https:\/\/www.budoshop.si\/sl\/wp-json\/wp\/v2\/product"}],"about":[{"href":"https:\/\/www.budoshop.si\/sl\/wp-json\/wp\/v2\/types\/product"}],"replies":[{"embeddable":true,"href":"https:\/\/www.budoshop.si\/sl\/wp-json\/wp\/v2\/comments?post=78783"}],"wp:featuredmedia":[{"embeddable":true,"href":"https:\/\/www.budoshop.si\/sl\/wp-json\/wp\/v2\/media\/78789"}],"wp:attachment":[{"href":"https:\/\/www.budoshop.si\/sl\/wp-json\/wp\/v2\/media?parent=78783"}],"wp:term":[{"taxonomy":"product_brand","embeddable":true,"href":"https:\/\/www.budoshop.si\/sl\/wp-json\/wp\/v2\/product_brand?post=78783"},{"taxonomy":"product_cat","embeddable":true,"href":"https:\/\/www.budoshop.si\/sl\/wp-json\/wp\/v2\/product_cat?post=78783"},{"taxonomy":"product_tag","embeddable":true,"href":"https:\/\/www.budoshop.si\/sl\/wp-json\/wp\/v2\/product_tag?post=78783"}],"curies":[{"name":"wp","href":"https:\/\/api.w.org\/{rel}","templated":true}]}}