{"id":78764,"date":"2018-09-13T06:51:49","date_gmt":"2018-09-13T04:51:49","guid":{"rendered":"https:\/\/budoshop.si\/?product=tajsko-olje-namman-muay-120ml-novo"},"modified":"2024-04-02T08:02:14","modified_gmt":"2024-04-02T06:02:14","slug":"tajsko-olje-namman-muay-120ml-novo","status":"publish","type":"product","link":"https:\/\/www.budoshop.si\/sl\/izdelek\/tajsko-olje-namman-muay-120ml-novo\/","title":{"rendered":"Tajsko olje &#8221;NAMMAN MUAY&#8221; 120ml"},"content":{"rendered":"<div style=\"text-align: justify;\">\n<div style=\"text-align: justify;\"><span style=\"color: #993300; font-size: 15px;\">NAMMAN MUAY olje je kozmeti\u010dni zeli\u0161\u010dni izdelek z ve\u010d kot 60 letno tradicijo. Izdelano je izklju\u010dno iz razli\u010dnih lokalnih tajskih zeli\u0161\u010d. Uporabljajo ga prav na vsakem Muay Thai kampu na Tajskem, na vsaki tekmi in na vsakem treningu. Pravzaprav si na Tajskem ogrevanja borcev in praktikantov ni mo\u010d zamisliti brez tega olja ali kreme. <\/span><\/div>\n<div style=\"text-align: justify;\"><span style=\"color: #993300; font-size: 15px;\">Ker olje pomaga pri ohranjanju konsistentnost med treningom in pripravlja telo za naporne aktivnosti se najpogosteje uporablja pred vadbo. Ker olje ponuja olaj\u0161anje tudi pri najhuj\u0161ih situacijah in pomaga pri regeneraciji telesa, je danes to olje prisotno v vseh borilnih ve\u0161\u010dinah kot so MMA, UFC, Kickboxing, Thaiboxing, Karate, Taekwondo itn. Razen v borilnih ve\u0161\u010dinah pa njegovo vrednost vse bolj spoznavajo tudi v drugih \u0161portih in ni ve\u010d redko videti profesionalne nogometa\u0161e, atlete in ostale vrhunske \u0161portnike, ki vsakodnevno uporabljajo NAMMAN proizvode. Olje je primerno tudi za \u0161portne masa\u017ee.<br \/>\n<\/span><\/div>\n<div style=\"text-align: justify;\"><span style=\"color: #993300; font-size: 15px;\"><span class=\"_5yl5\">Olje je izredno priljubljeno tudi med starostniki, ki posegajo po njem zaradi hitrega delovanja katero se obdr\u017ei tudi po ve\u010d ur po nanosu. Z nanosom pred vadbo tako poskrbimo za aktivacijo telesa in ga pripravimo na prihajajo\u010de napore. Priporo\u010damo, da se olje nanese tudi po \u0161portni ali drugi dejavnosti saj originalna Tajska receptura omogo\u010da hitrej\u0161o regeneracijo in splo\u0161en blagodejni u\u010dinek pri vseh vrstah nev\u0161e\u0161nostih. Zaradi kombinacije tajskih zeli\u0161\u010d je odli\u010dna tudi za \u0161portne ali klasi\u010dne masa\u017ee. <\/span><\/span><\/div>\n<p><span style=\"color: #993300; font-size: 15px;\">Preizkusite olje, ki je postalo obvezni del priprav Tajskih borcev pred vsakim vstopom v boksarski ring in ga pri svojih treningih uporablja ve\u010d sto tiso\u010d Muay Thai barcev po celem svetu!<\/span><\/p>\n<div style=\"text-align: justify;\">\n<p><span style=\"font-size: 15px; color: #993300;\">Uporaba:<\/span><br \/>\n<span style=\"font-size: 15px; color: #993300;\">\u2022\u00a0\u00a0\u00a0 Izdelek je namenjen za nego telesa pri \u0161portni aktivnosti<\/span><br \/>\n<span style=\"font-size: 15px; color: #993300;\">\u2022\u00a0\u00a0\u00a0 Izdelek nanesite na \u017eelene predele najve\u010d 2 krat na dan pred in\/ali po \u0161portni aktivnosti<\/span><br \/>\n<span style=\"font-size: 15px; color: #993300;\">\u2022\u00a0\u00a0 \u00a0Izdelek ne uporabljati, \u010de ste alergi\u010dni na katerega koli iz med spodaj na\u0161tetih u\u010dinkovin<br \/>\n\u2022\u00a0\u00a0 \u00a0Ni primerno za nose\u010dnice in doje\u010de matere<br \/>\n\u2022\u00a0\u00a0 \u00a0Samo za zunanjo uporabo<\/span><\/p>\n<\/div>\n<div align=\"justify\">\n<p><span style=\"color: #993300; font-size: 15px;\">Sestavine<span class=\"jCAhz ChMk0b\"><span class=\"ryNqvb\">:<br \/>\nAqua, Menthol, Polysorbate 20, Polysorbate 80, Isopropyl Alcohol, Juniperus Communis Fruit Oil, Camphor, Dimethyl Sulfone, Sorbitan Caprylate, Propanediol, Benzoic Acid, Triethanolamine, Carbomer, Vanilly Butyl Ether, Eugenia Caryophyllus Flower Oil, Methyl Salicylate, *Limonene, *Eugenol, * Linalool, *Isoeugenol<\/span><\/span><\/span><\/p>\n<\/div>\n<div align=\"justify\">\n<p><span style=\"font-size: 15px; color: #993300;\"><span class=\"_5yl5\">Opozorila: Zgolj za zunanjo uporabo. Hraniti izven dosega otrok. Ni primerno za nose\u010dnice in doje\u010de matere. Izogibati direkten stik izdelka s sluznico in o\u010dmi. Izdelka ne uporabljajte na po\u0161kodovani ko\u017ei. Vkolikor se pojavi na ko\u017ei preob\u010dutljivostna reakcija takoj prenehajte z uporabo in obi\u0161\u010dite zdravnika. Izdelek ne nana\u0161ajte na celotno povr\u0161ino telesa ob enkratnem nanosu.<\/span><\/span><\/p>\n<p><span style=\"color: #993300;\"><b> <\/b><span class=\"_5yl5\"><span style=\"font-size: 15px;\">Proizvajalec: TYKHE d.o.o.<\/span> <\/span><\/span><\/p>\n<\/div>\n<\/div>\n<div style=\"text-align: justify;\"><span style=\"color: #c00000; font-size: small;\"><span style=\"color: #993300;\"><br \/>\n<span style=\"font-size: 15px;\"> Vsebina: 120ml<\/span><\/span><br \/>\n<\/span><\/div>\n","protected":false},"excerpt":{"rendered":"<p><span style=\"color: #002060;\"><strong>Masa\u017eno Tajsko olje za ogrevanje in regeneracijo.<\/strong><\/span><\/p>\n","protected":false},"featured_media":78769,"comment_status":"open","ping_status":"closed","template":"","meta":[],"product_brand":[],"product_cat":[1035,1043,941,1033,1031,1029,1073,997,1037,1039,1041],"product_tag":[],"class_list":{"0":"post-78764","1":"product","2":"type-product","3":"status-publish","4":"has-post-thumbnail","6":"product_cat-aikido-kendo-iai-kobudo-1","7":"product_cat-boks-kickbox-tajski-boks-mma","8":"product_cat-budo-lekarna","9":"product_cat-ju-jitsujiu-jitsu-1","10":"product_cat-judo-1","11":"product_cat-karate-5","12":"product_cat-namman-muay-3","13":"product_cat-namman-muay-1","14":"product_cat-ninjutsu-3","15":"product_cat-taekwondo-3","16":"product_cat-tai-chi-kunf-fu-wu-shu-1","17":"pa_sw_featured-yes-sl","19":"first","20":"instock","21":"taxable","22":"shipping-taxable","23":"purchasable","24":"product-type-simple"},"_links":{"self":[{"href":"https:\/\/www.budoshop.si\/sl\/wp-json\/wp\/v2\/product\/78764","targetHints":{"allow":["GET"]}}],"collection":[{"href":"https:\/\/www.budoshop.si\/sl\/wp-json\/wp\/v2\/product"}],"about":[{"href":"https:\/\/www.budoshop.si\/sl\/wp-json\/wp\/v2\/types\/product"}],"replies":[{"embeddable":true,"href":"https:\/\/www.budoshop.si\/sl\/wp-json\/wp\/v2\/comments?post=78764"}],"wp:featuredmedia":[{"embeddable":true,"href":"https:\/\/www.budoshop.si\/sl\/wp-json\/wp\/v2\/media\/78769"}],"wp:attachment":[{"href":"https:\/\/www.budoshop.si\/sl\/wp-json\/wp\/v2\/media?parent=78764"}],"wp:term":[{"taxonomy":"product_brand","embeddable":true,"href":"https:\/\/www.budoshop.si\/sl\/wp-json\/wp\/v2\/product_brand?post=78764"},{"taxonomy":"product_cat","embeddable":true,"href":"https:\/\/www.budoshop.si\/sl\/wp-json\/wp\/v2\/product_cat?post=78764"},{"taxonomy":"product_tag","embeddable":true,"href":"https:\/\/www.budoshop.si\/sl\/wp-json\/wp\/v2\/product_tag?post=78764"}],"curies":[{"name":"wp","href":"https:\/\/api.w.org\/{rel}","templated":true}]}}