{"id":78459,"date":"2018-09-13T06:51:49","date_gmt":"2018-09-13T06:51:49","guid":{"rendered":"https:\/\/budoshop.si\/?product=moski-karate-scitnik-za-mednozje-suspenzor-adidas-wkf-ce"},"modified":"2026-01-10T11:37:35","modified_gmt":"2026-01-10T10:37:35","slug":"moski-karate-scitnik-za-mednozje-suspenzor-adidas-wkf-ce","status":"publish","type":"product","link":"https:\/\/www.budoshop.si\/sl\/izdelek\/moski-karate-scitnik-za-mednozje-suspenzor-adidas-wkf-ce\/","title":{"rendered":"Mo\u0161ki Karate \u0161\u010ditnik za medno\u017eje (suspenzor) &#8221;Adidas WKF&#8221;"},"content":{"rendered":"<div style=\"text-align: justify;\">\n<p><span style=\"color: #993300; font-size: 15px;\">Ta Karate \u0161\u010ditnik genitalij odlikuje \u010dvrst, anatomsko oblikovan plasti\u010dni vlo\u017eek z gumiranimi robovi, ki nudijo udobnost ob\u010dutljivi ko\u017ei, ClimaCOOL tehnologija pa zagotavlja dobro ventilacijo in uravnava notranjo vla\u017enost, da ostaja \u0161\u010ditnik suh. Vlo\u017eek je odstranljiv kar zagotavlja dobro higieni\u010dnost saj se ga enostavno obri\u0161e z vla\u017eno krpo, ostalo pa opere v pralnem stroju.<\/span><\/p>\n<p><span style=\"font-size: 15px; color: #993300;\">\u0160\u010ditnik se pritrdi s \u0161irokim elasti\u010dnim trakom tako, ki nudi dober in lahkoten oprijem telesu ter hitro obla\u010denje in sla\u010denje. Maksimalno \u0161\u010diti genitalije in je zato primeren za vse vrste \u0161portov in ve\u0161\u010din.<\/span><\/p>\n<p><span id=\"dnn_ctr448_ProductPage_lblItemHtmlHolder\" style=\"font-size: 15px; color: #993300;\"><strong>Ta artikel je odobren iz strani WKF<\/strong>-a (World Karate Federation).<br \/>\n<\/span><br \/>\n<span style=\"font-size: 15px; color: #993300;\">Ustreza CE standardom!<\/span><\/p>\n<p><span style=\"font-size: 15px; color: #993300;\">Velikosti: XS &#8211; S &#8211; M &#8211; L &#8211; XL<\/span><\/p>\n<p>&nbsp;<\/p>\n<\/div>\n<p>&nbsp;<\/p>\n<p>&nbsp;<\/p>\n","protected":false},"excerpt":{"rendered":"<p><span style=\"color: #002060;\"><strong>WKF verificiran Adidas mo\u0161ki Karate \u0161\u010ditnik genitalij.<br \/>\n<\/strong><\/span><\/p>\n","protected":false},"featured_media":107406,"comment_status":"open","ping_status":"closed","template":"","meta":[],"product_brand":[5594],"product_cat":[1029,765,951,1049],"product_tag":[],"class_list":{"0":"post-78459","1":"product","2":"type-product","3":"status-publish","4":"has-post-thumbnail","6":"product_brand-adidas","7":"product_cat-karate-5","8":"product_cat-suspenzorji","9":"product_cat-adidas-3","10":"product_cat-adidas-7","11":"pa_velikost-xs-sl","12":"pa_velikost-s-sl-2","13":"pa_velikost-m-sl-2","14":"pa_velikost-l-sl-2","15":"pa_velikost-xl-sl","17":"first","18":"instock","19":"taxable","20":"shipping-taxable","21":"purchasable","22":"product-type-variable"},"_links":{"self":[{"href":"https:\/\/www.budoshop.si\/sl\/wp-json\/wp\/v2\/product\/78459","targetHints":{"allow":["GET"]}}],"collection":[{"href":"https:\/\/www.budoshop.si\/sl\/wp-json\/wp\/v2\/product"}],"about":[{"href":"https:\/\/www.budoshop.si\/sl\/wp-json\/wp\/v2\/types\/product"}],"replies":[{"embeddable":true,"href":"https:\/\/www.budoshop.si\/sl\/wp-json\/wp\/v2\/comments?post=78459"}],"wp:featuredmedia":[{"embeddable":true,"href":"https:\/\/www.budoshop.si\/sl\/wp-json\/wp\/v2\/media\/107406"}],"wp:attachment":[{"href":"https:\/\/www.budoshop.si\/sl\/wp-json\/wp\/v2\/media?parent=78459"}],"wp:term":[{"taxonomy":"product_brand","embeddable":true,"href":"https:\/\/www.budoshop.si\/sl\/wp-json\/wp\/v2\/product_brand?post=78459"},{"taxonomy":"product_cat","embeddable":true,"href":"https:\/\/www.budoshop.si\/sl\/wp-json\/wp\/v2\/product_cat?post=78459"},{"taxonomy":"product_tag","embeddable":true,"href":"https:\/\/www.budoshop.si\/sl\/wp-json\/wp\/v2\/product_tag?post=78459"}],"curies":[{"name":"wp","href":"https:\/\/api.w.org\/{rel}","templated":true}]}}