{"id":78398,"date":"2018-09-13T06:51:49","date_gmt":"2018-09-13T06:51:49","guid":{"rendered":"https:\/\/budoshop.si\/?product=boksarske-rokavice-adidas-shadow-red"},"modified":"2025-12-04T09:45:46","modified_gmt":"2025-12-04T08:45:46","slug":"boksarske-rokavice-adidas-shadow-red","status":"publish","type":"product","link":"https:\/\/www.budoshop.si\/sl\/izdelek\/boksarske-rokavice-adidas-shadow-red\/","title":{"rendered":"Boksarske rokavice &#8221;Adidas SHADOW RED&#8221;"},"content":{"rendered":"<div style=\"text-align: justify;\"><span style=\"color: #c00000;\">Te fantasti\u010dne Adidas boks rokavice narejene iz PU maya nubock materiala. Rokavice imajo injekcijsko &#39;IMF&#39; polnjenje udarne povr&scaron;ine z integriranim gelom. Mre\u017east predel prstov in proti vla\u017enostni predel dlani ClimaCOOL tehnologija zagotavlja ventilacijo in uravnava notranjo vla\u017enost, da ostajajo rokavice in dlani suhi. Zapenjanje s 6,5 cm &scaron;irokim trakom na je\u017eka zagotavlja natan\u010dno ter hitro prilagajanje roki in zapenjanje. Unikatni dizajn rde\u010de barve s karakteristi\u010dnimi Adidas \u010drtami dela te rokavice &scaron;e posebej atraktivne. Primerne za vse kontaktne ve\u010dine kot so Boks, Kickbox, Full-contact&hellip; kot tudi za udarjanje v boks vre\u010do.<\/p>\n<p>Velikost: 8 OZ<\/p>\n<p>Priporo\u010damo tudi nakup <strong><\/strong><a href=\"http:\/\/www.budoshop-sp.si\/catalog\/p1304-Odstranjevalec-neprijetnih-vonjav-FRESH-UP-NOVO-.html\"><strong>Odstranjevalca neprijetnih vonjav &#39;&#39;FRESH UP&#39;&#39;<\/strong><\/a><strong><\/strong> (koda: GP9B)!<br \/><\/span><\/div>\n","protected":false},"excerpt":{"rendered":"<p><span style=\"color: #002060;\"><strong>Odli\u010dne 8 OZ Adidas rokavice atraktivne rde\u010de barve.<\/strong><\/span><\/p>\n","protected":false},"featured_media":78403,"comment_status":"open","ping_status":"closed","template":"","meta":[],"product_brand":[],"product_cat":[],"product_tag":[],"class_list":{"0":"post-78398","1":"product","2":"type-product","3":"status-publish","4":"has-post-thumbnail","7":"first","8":"outofstock","9":"taxable","10":"shipping-taxable","11":"purchasable","12":"product-type-simple"},"_links":{"self":[{"href":"https:\/\/www.budoshop.si\/sl\/wp-json\/wp\/v2\/product\/78398","targetHints":{"allow":["GET"]}}],"collection":[{"href":"https:\/\/www.budoshop.si\/sl\/wp-json\/wp\/v2\/product"}],"about":[{"href":"https:\/\/www.budoshop.si\/sl\/wp-json\/wp\/v2\/types\/product"}],"replies":[{"embeddable":true,"href":"https:\/\/www.budoshop.si\/sl\/wp-json\/wp\/v2\/comments?post=78398"}],"wp:featuredmedia":[{"embeddable":true,"href":"https:\/\/www.budoshop.si\/sl\/wp-json\/wp\/v2\/media\/78403"}],"wp:attachment":[{"href":"https:\/\/www.budoshop.si\/sl\/wp-json\/wp\/v2\/media?parent=78398"}],"wp:term":[{"taxonomy":"product_brand","embeddable":true,"href":"https:\/\/www.budoshop.si\/sl\/wp-json\/wp\/v2\/product_brand?post=78398"},{"taxonomy":"product_cat","embeddable":true,"href":"https:\/\/www.budoshop.si\/sl\/wp-json\/wp\/v2\/product_cat?post=78398"},{"taxonomy":"product_tag","embeddable":true,"href":"https:\/\/www.budoshop.si\/sl\/wp-json\/wp\/v2\/product_tag?post=78398"}],"curies":[{"name":"wp","href":"https:\/\/api.w.org\/{rel}","templated":true}]}}