{"id":78349,"date":"2018-09-13T06:51:49","date_gmt":"2018-09-13T06:51:49","guid":{"rendered":"https:\/\/budoshop.si\/?product=taekwondo-rokavice-adidas-taekwondo-v-akciji"},"modified":"2026-01-15T08:18:25","modified_gmt":"2026-01-15T07:18:25","slug":"taekwondo-rokavice-adidas-taekwondo-v-akciji","status":"publish","type":"product","link":"https:\/\/www.budoshop.si\/sl\/izdelek\/taekwondo-rokavice-adidas-taekwondo-v-akciji\/","title":{"rendered":"Taekwondo rokavice &#8221;Adidas TAEKWONDO&#8221;"},"content":{"rendered":"<div style=\"text-align: justify;\">\n<p><span style=\"color: #993300; font-size: 15px;\">Te vrhunske adidasove Taekwondo rokavice so namenjene tako tekmovanjem kot treningom. Zaradi izbranih materialov so Taekwondo rokavice izredno lahkotne in hkrati trpe\u017ene ter udobne. Posebna E.V.A. obloga nudi odli\u010dno za\u0161\u010dito rok pred po\u0161kodbami, elasti\u010den material pa zagotavlja udobnost. Predel palca je dodatno oja\u010dan s posebnim materialom, ki palec \u0161\u010diti in hkrati su\u0161i znojenje in vlago med uporabo. Zapenjajo se z elasti\u010dnim pasom, ki se ga ovije okrog zapestja in pritrdi z je\u017ekom kar nudi dobro prilagodljivost in trden oprijem ter hitro in enostavno natikanje ter snemanje rokavic iz dlani.<\/span><\/p>\n<p><span style=\"font-size: 15px; color: #993300;\"><strong>Ta artikel je odobren iz strani WT<\/strong>-ja (World Taekwondo Federation)! <\/span><\/p>\n<p><span style=\"font-size: 15px; color: #993300;\">Ustreza CE standardom! <\/span><\/p>\n<p><span style=\"font-size: 15px; color: #993300;\">Velikosti: S &#8211; M \u2013 L \u2013 XL.<\/span><\/p>\n<p>&nbsp;<\/p>\n<\/div>\n","protected":false},"excerpt":{"rendered":"<p><span style=\"color: #002060;\"><strong>Vrhunske tekmovalne Adidas WT Taekwondo rokavice.<\/strong><\/span><\/p>\n","protected":false},"featured_media":107033,"comment_status":"open","ping_status":"closed","template":"","meta":[],"product_brand":[5594],"product_cat":[1039,927,965,951,1049],"product_tag":[],"class_list":{"0":"post-78349","1":"product","2":"type-product","3":"status-publish","4":"has-post-thumbnail","6":"product_brand-adidas","7":"product_cat-taekwondo-3","8":"product_cat-v-akciji","9":"product_cat-taekwondo-rokavice","10":"product_cat-adidas-3","11":"product_cat-adidas-7","12":"pa_velikost-s-sl-2","13":"pa_velikost-m-sl-2","14":"pa_velikost-l-sl-2","15":"pa_velikost-xl-sl","17":"first","18":"instock","19":"taxable","20":"shipping-taxable","21":"purchasable","22":"product-type-variable"},"_links":{"self":[{"href":"https:\/\/www.budoshop.si\/sl\/wp-json\/wp\/v2\/product\/78349","targetHints":{"allow":["GET"]}}],"collection":[{"href":"https:\/\/www.budoshop.si\/sl\/wp-json\/wp\/v2\/product"}],"about":[{"href":"https:\/\/www.budoshop.si\/sl\/wp-json\/wp\/v2\/types\/product"}],"replies":[{"embeddable":true,"href":"https:\/\/www.budoshop.si\/sl\/wp-json\/wp\/v2\/comments?post=78349"}],"wp:featuredmedia":[{"embeddable":true,"href":"https:\/\/www.budoshop.si\/sl\/wp-json\/wp\/v2\/media\/107033"}],"wp:attachment":[{"href":"https:\/\/www.budoshop.si\/sl\/wp-json\/wp\/v2\/media?parent=78349"}],"wp:term":[{"taxonomy":"product_brand","embeddable":true,"href":"https:\/\/www.budoshop.si\/sl\/wp-json\/wp\/v2\/product_brand?post=78349"},{"taxonomy":"product_cat","embeddable":true,"href":"https:\/\/www.budoshop.si\/sl\/wp-json\/wp\/v2\/product_cat?post=78349"},{"taxonomy":"product_tag","embeddable":true,"href":"https:\/\/www.budoshop.si\/sl\/wp-json\/wp\/v2\/product_tag?post=78349"}],"curies":[{"name":"wp","href":"https:\/\/api.w.org\/{rel}","templated":true}]}}