{"id":78112,"date":"2018-09-13T06:51:49","date_gmt":"2018-09-13T04:51:49","guid":{"rendered":"https:\/\/budoshop.si\/?product=susilec-boksarskih-rokavic"},"modified":"2023-10-13T11:11:31","modified_gmt":"2023-10-13T09:11:31","slug":"susilec-boksarskih-rokavic","status":"publish","type":"product","link":"https:\/\/www.budoshop.si\/sl\/izdelek\/susilec-boksarskih-rokavic\/","title":{"rendered":"Su\u0161ilec boksarskih rokavic"},"content":{"rendered":"<div style=\"text-align: justify;\">\n<p><span style=\"color: #993300; font-size: 15px;\">Su\u0161ilnik boksarskih rokavic Circulation, znamke Alpenheat, je cenovno ugoden, kompakten, lahek in prenosen elektri\u010den su\u0161ilnik, ki zrak premika s konvekcijo; nima nobenega ventilatorja, zato tudi ne premore premikajo\u010dih se delov. Odlikuje ga izjemen \u00bbventuri sistem\u00ab, ki deluje kot zra\u010dna odprtina katera skraj\u0161a \u010das su\u0161enja. Mrzel zrak doteka skozi talno odprtino, v notranjosti se pod tlakom segreje nato pa \u010dez vrhnjo odprtino spet izhaja ven. Konstrukcijske zna\u010dilnosti vklju\u010dujejo tudi dr\u017ealo s spodnje strani, ki dr\u017ei su\u0161ilnik stran od dna in tako je omogo\u010deno nemoteno kro\u017eenje zraka. Poleg tega ima vgrajeno UV lu\u010d, ki uni\u010duje bakterije.<br \/>\nJe su\u0161ilec in grelec v enem, zato je idealen za su\u0161enje vse vrst rokavic, \u0161portnih copat in druge obutve, \u010delad ter drugih \u0161\u010ditnikov ali za pred-ogrevanje opreme. Enostavno se ga vstavi v rokavico, copat ali \u010delado in brez\u0161umno segreje v parih minutah ter posu\u0161i v parih urah.<\/span><\/p>\n<p><span style=\"font-size: 15px; color: #993300;\">Specifikacije:<\/span><br \/>\n<span style=\"font-size: 15px; color: #993300;\">\u2022 Odprtine za zra\u010dno kro\u017eenje<\/span><br \/>\n<span style=\"font-size: 15px; color: #993300;\">\u2022 Sestavljene noge (dr\u017ealo)<\/span><br \/>\n<span style=\"font-size: 15px; color: #993300;\">\u2022 230V\/50Hz<\/span><br \/>\n<span style=\"font-size: 15px; color: #993300;\">\u2022 Te\u017ea: 220g<\/span><br \/>\n<span style=\"font-size: 15px; color: #993300;\">\u2022 Dimenzije: 5&#215;3,8&#215;15 cm<\/span><\/p>\n<\/div>\n","protected":false},"excerpt":{"rendered":"<p><span style=\"color: #002060;\"><strong>Elektri\u010dni su\u0161ilnik boksarskih rokavic in ostale trening opreme ter uni\u010devalec bakterij.<\/strong><\/span><\/p>\n","protected":false},"featured_media":108147,"comment_status":"open","ping_status":"closed","template":"","meta":[],"product_brand":[],"product_cat":[1043,975],"product_tag":[],"class_list":{"0":"post-78112","1":"product","2":"type-product","3":"status-publish","4":"has-post-thumbnail","6":"product_cat-boks-kickbox-tajski-boks-mma","7":"product_cat-susilec-rokavic","9":"first","10":"instock","11":"taxable","12":"shipping-taxable","13":"purchasable","14":"product-type-simple"},"_links":{"self":[{"href":"https:\/\/www.budoshop.si\/sl\/wp-json\/wp\/v2\/product\/78112","targetHints":{"allow":["GET"]}}],"collection":[{"href":"https:\/\/www.budoshop.si\/sl\/wp-json\/wp\/v2\/product"}],"about":[{"href":"https:\/\/www.budoshop.si\/sl\/wp-json\/wp\/v2\/types\/product"}],"replies":[{"embeddable":true,"href":"https:\/\/www.budoshop.si\/sl\/wp-json\/wp\/v2\/comments?post=78112"}],"wp:featuredmedia":[{"embeddable":true,"href":"https:\/\/www.budoshop.si\/sl\/wp-json\/wp\/v2\/media\/108147"}],"wp:attachment":[{"href":"https:\/\/www.budoshop.si\/sl\/wp-json\/wp\/v2\/media?parent=78112"}],"wp:term":[{"taxonomy":"product_brand","embeddable":true,"href":"https:\/\/www.budoshop.si\/sl\/wp-json\/wp\/v2\/product_brand?post=78112"},{"taxonomy":"product_cat","embeddable":true,"href":"https:\/\/www.budoshop.si\/sl\/wp-json\/wp\/v2\/product_cat?post=78112"},{"taxonomy":"product_tag","embeddable":true,"href":"https:\/\/www.budoshop.si\/sl\/wp-json\/wp\/v2\/product_tag?post=78112"}],"curies":[{"name":"wp","href":"https:\/\/api.w.org\/{rel}","templated":true}]}}