{"id":78068,"date":"2018-09-13T06:51:49","date_gmt":"2018-09-13T06:51:49","guid":{"rendered":"https:\/\/budoshop.si\/?product=boks-copati-adidas-box-hog"},"modified":"2023-10-01T11:23:38","modified_gmt":"2023-10-01T09:23:38","slug":"boks-copati-adidas-box-hog","status":"publish","type":"product","link":"https:\/\/www.budoshop.si\/sl\/izdelek\/boks-copati-adidas-box-hog\/","title":{"rendered":"Boks copati &#8221;Adidas BOX HOG&#8221;"},"content":{"rendered":"<div style=\"text-align: justify;\"><span style=\"color: #993300; font-size: 15px;\">Izredno lahki nizki boks copati za borce vseh ravni usposobljenosti. Ustrezajo vsem potrebam funkcionalnosti, ki jih borec lahko zahteva za svoj boks trening ali tekmovanja. Ravno prav visoki, da za\u0161\u010ditijo predel gle\u017enja a hkrati ne previsoki, da se noga ne znoji po nepotrebnem. Prav posebna tehnologija omogo\u010da zra\u010denje in uravnavo temperaturo stopal.<br \/>\nZgornji del izdelan iz super \u010dvrste najlonske mre\u017ee v obliki satovja, ki zagotavljajo udobnost in ohranjajo noge hladne. Osrednji del izdelan iz die-cut EVA pene, nedrse\u010d gumijast podplat pa zagotavlja najbolj\u0161o oprijem in stabilnost. Oja\u010danimi robovi in predel palca \u0161e dopolnjujejo kvaliteto copat. Primerni tako za uporabo v ringu kot v telovadnici in primerni ne samo za boksarje, temve\u010d za praktikante drugih kontakt in MMA \u0161portov.<\/span><\/div>\n<div style=\"text-align: justify;\">\n<p><span style=\"color: #993300; font-size: 15px;\">SESTAVA: Zgornji del: drugi materiali; Podloga in vlo\u017eek: tekstil; Podplat: umetni material<\/span><\/p>\n<p><span style=\"font-size: 15px; color: #993300;\">Barva: \u010drni z zna\u010dilnimi belimi adidas \u010drtami<\/span><\/p>\n<p><span style=\"font-size: 15px; color: #993300;\">Velikosti: 40 \u2013 47<\/span><\/p>\n<p>&nbsp;<\/p>\n<\/div>\n","protected":false},"excerpt":{"rendered":"<p><span style=\"color: #003366;\"><strong>Nizki boks copati za v ring in\/ali telovadnico.<\/strong><\/span><\/p>\n","protected":false},"featured_media":78073,"comment_status":"open","ping_status":"closed","template":"","meta":[],"product_brand":[5594],"product_cat":[951,1049,1043,1097],"product_tag":[],"class_list":{"0":"post-78068","1":"product","2":"type-product","3":"status-publish","4":"has-post-thumbnail","6":"product_brand-adidas","7":"product_cat-adidas-3","8":"product_cat-adidas-7","9":"product_cat-boks-kickbox-tajski-boks-mma","10":"product_cat-boks-copati","11":"pa_velikost-40-sl","12":"pa_velikost-41-sl","13":"pa_velikost-42-sl","14":"pa_velikost-43-sl","15":"pa_velikost-44-sl","16":"pa_velikost-45-sl","17":"pa_velikost-46-sl","18":"pa_velikost-47-sl","20":"first","21":"instock","22":"taxable","23":"shipping-taxable","24":"purchasable","25":"product-type-variable"},"_links":{"self":[{"href":"https:\/\/www.budoshop.si\/sl\/wp-json\/wp\/v2\/product\/78068","targetHints":{"allow":["GET"]}}],"collection":[{"href":"https:\/\/www.budoshop.si\/sl\/wp-json\/wp\/v2\/product"}],"about":[{"href":"https:\/\/www.budoshop.si\/sl\/wp-json\/wp\/v2\/types\/product"}],"replies":[{"embeddable":true,"href":"https:\/\/www.budoshop.si\/sl\/wp-json\/wp\/v2\/comments?post=78068"}],"wp:featuredmedia":[{"embeddable":true,"href":"https:\/\/www.budoshop.si\/sl\/wp-json\/wp\/v2\/media\/78073"}],"wp:attachment":[{"href":"https:\/\/www.budoshop.si\/sl\/wp-json\/wp\/v2\/media?parent=78068"}],"wp:term":[{"taxonomy":"product_brand","embeddable":true,"href":"https:\/\/www.budoshop.si\/sl\/wp-json\/wp\/v2\/product_brand?post=78068"},{"taxonomy":"product_cat","embeddable":true,"href":"https:\/\/www.budoshop.si\/sl\/wp-json\/wp\/v2\/product_cat?post=78068"},{"taxonomy":"product_tag","embeddable":true,"href":"https:\/\/www.budoshop.si\/sl\/wp-json\/wp\/v2\/product_tag?post=78068"}],"curies":[{"name":"wp","href":"https:\/\/api.w.org\/{rel}","templated":true}]}}