{"id":77972,"date":"2018-09-13T06:51:49","date_gmt":"2018-09-13T06:51:49","guid":{"rendered":"https:\/\/budoshop.si\/?product=mma-in-grappling-rokavice-legion-fight"},"modified":"2025-10-24T17:28:12","modified_gmt":"2025-10-24T15:28:12","slug":"mma-in-grappling-rokavice-legion-fight","status":"publish","type":"product","link":"https:\/\/www.budoshop.si\/sl\/izdelek\/mma-in-grappling-rokavice-legion-fight\/","title":{"rendered":"Usnjene MMA in grappling rokavice &#8221;LEGION FIGHT&#8221; &#8211; OUTLET!!!"},"content":{"rendered":"<div style=\"text-align: justify;\"><span style=\"color: #993300; font-size: 15px;\">Legion Octagon MMA Fight rokavice so bile izdelane skupaj z dizajnerji in MMA strokovnjaki. V letu 2012 in 2013 so bile uporabljane na skoraj vseh glavnih nem\u0161kih MMA fight ve\u010derih in v tem \u010dasu izpopolnjevane do popolnosti. Glede na organizatorje Respect Fighting Championship, najve\u010djega nem\u0161kega prireditelja Fight spektaklov, so Legion Octagom Fight rokavice trenutno <strong>NAJBOLJ\u0160E MMA<\/strong> rokavice na tr\u017ei\u0161\u010du! Prav tako so te rokavice trenutno uradne rokavice Superior Fighting Championship-a.<br \/>\nMMA rokavice so izdelane so iz najbolj\u0161ega govejega usnja z odprto dlanjo in dvojnim zapenjanjem na je\u017eka za \u010dvrsto in zanesljivo pritrjevanje. Cca. 3 cm oblo\u017eitev preko \u010dlenkov. Vrhunske rokavice za najve\u010dje zahteve in tekmovanja.<\/span><\/div>\n<div style=\"text-align: justify;\">\n<p><span style=\"color: #993300; font-size: 15px;\">Rde\u010de-\u010drna barvna kombinacija dela te MMA rokavice \u0161e posebej atraktivne<\/span><\/p>\n<p><span style=\"font-size: 15px; color: #993300;\">Velikosti: XL<\/span><\/p>\n<p>&nbsp;<\/p>\n<\/div>\n","protected":false},"excerpt":{"rendered":"<p><span style=\"color: #002060;\"><strong>Usnjene tekmovalne MMA rokavice.<\/strong><\/span><\/p>\n","protected":false},"featured_media":77975,"comment_status":"open","ping_status":"closed","template":"","meta":[],"product_brand":[5613],"product_cat":[],"product_tag":[],"class_list":{"0":"post-77972","1":"product","2":"type-product","3":"status-publish","4":"has-post-thumbnail","6":"product_brand-legion-octagon","7":"pa_velikost-l-sl-2","8":"pa_velikost-m-sl-2","9":"pa_velikost-xl-sl","10":"pa_velikost-xxl-sl-2","12":"first","13":"outofstock","14":"sale","15":"taxable","16":"shipping-taxable","17":"purchasable","18":"product-type-simple"},"_links":{"self":[{"href":"https:\/\/www.budoshop.si\/sl\/wp-json\/wp\/v2\/product\/77972","targetHints":{"allow":["GET"]}}],"collection":[{"href":"https:\/\/www.budoshop.si\/sl\/wp-json\/wp\/v2\/product"}],"about":[{"href":"https:\/\/www.budoshop.si\/sl\/wp-json\/wp\/v2\/types\/product"}],"replies":[{"embeddable":true,"href":"https:\/\/www.budoshop.si\/sl\/wp-json\/wp\/v2\/comments?post=77972"}],"wp:featuredmedia":[{"embeddable":true,"href":"https:\/\/www.budoshop.si\/sl\/wp-json\/wp\/v2\/media\/77975"}],"wp:attachment":[{"href":"https:\/\/www.budoshop.si\/sl\/wp-json\/wp\/v2\/media?parent=77972"}],"wp:term":[{"taxonomy":"product_brand","embeddable":true,"href":"https:\/\/www.budoshop.si\/sl\/wp-json\/wp\/v2\/product_brand?post=77972"},{"taxonomy":"product_cat","embeddable":true,"href":"https:\/\/www.budoshop.si\/sl\/wp-json\/wp\/v2\/product_cat?post=77972"},{"taxonomy":"product_tag","embeddable":true,"href":"https:\/\/www.budoshop.si\/sl\/wp-json\/wp\/v2\/product_tag?post=77972"}],"curies":[{"name":"wp","href":"https:\/\/api.w.org\/{rel}","templated":true}]}}