{"id":77924,"date":"2018-09-13T06:51:49","date_gmt":"2018-09-13T06:51:49","guid":{"rendered":"https:\/\/budoshop.si\/?product=dvojni-fokuser-loparcek-adidas"},"modified":"2026-01-15T11:15:58","modified_gmt":"2026-01-15T10:15:58","slug":"dvojni-fokuser-loparcek-adidas","status":"publish","type":"product","link":"https:\/\/www.budoshop.si\/sl\/izdelek\/dvojni-fokuser-loparcek-adidas\/","title":{"rendered":"Dvojni fokuser lopar\u010dek &#8221;ADIDAS BIG&#8221;"},"content":{"rendered":"<div style=\"text-align: justify;\"><span style=\"font-size: 15px; color: #993300;\">Ta veliki dvojni Adidas fokuser-lopar\u010dek je standardni rekvizit za trening hitrih no\u017enih tehnik. Izdelan iz novega revolucionarnega PU3G materiala in kvalitetne \u010dvrste polnitve. Zelo trpe\u017een in robat. Elasti\u010den zapestni trak, ki je pritrjen na ro\u010daj, nudi zanesljivo in varno dr\u017eanje tekom celotnega treninga. Atraktivnih barv ter z Adidas logotipom in zna\u010dilnimi tremi \u010drtami na obeh straneh lopar\u010dka.<\/span><\/div>\n<div style=\"text-align: justify;\">\n<p><span style=\"font-size: 15px; color: #993300;\">Barve: \u010drna, modra ali rde\u010da<\/span><\/p>\n<p><span style=\"font-size: 15px; color: #993300;\">Velikost: cca 46 cm<\/span><\/p>\n<p>&nbsp;<\/p>\n<\/div>\n","protected":false},"excerpt":{"rendered":"<p><span style=\"color: #002060;\"><strong>Veliki dvojni Adidas fokuser lopar\u010dek.<\/strong><\/span><\/p>\n","protected":false},"featured_media":114495,"comment_status":"open","ping_status":"closed","template":"","meta":[],"product_brand":[5594],"product_cat":[951,1049,1043,1115,1033,1029,1039],"product_tag":[],"class_list":{"0":"post-77924","1":"product","2":"type-product","3":"status-publish","4":"has-post-thumbnail","6":"product_brand-adidas","7":"product_cat-adidas-3","8":"product_cat-adidas-7","9":"product_cat-boks-kickbox-tajski-boks-mma","10":"product_cat-fokuser-loparcki-trenerske-palice","11":"product_cat-ju-jitsujiu-jitsu-1","12":"product_cat-karate-5","13":"product_cat-taekwondo-3","14":"pa_barva-crne-barve-sl-2","15":"pa_barva-modre-barve-sl","16":"pa_barva-rdeca-barva-sl-2","18":"first","19":"instock","20":"taxable","21":"shipping-taxable","22":"purchasable","23":"product-type-variable"},"_links":{"self":[{"href":"https:\/\/www.budoshop.si\/sl\/wp-json\/wp\/v2\/product\/77924","targetHints":{"allow":["GET"]}}],"collection":[{"href":"https:\/\/www.budoshop.si\/sl\/wp-json\/wp\/v2\/product"}],"about":[{"href":"https:\/\/www.budoshop.si\/sl\/wp-json\/wp\/v2\/types\/product"}],"replies":[{"embeddable":true,"href":"https:\/\/www.budoshop.si\/sl\/wp-json\/wp\/v2\/comments?post=77924"}],"wp:featuredmedia":[{"embeddable":true,"href":"https:\/\/www.budoshop.si\/sl\/wp-json\/wp\/v2\/media\/114495"}],"wp:attachment":[{"href":"https:\/\/www.budoshop.si\/sl\/wp-json\/wp\/v2\/media?parent=77924"}],"wp:term":[{"taxonomy":"product_brand","embeddable":true,"href":"https:\/\/www.budoshop.si\/sl\/wp-json\/wp\/v2\/product_brand?post=77924"},{"taxonomy":"product_cat","embeddable":true,"href":"https:\/\/www.budoshop.si\/sl\/wp-json\/wp\/v2\/product_cat?post=77924"},{"taxonomy":"product_tag","embeddable":true,"href":"https:\/\/www.budoshop.si\/sl\/wp-json\/wp\/v2\/product_tag?post=77924"}],"curies":[{"name":"wp","href":"https:\/\/api.w.org\/{rel}","templated":true}]}}