{"id":77900,"date":"2018-09-13T06:51:49","date_gmt":"2018-09-13T06:51:49","guid":{"rendered":"https:\/\/budoshop.si\/?product=mma-hlace-adidas-dragon-odprodaja-40"},"modified":"2025-10-03T12:13:40","modified_gmt":"2025-10-03T10:13:40","slug":"mma-hlace-adidas-dragon-odprodaja-40","status":"publish","type":"product","link":"https:\/\/www.budoshop.si\/sl\/izdelek\/mma-hlace-adidas-dragon-odprodaja-40\/","title":{"rendered":"MMA hla\u010de &#8221;Adidas DRAGON&#8221; &#8211; ODPRODAJA &#8211; 40%!!!"},"content":{"rendered":"<div style=\"text-align: justify;\"><span style=\"color: #c00000;\">Te Adidas MMA hla\u010de so izdelane iz hitro su&scaron;e\u010deka oja\u010danega in rezistentnega 100% poliester materiala. Brazilski kroj z zapenjanjem na je\u017eka in dodatno vrvico v pasu ter zra\u010dno mre\u017eico na notranji strani hla\u010dnic in vrhu pasu. Unikatni dizajn zlatega tigra na eni in adidas napis na drugi hla\u010dnici. Namenjene vsem MMA borcem in fanom, zaradi sestave materiala pa primerne pa tudi kot kopalne hla\u010de.<\/p>\n<p>Velikosti: XL.<\/span><\/div>\n","protected":false},"excerpt":{"rendered":"<p><span style=\"color: #002060;\"><strong>\u010crne adidas MMA hla\u010de z motivom zmaja.<\/strong><\/span><\/p>\n","protected":false},"featured_media":77904,"comment_status":"open","ping_status":"closed","template":"","meta":[],"product_brand":[],"product_cat":[],"product_tag":[],"class_list":{"0":"post-77900","1":"product","2":"type-product","3":"status-publish","4":"has-post-thumbnail","7":"first","8":"outofstock","9":"taxable","10":"shipping-taxable","11":"purchasable","12":"product-type-simple"},"_links":{"self":[{"href":"https:\/\/www.budoshop.si\/sl\/wp-json\/wp\/v2\/product\/77900","targetHints":{"allow":["GET"]}}],"collection":[{"href":"https:\/\/www.budoshop.si\/sl\/wp-json\/wp\/v2\/product"}],"about":[{"href":"https:\/\/www.budoshop.si\/sl\/wp-json\/wp\/v2\/types\/product"}],"replies":[{"embeddable":true,"href":"https:\/\/www.budoshop.si\/sl\/wp-json\/wp\/v2\/comments?post=77900"}],"wp:featuredmedia":[{"embeddable":true,"href":"https:\/\/www.budoshop.si\/sl\/wp-json\/wp\/v2\/media\/77904"}],"wp:attachment":[{"href":"https:\/\/www.budoshop.si\/sl\/wp-json\/wp\/v2\/media?parent=77900"}],"wp:term":[{"taxonomy":"product_brand","embeddable":true,"href":"https:\/\/www.budoshop.si\/sl\/wp-json\/wp\/v2\/product_brand?post=77900"},{"taxonomy":"product_cat","embeddable":true,"href":"https:\/\/www.budoshop.si\/sl\/wp-json\/wp\/v2\/product_cat?post=77900"},{"taxonomy":"product_tag","embeddable":true,"href":"https:\/\/www.budoshop.si\/sl\/wp-json\/wp\/v2\/product_tag?post=77900"}],"curies":[{"name":"wp","href":"https:\/\/api.w.org\/{rel}","templated":true}]}}