{"id":77860,"date":"2018-09-13T06:51:49","date_gmt":"2018-09-13T06:51:49","guid":{"rendered":"https:\/\/budoshop.si\/?product=otroske-boksarske-rokavice-junior"},"modified":"2023-09-25T15:41:36","modified_gmt":"2023-09-25T13:41:36","slug":"otroske-boksarske-rokavice-junior","status":"publish","type":"product","link":"https:\/\/www.budoshop.si\/sl\/izdelek\/otroske-boksarske-rokavice-junior\/","title":{"rendered":"Otro\u0161ke boksarske rokavice &#8221;JUNIOR&#8221;"},"content":{"rendered":"<div style=\"text-align: justify;\">\n<p><span style=\"color: #993300; font-size: 15px;\">Te 6 OZ otro\u0161ke boksarske rokavice odlikuje predvsem visoka funkcionalnost ve\u010d plastne anatomsko oblikovane pene za odli\u010dno absorbiranje in zunanja oblo\u017eitev iz mehkega umetnega usnja. Znamka Kwon zagotavlja dokazano udobnost uporabe in komfortnost no\u0161nje. Namenjeno otrokom okrog 10 leta starosti. Te boksarske rokavice dopolnjuje atraktiven motiv kobre na vrhnji strani, barvne kombinacije pa so primerne tako za de\u010dke kot deklice.<\/span><\/p>\n<p><span style=\"font-size: 15px; color: #993300;\">Barva: \u010drno-rde\u010da ali rde\u010de-\u010drna<\/span><\/p>\n<p><span style=\"font-size: 15px; color: #993300;\">Velikost: 6 OZ<\/span><\/p>\n<\/div>\n<div style=\"text-align: justify;\">\n<p><span style=\"color: #993300; font-size: 15px;\">Opomba: Naj va\u0161 otrok vedno trenira pod kvalificiranim nadzorom.<\/span><\/p>\n<p>&nbsp;<\/p>\n<\/div>\n","protected":false},"excerpt":{"rendered":"<p><span style=\"color: #003366;\"><strong>Otro\u0161ke boksarske rokavice 6 OZ.<\/strong><\/span><\/p>\n","protected":false},"featured_media":107049,"comment_status":"open","ping_status":"closed","template":"","meta":[],"product_brand":[],"product_cat":[1043,1061,983,967,821],"product_tag":[],"class_list":{"0":"post-77860","1":"product","2":"type-product","3":"status-publish","4":"has-post-thumbnail","6":"product_cat-boks-kickbox-tajski-boks-mma","7":"product_cat-kwon-5","8":"product_cat-kwon-3","9":"product_cat-otroske-boks-rokavice","10":"product_cat-kick-thai-boxing-rokavice","11":"pa_barva-crno-rdeca-sl","12":"pa_barva-rdece-crn-sl","14":"first","15":"instock","16":"taxable","17":"shipping-taxable","18":"purchasable","19":"product-type-variable"},"_links":{"self":[{"href":"https:\/\/www.budoshop.si\/sl\/wp-json\/wp\/v2\/product\/77860","targetHints":{"allow":["GET"]}}],"collection":[{"href":"https:\/\/www.budoshop.si\/sl\/wp-json\/wp\/v2\/product"}],"about":[{"href":"https:\/\/www.budoshop.si\/sl\/wp-json\/wp\/v2\/types\/product"}],"replies":[{"embeddable":true,"href":"https:\/\/www.budoshop.si\/sl\/wp-json\/wp\/v2\/comments?post=77860"}],"wp:featuredmedia":[{"embeddable":true,"href":"https:\/\/www.budoshop.si\/sl\/wp-json\/wp\/v2\/media\/107049"}],"wp:attachment":[{"href":"https:\/\/www.budoshop.si\/sl\/wp-json\/wp\/v2\/media?parent=77860"}],"wp:term":[{"taxonomy":"product_brand","embeddable":true,"href":"https:\/\/www.budoshop.si\/sl\/wp-json\/wp\/v2\/product_brand?post=77860"},{"taxonomy":"product_cat","embeddable":true,"href":"https:\/\/www.budoshop.si\/sl\/wp-json\/wp\/v2\/product_cat?post=77860"},{"taxonomy":"product_tag","embeddable":true,"href":"https:\/\/www.budoshop.si\/sl\/wp-json\/wp\/v2\/product_tag?post=77860"}],"curies":[{"name":"wp","href":"https:\/\/api.w.org\/{rel}","templated":true}]}}