{"id":77784,"date":"2018-09-13T06:51:49","date_gmt":"2018-09-13T04:51:49","guid":{"rendered":"https:\/\/budoshop.si\/?product=samostojeci-punching-rob"},"modified":"2023-10-11T11:22:21","modified_gmt":"2023-10-11T09:22:21","slug":"samostojeci-punching-rob","status":"publish","type":"product","link":"https:\/\/www.budoshop.si\/sl\/izdelek\/samostojeci-punching-rob\/","title":{"rendered":"Samostoje\u010di &#8221;Punching ROB&#8221;"},"content":{"rendered":"<div style=\"text-align: justify;\">\n<p><span style=\"color: #993300; font-size: 15px;\">Punching Rob bo postal va\u0161 najbolj zvest trening partner, ki bo vedno pri roki, ko ga boste potrebovali in bo vedno pripravljen sprejeti vse va\u0161e natan\u010dne udarce.<br \/>\nTo je visoko kvalitetna samostoje\u010da vre\u010da atraktivnega dizajna in enostavna za uporabo. Izdelan je iz posebne pene v obliki trupa \u010dloveka z glavo v naravni ko\u017eni barvi, kar nudi realisti\u010dno vadbo natan\u010dnosti in tehnike ter udarjanja v vitalne to\u010dke. Ni pa primeren za ektremna Thai ali Kick boxing udarjanja.<br \/>\nZgornji del je nataknjen na trpe\u017eno podlago, ki se jo napolni z vodo ali peskom. Tak\u0161na podlaga zagotavlja stabilnost saj gre vanjo kar okoli 130l vode oz. 160kg peska ali mivke. Udarna povr\u0161ina nastavljiva po vi\u0161ini na 162, 180 ali 195cm.<\/span><\/p>\n<p><span style=\"color: #993300; font-size: 15px;\">Te\u017ea:<\/span><br \/>\n<span style=\"color: #993300; font-size: 15px;\">Prazen: cca. 20kg<\/span><br \/>\n<span style=\"color: #993300; font-size: 15px;\">Polnjen z vodo: cca. 150kg<\/span><br \/>\n<span style=\"color: #993300; font-size: 15px;\">Polnjen s peskom: cca. 180kg<\/span><\/p>\n<p><span style=\"color: #993300; font-size: 15px;\">Artikel se dobavlja po naro\u010dilu.<\/span><\/p>\n<\/div>\n<div style=\"text-align: justify;\">\n<p>&nbsp;<\/p>\n<p><span style=\"font-size: x-small; color: #993300;\">Opomba: Samostoje\u010de vre\u010de niso namenjene najmo\u010dnej\u0161im udarcem z roko in nogo zato za tak\u0161ne vrste treninga priporo\u010damo nakup vise\u010de boksarske vre\u010de.<\/span><\/p>\n<p>&nbsp;<\/p>\n<p><span style=\"font-size: x-small; color: #993300;\">Dostava se zara\u010duna po ceniku dostavne slu\u017ebe!<\/span><\/p>\n<\/div>\n","protected":false},"excerpt":{"rendered":"<p><span style=\"color: #002060;\"><strong>Trening partner, ki je vedno pri roki.<\/strong><\/span><\/p>\n","protected":false},"featured_media":77788,"comment_status":"open","ping_status":"closed","template":"","meta":[],"product_brand":[],"product_cat":[1043,1033,1029,983,1061,867,1041,1089],"product_tag":[],"class_list":{"0":"post-77784","1":"product","2":"type-product","3":"status-publish","4":"has-post-thumbnail","6":"product_cat-boks-kickbox-tajski-boks-mma","7":"product_cat-ju-jitsujiu-jitsu-1","8":"product_cat-karate-5","9":"product_cat-kwon-3","10":"product_cat-kwon-5","11":"product_cat-samostojece-vrece","12":"product_cat-tai-chi-kunf-fu-wu-shu-1","13":"product_cat-trening-lutke","15":"first","16":"instock","17":"taxable","18":"shipping-taxable","19":"purchasable","20":"product-type-simple"},"_links":{"self":[{"href":"https:\/\/www.budoshop.si\/sl\/wp-json\/wp\/v2\/product\/77784","targetHints":{"allow":["GET"]}}],"collection":[{"href":"https:\/\/www.budoshop.si\/sl\/wp-json\/wp\/v2\/product"}],"about":[{"href":"https:\/\/www.budoshop.si\/sl\/wp-json\/wp\/v2\/types\/product"}],"replies":[{"embeddable":true,"href":"https:\/\/www.budoshop.si\/sl\/wp-json\/wp\/v2\/comments?post=77784"}],"wp:featuredmedia":[{"embeddable":true,"href":"https:\/\/www.budoshop.si\/sl\/wp-json\/wp\/v2\/media\/77788"}],"wp:attachment":[{"href":"https:\/\/www.budoshop.si\/sl\/wp-json\/wp\/v2\/media?parent=77784"}],"wp:term":[{"taxonomy":"product_brand","embeddable":true,"href":"https:\/\/www.budoshop.si\/sl\/wp-json\/wp\/v2\/product_brand?post=77784"},{"taxonomy":"product_cat","embeddable":true,"href":"https:\/\/www.budoshop.si\/sl\/wp-json\/wp\/v2\/product_cat?post=77784"},{"taxonomy":"product_tag","embeddable":true,"href":"https:\/\/www.budoshop.si\/sl\/wp-json\/wp\/v2\/product_tag?post=77784"}],"curies":[{"name":"wp","href":"https:\/\/api.w.org\/{rel}","templated":true}]}}