{"id":77732,"date":"2018-09-13T06:51:49","date_gmt":"2018-09-13T06:51:49","guid":{"rendered":"https:\/\/budoshop.si\/?product=bombazni-scitnik-za-golen-in-nart-black-ce"},"modified":"2026-02-09T17:03:39","modified_gmt":"2026-02-09T16:03:39","slug":"bombazni-scitnik-za-golen-in-nart-black-ce","status":"publish","type":"product","link":"https:\/\/www.budoshop.si\/sl\/izdelek\/bombazni-scitnik-za-golen-in-nart-black-ce\/","title":{"rendered":"Bomba\u017eni \u0161\u010ditnik za golen in nart &#8221;BLACK&#8221;"},"content":{"rendered":"<div style=\"text-align: justify;\">\n<p><span style=\"color: #993300; font-size: 15px;\">Ta \u0161\u010ditnik za golen in nart je namenjen vsem treningom in tekmovanjem v K1, Low-kick, Muay Thai (Tajski boks) in MMA.<\/span><\/p>\n<p><span style=\"font-size: 15px; color: #993300;\">\u0160\u010ditnik je narejen iz posebne 10mm pene, ki je oble\u010dena v ko\u017ei prijazen elasti\u010dni 100% bomba\u017e. \u0160\u010ditnik se enostavno natakne na nogo kot nogavico in ga ni potrebno zapenjati, zaradi elasti\u010dnega materiala pa se lepo in trdno prilega nogi ter zagotavlja dobro gibljivost gle\u017enja in za\u0161\u010dito goleni in gle\u017enja pred udarci, odrgninami, zvini in drugimi po\u0161kodbami.\u00a0 Zaradi svoje sestave je \u0161\u010ditnik lahkoten a ima kljub temu odli\u010dne za\u0161\u010ditne sposobnosti. <span class=\"HwtZe\" lang=\"sl\"><span class=\"jCAhz ChMk0b\"><span class=\"ryNqvb\">Bomba\u017eni material ne dra\u017ei ko\u017ee in je pralen do 30\u00b0C<\/span><\/span><\/span>.<\/span><\/p>\n<p><span style=\"font-size: 15px; color: #993300;\">Ustreza CE standardom! <\/span><\/p>\n<p><span style=\"font-size: 15px; color: #993300;\">\u010crne barve. <\/span><\/p>\n<p><span style=\"font-size: 15px; color: #993300;\">Velikosti: XS &#8211; S M &#8211; L &#8211; XL.<\/span><\/p>\n<p>&nbsp;<\/p>\n<\/div>\n","protected":false},"excerpt":{"rendered":"<p><span style=\"color: #002060;\"><strong>Bomba\u017eni K1, Low kick, Muay Thai ali MMA \u0161\u010ditnik (par).<\/strong><\/span><\/p>\n","protected":false},"featured_media":77735,"comment_status":"open","ping_status":"closed","template":"","meta":[],"product_brand":[5596],"product_cat":[1043,899,983,1061],"product_tag":[],"class_list":{"0":"post-77732","1":"product","2":"type-product","3":"status-publish","4":"has-post-thumbnail","6":"product_brand-kwon","7":"product_cat-boks-kickbox-tajski-boks-mma","8":"product_cat-scitniki-za-piscali","9":"product_cat-kwon-3","10":"product_cat-kwon-5","11":"pa_velikost-xs-sl","12":"pa_velikost-s-sl-2","13":"pa_velikost-m-sl-2","14":"pa_velikost-l-sl-2","15":"pa_velikost-xl-sl","17":"first","18":"instock","19":"taxable","20":"shipping-taxable","21":"purchasable","22":"product-type-variable"},"_links":{"self":[{"href":"https:\/\/www.budoshop.si\/sl\/wp-json\/wp\/v2\/product\/77732","targetHints":{"allow":["GET"]}}],"collection":[{"href":"https:\/\/www.budoshop.si\/sl\/wp-json\/wp\/v2\/product"}],"about":[{"href":"https:\/\/www.budoshop.si\/sl\/wp-json\/wp\/v2\/types\/product"}],"replies":[{"embeddable":true,"href":"https:\/\/www.budoshop.si\/sl\/wp-json\/wp\/v2\/comments?post=77732"}],"wp:featuredmedia":[{"embeddable":true,"href":"https:\/\/www.budoshop.si\/sl\/wp-json\/wp\/v2\/media\/77735"}],"wp:attachment":[{"href":"https:\/\/www.budoshop.si\/sl\/wp-json\/wp\/v2\/media?parent=77732"}],"wp:term":[{"taxonomy":"product_brand","embeddable":true,"href":"https:\/\/www.budoshop.si\/sl\/wp-json\/wp\/v2\/product_brand?post=77732"},{"taxonomy":"product_cat","embeddable":true,"href":"https:\/\/www.budoshop.si\/sl\/wp-json\/wp\/v2\/product_cat?post=77732"},{"taxonomy":"product_tag","embeddable":true,"href":"https:\/\/www.budoshop.si\/sl\/wp-json\/wp\/v2\/product_tag?post=77732"}],"curies":[{"name":"wp","href":"https:\/\/api.w.org\/{rel}","templated":true}]}}