{"id":77602,"date":"2018-09-13T06:51:49","date_gmt":"2018-09-13T06:51:49","guid":{"rendered":"https:\/\/budoshop.si\/?product=taekwondo-uniforma-dobok-adi-club-3"},"modified":"2026-03-03T11:55:24","modified_gmt":"2026-03-03T10:55:24","slug":"taekwondo-uniforma-dobok-adi-club-3","status":"publish","type":"product","link":"https:\/\/www.budoshop.si\/sl\/izdelek\/taekwondo-uniforma-dobok-adi-club-3\/","title":{"rendered":"Taekwondo uniforma (Dobok) &#8221;ADI-CLUB 3\/\/\/&#8221;"},"content":{"rendered":"<div style=\"text-align: justify;\">\n<p><span style=\"color: #993300; font-size: 15px;\">Ta Adidas WT verificirana Taekwondo uniforma je namenjena tistim, ki za svoj trening \u017eelijo le najbolj\u0161e, a po razumni ceni. Uniforma je izdelana iz posebne tkanine (65% poliester\/35% bomba\u017e) z dvojno rebrasto teksturo, ki se ne lepi na ko\u017eo in se hitro su\u0161i. Zelo udoben in prakti\u010den WT Taekwondo kroj je primeren za trening kot tudi vsa tekmovanja. Na rokavih in hla\u010dnicah se nahajajo zna\u010dilne adidas \u010drte v \u010drni barvi.<\/span><\/p>\n<p><span style=\"font-size: 15px; color: #993300;\">V kompletu je jakna z belim V izrezom (brez napisov na hrbtu) in hla\u010de z elastiko v pasu.<\/span><\/p>\n<p><span style=\"font-size: 15px; color: #993300;\"><strong>Ta artikel je odobren s strani WT<\/strong>-a (World Taekwondo Federation)!<\/span><\/p>\n<p><span style=\"font-size: 15px; color: #993300;\">Vi\u0161ina: 150 \u2013 190 cm (na 10cm).<\/span><\/p>\n<p><span style=\"font-size: 10px; color: #993300;\">Pozor! Uniforma ni predprana in se lahko pri prvem pranju skr\u010di za cca. 3 %.<\/span><\/p>\n<\/div>\n","protected":false},"excerpt":{"rendered":"<p><span style=\"color: #002060;\"><strong>Adidas WT verificirana Taekwondo uniforma z belim ovratnikom.<\/strong><\/span><\/p>\n","protected":false},"featured_media":77605,"comment_status":"open","ping_status":"closed","template":"","meta":[],"product_brand":[5594],"product_cat":[1039,943,951,1049],"product_tag":[],"class_list":{"0":"post-77602","1":"product","2":"type-product","3":"status-publish","4":"has-post-thumbnail","6":"product_brand-adidas","7":"product_cat-taekwondo-3","8":"product_cat-wt-taekwondo-1","9":"product_cat-adidas-3","10":"product_cat-adidas-7","11":"pa_velikost-150-cm-sl","12":"pa_velikost-160-cm-sl","13":"pa_velikost-170-cm-sl","14":"pa_velikost-180-cm-sl","15":"pa_velikost-190-cm-sl","17":"first","18":"instock","19":"taxable","20":"shipping-taxable","21":"purchasable","22":"product-type-variable"},"_links":{"self":[{"href":"https:\/\/www.budoshop.si\/sl\/wp-json\/wp\/v2\/product\/77602","targetHints":{"allow":["GET"]}}],"collection":[{"href":"https:\/\/www.budoshop.si\/sl\/wp-json\/wp\/v2\/product"}],"about":[{"href":"https:\/\/www.budoshop.si\/sl\/wp-json\/wp\/v2\/types\/product"}],"replies":[{"embeddable":true,"href":"https:\/\/www.budoshop.si\/sl\/wp-json\/wp\/v2\/comments?post=77602"}],"wp:featuredmedia":[{"embeddable":true,"href":"https:\/\/www.budoshop.si\/sl\/wp-json\/wp\/v2\/media\/77605"}],"wp:attachment":[{"href":"https:\/\/www.budoshop.si\/sl\/wp-json\/wp\/v2\/media?parent=77602"}],"wp:term":[{"taxonomy":"product_brand","embeddable":true,"href":"https:\/\/www.budoshop.si\/sl\/wp-json\/wp\/v2\/product_brand?post=77602"},{"taxonomy":"product_cat","embeddable":true,"href":"https:\/\/www.budoshop.si\/sl\/wp-json\/wp\/v2\/product_cat?post=77602"},{"taxonomy":"product_tag","embeddable":true,"href":"https:\/\/www.budoshop.si\/sl\/wp-json\/wp\/v2\/product_tag?post=77602"}],"curies":[{"name":"wp","href":"https:\/\/api.w.org\/{rel}","templated":true}]}}