{"id":77590,"date":"2018-09-13T06:51:49","date_gmt":"2018-09-13T06:51:49","guid":{"rendered":"https:\/\/budoshop.si\/?product=stojalo-rocke-za-sklece"},"modified":"2025-07-24T09:41:14","modified_gmt":"2025-07-24T07:41:14","slug":"stojalo-rocke-za-sklece","status":"publish","type":"product","link":"https:\/\/www.budoshop.si\/sl\/izdelek\/stojalo-rocke-za-sklece\/","title":{"rendered":"Stojalo \/ ro\u010dke za sklece"},"content":{"rendered":"<p style=\"text-align: justify;\"><span style=\"font-size: 15px; color: #993300;\">Sklece so odli\u010dna vaja za razvoj mo\u010di v zgornjem delu telesa. Na ta na\u010din se ja\u010dajo prsi, trebu\u0161ne mi\u0161ice in bicepsi, oblikuje zgornji predel rok in tricepsi ter razvija hrbtna in ramenska mo\u010d. S stojalom v obliki posebnih ro\u010dk, ki imajo prilagodljivo obliko, da dopu\u0161\u010dajo prednje, ozko ali \u0161iroko dr\u017eanje, pa je to \u0161e bolj\u0161e, saj se s tem raz\u0161irjajo mo\u017enosti razli\u010dnih vaj. Poleg tega pa se z uporabo ro\u010dk zmanj\u0161uje \u0161e pritisk na zapestja.<\/span><\/p>\n<p><span style=\"font-size: 15px; color: #993300;\">Stojalo je za udobno dr\u017eanje in za\u0161\u010dito tal oblo\u017eeno.<\/span><\/p>\n","protected":false},"excerpt":{"rendered":"<p><span style=\"color: #002060;\"><strong>Oblo\u017eeno prilagodljivo stojalo\/ro\u010dke za sklece.<\/strong><\/span><\/p>\n","protected":false},"featured_media":77594,"comment_status":"open","ping_status":"closed","template":"","meta":[],"product_brand":[],"product_cat":[1035,1043,1033,1031,1029,1037,1039,1041,1125,1083,1075],"product_tag":[],"class_list":{"0":"post-77590","1":"product","2":"type-product","3":"status-publish","4":"has-post-thumbnail","6":"product_cat-aikido-kendo-iai-kobudo-1","7":"product_cat-boks-kickbox-tajski-boks-mma","8":"product_cat-ju-jitsujiu-jitsu-1","9":"product_cat-judo-1","10":"product_cat-karate-5","11":"product_cat-ninjutsu-3","12":"product_cat-taekwondo-3","13":"product_cat-tai-chi-kunf-fu-wu-shu-1","14":"product_cat-pripomocki-za-fitness","15":"product_cat-pride-3","16":"product_cat-pride-1","18":"first","19":"instock","20":"taxable","21":"shipping-taxable","22":"purchasable","23":"product-type-simple"},"_links":{"self":[{"href":"https:\/\/www.budoshop.si\/sl\/wp-json\/wp\/v2\/product\/77590","targetHints":{"allow":["GET"]}}],"collection":[{"href":"https:\/\/www.budoshop.si\/sl\/wp-json\/wp\/v2\/product"}],"about":[{"href":"https:\/\/www.budoshop.si\/sl\/wp-json\/wp\/v2\/types\/product"}],"replies":[{"embeddable":true,"href":"https:\/\/www.budoshop.si\/sl\/wp-json\/wp\/v2\/comments?post=77590"}],"wp:featuredmedia":[{"embeddable":true,"href":"https:\/\/www.budoshop.si\/sl\/wp-json\/wp\/v2\/media\/77594"}],"wp:attachment":[{"href":"https:\/\/www.budoshop.si\/sl\/wp-json\/wp\/v2\/media?parent=77590"}],"wp:term":[{"taxonomy":"product_brand","embeddable":true,"href":"https:\/\/www.budoshop.si\/sl\/wp-json\/wp\/v2\/product_brand?post=77590"},{"taxonomy":"product_cat","embeddable":true,"href":"https:\/\/www.budoshop.si\/sl\/wp-json\/wp\/v2\/product_cat?post=77590"},{"taxonomy":"product_tag","embeddable":true,"href":"https:\/\/www.budoshop.si\/sl\/wp-json\/wp\/v2\/product_tag?post=77590"}],"curies":[{"name":"wp","href":"https:\/\/api.w.org\/{rel}","templated":true}]}}