{"id":77494,"date":"2018-09-13T06:51:49","date_gmt":"2018-09-13T04:51:49","guid":{"rendered":"https:\/\/budoshop.si\/?product=spray-za-hlajenje-dispo-ice"},"modified":"2023-10-12T21:19:04","modified_gmt":"2023-10-12T19:19:04","slug":"spray-za-hlajenje-dispo-ice","status":"publish","type":"product","link":"https:\/\/www.budoshop.si\/sl\/izdelek\/spray-za-hlajenje-dispo-ice\/","title":{"rendered":"Spray za hlajenje &#8221;DISPO ICE&#8221;"},"content":{"rendered":"<p style=\"text-align: justify;\"><span id=\"dnn_ctr448_ProductPage_lblItemHtmlHolder\" style=\"font-size: 15px; color: #993300;\">Priro\u010den hladilni sprej je nujna &#8216;prva pomo\u010d&#8217; vsakega \u0161portnika, tako v borilnih ve\u0161\u010dinah kot v ostalih \u0161portih. Ker vsebuje mint, ima poleg hlajenja tudi pomirjajo\u010d u\u010dinek in v dolo\u010denih primerih laj\u0161ih po\u0161kodb omogo\u010da nadaljevanje \u0161portne aktivnosti. <\/span><\/p>\n<p><span style=\"font-size: 15px; color: #993300;\">Hladilni sprej deluje tako, da hitro hladi ko\u017eo in s tem prepre\u010di otekanje, ki je pogosto razlog kasnej\u0161e bole\u010dine. Poleg u\u010dinka hlajenja tudi bla\u017ei bole\u010dino in kr\u010de mi\u0161ic, osve\u017euje in revitalizira utrujene in te\u017eke noge ter spodbuja odstraniti zadr\u017eevanje teko\u010dine. Plo\u010devinka je opremljena s posebnim razpr\u0161ilnim ventilom, ki usmerja pretok na prizadeti predel. V nekaj minutah zmanj\u0161a oteklino in olaj\u0161a prizadeto mesto.<\/span><\/p>\n<p><span style=\"font-size: 15px; color: #993300;\">Spray DISPO ICE je narejen posebej za praktikante borilnih ve\u0161\u010din!<\/span><\/p>\n<p><span style=\"font-size: 15px; color: #993300;\">Uporaba:<\/span><br \/>\n<span style=\"font-size: 15px; color: #993300;\">Zelo enostaven za nana\u0161anje. Nana\u0161a se z ve\u010dkratnimi kratkimi nanosi na prizadeto mesto, iz razdalje vsaj 20 cm, da ne pride do dra\u017eenja ko\u017ee blagih ozeblin. Na posamezni del se ne pr\u0161i dlje kot 5 sekund.<\/span><\/p>\n<p><span style=\"font-size: 15px; color: #993300;\">Ne uporabljati na odprtih ranah in se glede uporabe posvetujte z zdravnikom.<\/span><\/p>\n<p><span style=\"font-size: 15px; color: #993300;\">Pakirano v 400 ml je idealen za va\u0161o torbo s \u0161portno opremo.<\/span><\/p>\n","protected":false},"excerpt":{"rendered":"<p><span style=\"color: #002060;\"><strong>Hladilni sprej za laj\u0161anje po\u0161kodb.<\/strong><\/span><\/p>\n","protected":false},"featured_media":108133,"comment_status":"open","ping_status":"closed","template":"","meta":[],"product_brand":[],"product_cat":[1035,1043,1033,1031,1029,1037,1039,1041,941],"product_tag":[],"class_list":{"0":"post-77494","1":"product","2":"type-product","3":"status-publish","4":"has-post-thumbnail","6":"product_cat-aikido-kendo-iai-kobudo-1","7":"product_cat-boks-kickbox-tajski-boks-mma","8":"product_cat-ju-jitsujiu-jitsu-1","9":"product_cat-judo-1","10":"product_cat-karate-5","11":"product_cat-ninjutsu-3","12":"product_cat-taekwondo-3","13":"product_cat-tai-chi-kunf-fu-wu-shu-1","14":"product_cat-budo-lekarna","16":"first","17":"instock","18":"taxable","19":"shipping-taxable","20":"purchasable","21":"product-type-simple"},"_links":{"self":[{"href":"https:\/\/www.budoshop.si\/sl\/wp-json\/wp\/v2\/product\/77494","targetHints":{"allow":["GET"]}}],"collection":[{"href":"https:\/\/www.budoshop.si\/sl\/wp-json\/wp\/v2\/product"}],"about":[{"href":"https:\/\/www.budoshop.si\/sl\/wp-json\/wp\/v2\/types\/product"}],"replies":[{"embeddable":true,"href":"https:\/\/www.budoshop.si\/sl\/wp-json\/wp\/v2\/comments?post=77494"}],"wp:featuredmedia":[{"embeddable":true,"href":"https:\/\/www.budoshop.si\/sl\/wp-json\/wp\/v2\/media\/108133"}],"wp:attachment":[{"href":"https:\/\/www.budoshop.si\/sl\/wp-json\/wp\/v2\/media?parent=77494"}],"wp:term":[{"taxonomy":"product_brand","embeddable":true,"href":"https:\/\/www.budoshop.si\/sl\/wp-json\/wp\/v2\/product_brand?post=77494"},{"taxonomy":"product_cat","embeddable":true,"href":"https:\/\/www.budoshop.si\/sl\/wp-json\/wp\/v2\/product_cat?post=77494"},{"taxonomy":"product_tag","embeddable":true,"href":"https:\/\/www.budoshop.si\/sl\/wp-json\/wp\/v2\/product_tag?post=77494"}],"curies":[{"name":"wp","href":"https:\/\/api.w.org\/{rel}","templated":true}]}}