{"id":77420,"date":"2018-09-13T06:51:49","date_gmt":"2018-09-13T06:51:49","guid":{"rendered":"https:\/\/budoshop.si\/?product=boks-povoji-za-dlani-bandaze-adidas"},"modified":"2026-01-20T08:04:24","modified_gmt":"2026-01-20T07:04:24","slug":"boks-povoji-za-dlani-bandaze-adidas","status":"publish","type":"product","link":"https:\/\/www.budoshop.si\/sl\/izdelek\/boks-povoji-za-dlani-bandaze-adidas\/","title":{"rendered":"Boks povoji za dlani &#8211; banda\u017ee &#8221;ADIDAS&#8221;"},"content":{"rendered":"<div style=\"text-align: justify;\"><span style=\"color: #993300; font-size: 15px;\">Klasi\u010dni za\u0161\u010ditni boksarski povoji za dlani (banda\u017ee) znamke Adidas. Banda\u017ee so rahlo elasti\u010dne z za\u010detno zanko za palec in zapenjanjem na je\u017eka, tako da trdno stojijo na dlaneh in med treningom nudijo vso potrebno za\u0161\u010dito. Izdelane so iz kvalitetnega 100% bomba\u017ea in primerne za Boks, Kickbox, Tajski boks (Muay Thai), MMA&#8230; <\/span><\/div>\n<div style=\"text-align: justify;\">\n<p><span style=\"color: #993300; font-size: 15px;\">Banda\u017ee pomagajo za\u0161\u010dititi kosti in kite rok. Poleg tega nudijo podporo zapestju in palcu. Da bi se izognili po\u0161kodbam, pred treningom zato vedno povite dlani s povoji.<\/span><\/p>\n<p><span style=\"font-size: 15px; color: #993300;\">Dol\u017eina: 350 cm.<\/span><\/p>\n<p><span style=\"font-size: 15px; color: #993300;\">Barve: \u010drna, modra, rde\u010da, rumena, pink ali bela.<\/span><\/p>\n<p><span style=\"font-size: 15px; color: #993300;\">Prodajajo se v paru.<\/span><\/p>\n<\/div>\n","protected":false},"excerpt":{"rendered":"<p><span style=\"color: #002060;\"><strong>Adidas za\u0161\u010ditni boksarski povoji\/banda\u017ee za dlani (par).<\/strong><\/span><\/p>\n","protected":false},"featured_media":77423,"comment_status":"open","ping_status":"closed","template":"","meta":[],"product_brand":[5594],"product_cat":[1049,951,827,1043,771],"product_tag":[],"class_list":{"0":"post-77420","1":"product","2":"type-product","3":"status-publish","4":"has-post-thumbnail","6":"product_brand-adidas","7":"product_cat-adidas-7","8":"product_cat-adidas-3","9":"product_cat-bandaze-in-podrokavice","10":"product_cat-boks-kickbox-tajski-boks-mma","11":"product_cat-ostalo-3","12":"pa_barva-bele-barve-sl","13":"pa_barva-crne-barve-sl-2","14":"pa_barva-modre-barve-sl","15":"pa_barva-rdeca-barva-sl-2","16":"pa_barva-roza-sl-2","17":"pa_barva-rumene-barve-sl","19":"first","20":"instock","21":"taxable","22":"shipping-taxable","23":"purchasable","24":"product-type-variable"},"_links":{"self":[{"href":"https:\/\/www.budoshop.si\/sl\/wp-json\/wp\/v2\/product\/77420","targetHints":{"allow":["GET"]}}],"collection":[{"href":"https:\/\/www.budoshop.si\/sl\/wp-json\/wp\/v2\/product"}],"about":[{"href":"https:\/\/www.budoshop.si\/sl\/wp-json\/wp\/v2\/types\/product"}],"replies":[{"embeddable":true,"href":"https:\/\/www.budoshop.si\/sl\/wp-json\/wp\/v2\/comments?post=77420"}],"wp:featuredmedia":[{"embeddable":true,"href":"https:\/\/www.budoshop.si\/sl\/wp-json\/wp\/v2\/media\/77423"}],"wp:attachment":[{"href":"https:\/\/www.budoshop.si\/sl\/wp-json\/wp\/v2\/media?parent=77420"}],"wp:term":[{"taxonomy":"product_brand","embeddable":true,"href":"https:\/\/www.budoshop.si\/sl\/wp-json\/wp\/v2\/product_brand?post=77420"},{"taxonomy":"product_cat","embeddable":true,"href":"https:\/\/www.budoshop.si\/sl\/wp-json\/wp\/v2\/product_cat?post=77420"},{"taxonomy":"product_tag","embeddable":true,"href":"https:\/\/www.budoshop.si\/sl\/wp-json\/wp\/v2\/product_tag?post=77420"}],"curies":[{"name":"wp","href":"https:\/\/api.w.org\/{rel}","templated":true}]}}