{"id":77156,"date":"2018-09-13T06:51:49","date_gmt":"2018-09-13T06:51:49","guid":{"rendered":"https:\/\/budoshop.si\/?product=tabi-copati-indoor-made-in-japan"},"modified":"2026-01-16T08:22:15","modified_gmt":"2026-01-16T07:22:15","slug":"tabi-copati-indoor-made-in-japan","status":"publish","type":"product","link":"https:\/\/www.budoshop.si\/sl\/izdelek\/tabi-copati-indoor-made-in-japan\/","title":{"rendered":"Tabi copati &#8221;Indoor MADE IN JAPAN&#8221;"},"content":{"rendered":"<div style=\"text-align: justify;\">\n<p><span style=\"color: #993300; font-size: 15px;\">Originalni japonski Tabi copati z zapenjanjem na zati\u010de.<br \/>\nTi Tabi copati so namenjeni treningu v Dojo-ju (dvorani) ali na Tatami-ju (blazinah). Uporabljajo jih v skoraj vseh tradicionalnih japonskih ve\u0161\u010dinah kot so Iai-do, Kendo, Kobudo, Ninjutsu &#8230;<br \/>\nTi Tabi copati, ki segajo do vi\u0161ine gle\u017enja so v celoti narejeni 100% visoko kvalitetnega bomba\u017ea, ki zagotavlja kvaliteto in obstojnost. Zunanjost copata je temno modre barve, podplat pa je bele ali \u010drne barve, notranjost copata pa bele barve. Podplat je pleten in zagotavlja dober oprijem s tlemi. Zapenjajo se z zati\u010di na zadnjem delu pete, kar omogo\u010da dober oprijem nogi. Zaradi svojih lastnosti, daje to obuvalo ob\u010dutek kot bi bili bosi, hkrati pa \u0161\u010diti nogo in stopalo pred mrazom in drugimi zunanjimi vplivi. Lahko se jih uporablja tudi z Zori natika\u010di.<\/span><\/p>\n<p><span style=\"font-size: 15px; color: #993300;\">\u0160tevilke: 38 (24,5 cm), 39 (25cm), 40 (25,5cm), 41 (26cm),\u00a0 42 (26,5cm), 43 (27cm), 44 (28 cm), 45 (29cm), 46 (30cm).<\/span><\/p>\n<\/div>\n","protected":false},"excerpt":{"rendered":"<p><span style=\"color: #003366;\"><strong>Notranji Tabi copati z bomba\u017enim podplatom MADE IN JAPAN.<\/strong><\/span><\/p>\n","protected":false},"featured_media":77160,"comment_status":"open","ping_status":"closed","template":"","meta":[],"product_brand":[5600],"product_cat":[1035,1033,1037,939,959,1055,977],"product_tag":[],"class_list":{"0":"post-77156","1":"product","2":"type-product","3":"status-publish","4":"has-post-thumbnail","6":"product_brand-yari-no-hanzo","7":"product_cat-aikido-kendo-iai-kobudo-1","8":"product_cat-ju-jitsujiu-jitsu-1","9":"product_cat-ninjutsu-3","10":"product_cat-ninjutsu-oblacila","11":"product_cat-tabi-1","12":"product_cat-yari-no-hanzo-3","13":"product_cat-yari-no-hanzo-1","14":"pa_velikost-38-245-cm-sl","15":"pa_velikost-39-25-cm-sl","16":"pa_velikost-40-255-cm-sl-2","17":"pa_velikost-41-26-cm-en","18":"pa_velikost-42-265-cm-sl","19":"pa_velikost-43-27-cm-sl-2","20":"pa_velikost-44-28-cm-sl-2","21":"pa_velikost-45-29-cm-sl-2","22":"pa_velikost-46-30-cm-sl-2","24":"first","25":"instock","26":"taxable","27":"shipping-taxable","28":"purchasable","29":"product-type-variable"},"_links":{"self":[{"href":"https:\/\/www.budoshop.si\/sl\/wp-json\/wp\/v2\/product\/77156","targetHints":{"allow":["GET"]}}],"collection":[{"href":"https:\/\/www.budoshop.si\/sl\/wp-json\/wp\/v2\/product"}],"about":[{"href":"https:\/\/www.budoshop.si\/sl\/wp-json\/wp\/v2\/types\/product"}],"replies":[{"embeddable":true,"href":"https:\/\/www.budoshop.si\/sl\/wp-json\/wp\/v2\/comments?post=77156"}],"wp:featuredmedia":[{"embeddable":true,"href":"https:\/\/www.budoshop.si\/sl\/wp-json\/wp\/v2\/media\/77160"}],"wp:attachment":[{"href":"https:\/\/www.budoshop.si\/sl\/wp-json\/wp\/v2\/media?parent=77156"}],"wp:term":[{"taxonomy":"product_brand","embeddable":true,"href":"https:\/\/www.budoshop.si\/sl\/wp-json\/wp\/v2\/product_brand?post=77156"},{"taxonomy":"product_cat","embeddable":true,"href":"https:\/\/www.budoshop.si\/sl\/wp-json\/wp\/v2\/product_cat?post=77156"},{"taxonomy":"product_tag","embeddable":true,"href":"https:\/\/www.budoshop.si\/sl\/wp-json\/wp\/v2\/product_tag?post=77156"}],"curies":[{"name":"wp","href":"https:\/\/api.w.org\/{rel}","templated":true}]}}