{"id":77020,"date":"2018-09-13T06:51:49","date_gmt":"2018-09-13T04:51:49","guid":{"rendered":"https:\/\/budoshop.si\/?product=vezenje-na-kamikaze-karate-pas"},"modified":"2023-09-25T09:11:38","modified_gmt":"2023-09-25T07:11:38","slug":"vezenje-na-kamikaze-karate-pas","status":"publish","type":"product","link":"https:\/\/www.budoshop.si\/sl\/izdelek\/vezenje-na-kamikaze-karate-pas\/","title":{"rendered":"Vezenje na KAMIKAZE Karate pas"},"content":{"rendered":"<div style=\"text-align: justify;\"><span style=\"color: #993300; font-size: 15px;\">Na KAMIKAZE pasove nudimo mo\u017enost izredno kvalitetnega vezenja med samo izdalavo pasu. To pomeni, da vezenje ne gre preko pasu, ampak je vidno samo na zgornji strani.<br \/>\n<\/span><\/div>\n<div style=\"text-align: justify;\">\n<p><span style=\"color: #993300; font-size: 15px;\">Ime, priimek (brez \u0161umnikov) kot tudi ime ve\u0161\u010din lahko v\u0161ijemo na pasove z na\u0161imi \u010drkami ali japonskimi znaki. <\/span><\/p>\n<p><span style=\"font-size: 15px; color: #993300;\">Barve tkanja: zlata, srebrna, oran\u017ena, modra, rde\u010da&#8230;<br \/>\n<\/span><br \/>\n<span style=\"font-size: 15px; color: #993300;\">Pasovi so dobavljivi tudi z razli\u010dnimi Karate na\u0161itki.<\/span><\/p>\n<p><span style=\"font-size: 15px; color: #993300;\">Cena je za enostranski napis. Naro\u010denih pasov ni mo\u010d zamenjati in morajo biti v celoti vpla\u010dani v naprej.<\/span><\/p>\n<p><span style=\"font-size: 15px; color: #993300;\">Napis je po naro\u010dilu! Za naro\u010dilo pokli\u010dite na telefon: <strong>01 \/ 42 73 707<\/strong> ali pi\u0161ite na <strong>info@budoshop.si<\/strong>.<\/span><\/p>\n<p><span style=\"color: #993300; font-size: 11px;\">Opomba: Dobava lahko traja do cca. 90 dni.<\/span><\/p>\n<\/div>\n","protected":false},"excerpt":{"rendered":"<p><span style=\"color: #002060;\"><strong>Izredno kvalitetno vezenje na Karate pasove znamke Kamikaze.<\/strong><\/span><\/p>\n","protected":false},"featured_media":77022,"comment_status":"open","ping_status":"closed","template":"","meta":[],"product_brand":[],"product_cat":[1035,1033,1031,1045,947,1029,861,1037],"product_tag":[],"class_list":{"0":"post-77020","1":"product","2":"type-product","3":"status-publish","4":"has-post-thumbnail","6":"product_cat-aikido-kendo-iai-kobudo-1","7":"product_cat-ju-jitsujiu-jitsu-1","8":"product_cat-judo-1","9":"product_cat-kamikaze-5","10":"product_cat-kamikaze-3","11":"product_cat-karate-5","12":"product_cat-mojstrski-pasovi","13":"product_cat-ninjutsu-3","15":"first","16":"instock","17":"taxable","18":"shipping-taxable","19":"purchasable","20":"product-type-simple"},"_links":{"self":[{"href":"https:\/\/www.budoshop.si\/sl\/wp-json\/wp\/v2\/product\/77020","targetHints":{"allow":["GET"]}}],"collection":[{"href":"https:\/\/www.budoshop.si\/sl\/wp-json\/wp\/v2\/product"}],"about":[{"href":"https:\/\/www.budoshop.si\/sl\/wp-json\/wp\/v2\/types\/product"}],"replies":[{"embeddable":true,"href":"https:\/\/www.budoshop.si\/sl\/wp-json\/wp\/v2\/comments?post=77020"}],"wp:featuredmedia":[{"embeddable":true,"href":"https:\/\/www.budoshop.si\/sl\/wp-json\/wp\/v2\/media\/77022"}],"wp:attachment":[{"href":"https:\/\/www.budoshop.si\/sl\/wp-json\/wp\/v2\/media?parent=77020"}],"wp:term":[{"taxonomy":"product_brand","embeddable":true,"href":"https:\/\/www.budoshop.si\/sl\/wp-json\/wp\/v2\/product_brand?post=77020"},{"taxonomy":"product_cat","embeddable":true,"href":"https:\/\/www.budoshop.si\/sl\/wp-json\/wp\/v2\/product_cat?post=77020"},{"taxonomy":"product_tag","embeddable":true,"href":"https:\/\/www.budoshop.si\/sl\/wp-json\/wp\/v2\/product_tag?post=77020"}],"curies":[{"name":"wp","href":"https:\/\/api.w.org\/{rel}","templated":true}]}}