{"id":77013,"date":"2018-09-13T06:51:49","date_gmt":"2018-09-13T04:51:49","guid":{"rendered":"https:\/\/budoshop.si\/?product=takagi-yoshin-ryu-bujinkan-budo-densho"},"modified":"2023-09-26T09:01:34","modified_gmt":"2023-09-26T07:01:34","slug":"takagi-yoshin-ryu-bujinkan-budo-densho","status":"publish","type":"product","link":"https:\/\/www.budoshop.si\/sl\/izdelek\/takagi-yoshin-ryu-bujinkan-budo-densho\/","title":{"rendered":"TAKAGI YOSHIN RYU &#8211; Bujinkan Budo Densho"},"content":{"rendered":"<div style=\"text-align: justify;\">\n<p><span style=\"color: #993300; font-size: 15px;\">Ta \u201cmoderni\u201d Densho je predvsem potrebno jemati kot osnovni priro\u010dnik za dnevni trening. Posebnost te knjige je, da je vsak posamezen gib prikazan z ilustracijo, da bi se uporabnik lahko osredoto\u010dil na posamezno tehniko ali Kato. Vsako od tehnik dopolnjuje tudi kratek opis najbolj pomembnih golorokih oblik gibanja Kot\u00f4 Ry\u00fb Kopp\u00f4jutsu-ja. Ta knjiga prikazuje najbolj pomembne tehnike Takagi Y\u00f4shin Ry\u00fb Jutaijutsu-ja. <\/span><\/p>\n<p><span style=\"color: #993300; font-size: 15px;\">Iz vsebine: <\/span><br \/>\n<span style=\"color: #993300; font-size: 15px;\">&#8211; Kihon Gata<\/span><br \/>\n<span style=\"color: #993300; font-size: 15px;\">&#8211; Kenzen Ichinyo<\/span><br \/>\n<span style=\"color: #993300; font-size: 15px;\">&#8211; Kamae<\/span><br \/>\n<span style=\"color: #993300; font-size: 15px;\">&#8211; Shoden no Kata Omote Waza<\/span><br \/>\n<span style=\"color: #993300; font-size: 15px;\">&#8211; Shoden no Kata Ura Waza<\/span><br \/>\n<span style=\"color: #993300; font-size: 15px;\">&#8211; Shoden no Eri Jime Gata<\/span><br \/>\n<span style=\"color: #993300; font-size: 15px;\">&#8211; Ch\u00fbden no Sabaki Gata<\/span><br \/>\n<span style=\"color: #993300; font-size: 15px;\">&#8211; Ch\u00fbden no Tai no Kata<\/span><br \/>\n<span style=\"color: #993300; font-size: 15px;\">&#8211; Mut\u00f4 Dori Gata<\/span><br \/>\n<span style=\"color: #993300; font-size: 15px;\">&#8211; Daish\u00f4 Sabaki Gata<\/span><br \/>\n<span style=\"color: #993300; font-size: 15px;\">&#8211; Okuden no Kata Shirabe Gata<\/span><br \/>\n<span style=\"color: #993300; font-size: 15px;\">&#8211; Okuden no Kata Moguri Gata<\/span><br \/>\n<span style=\"color: #993300; font-size: 15px;\">&#8211; Ky\u00fbsho<\/span><br \/>\n<span style=\"color: #993300; font-size: 15px;\">&#8211; Y\u00f4goshu<\/span><\/p>\n<p><span style=\"color: #993300; font-size: 15px;\">280 strani, ve\u010d kot 630 ilustracij<\/span><\/p>\n<p><span style=\"color: #993300; font-size: 15px;\">Jezik: angle\u0161ki<\/span><\/p>\n<\/div>\n","protected":false},"excerpt":{"rendered":"<p><span style=\"color: #002060;\">Avtor: <strong>Carsten KUHN &amp; Tommy James PETERS<\/strong><\/span><\/p>\n","protected":false},"featured_media":107099,"comment_status":"open","ping_status":"closed","template":"","meta":[],"product_brand":[],"product_cat":[797,1037],"product_tag":[],"class_list":{"0":"post-77013","1":"product","2":"type-product","3":"status-publish","4":"has-post-thumbnail","6":"product_cat-ninjutsu-1","7":"product_cat-ninjutsu-3","9":"first","10":"instock","11":"taxable","12":"shipping-taxable","13":"purchasable","14":"product-type-simple"},"_links":{"self":[{"href":"https:\/\/www.budoshop.si\/sl\/wp-json\/wp\/v2\/product\/77013","targetHints":{"allow":["GET"]}}],"collection":[{"href":"https:\/\/www.budoshop.si\/sl\/wp-json\/wp\/v2\/product"}],"about":[{"href":"https:\/\/www.budoshop.si\/sl\/wp-json\/wp\/v2\/types\/product"}],"replies":[{"embeddable":true,"href":"https:\/\/www.budoshop.si\/sl\/wp-json\/wp\/v2\/comments?post=77013"}],"wp:featuredmedia":[{"embeddable":true,"href":"https:\/\/www.budoshop.si\/sl\/wp-json\/wp\/v2\/media\/107099"}],"wp:attachment":[{"href":"https:\/\/www.budoshop.si\/sl\/wp-json\/wp\/v2\/media?parent=77013"}],"wp:term":[{"taxonomy":"product_brand","embeddable":true,"href":"https:\/\/www.budoshop.si\/sl\/wp-json\/wp\/v2\/product_brand?post=77013"},{"taxonomy":"product_cat","embeddable":true,"href":"https:\/\/www.budoshop.si\/sl\/wp-json\/wp\/v2\/product_cat?post=77013"},{"taxonomy":"product_tag","embeddable":true,"href":"https:\/\/www.budoshop.si\/sl\/wp-json\/wp\/v2\/product_tag?post=77013"}],"curies":[{"name":"wp","href":"https:\/\/api.w.org\/{rel}","templated":true}]}}