{"id":76997,"date":"2018-09-13T06:51:49","date_gmt":"2018-09-13T04:51:49","guid":{"rendered":"https:\/\/budoshop.si\/?product=shinden-fudo-ryu-dakentaijutsu-bujinkan-budo-densho"},"modified":"2023-09-26T08:37:29","modified_gmt":"2023-09-26T06:37:29","slug":"shinden-fudo-ryu-dakentaijutsu-bujinkan-budo-densho","status":"publish","type":"product","link":"https:\/\/www.budoshop.si\/sl\/izdelek\/shinden-fudo-ryu-dakentaijutsu-bujinkan-budo-densho\/","title":{"rendered":"SHINDEN FUDO RYU DAKENTAIJUTSU &#8211; Bujinkan Budo Densho"},"content":{"rendered":"<div style=\"text-align: justify;\">\n<p><span style=\"color: #993300; font-size: 15px;\">Ta \u201cmoderni\u201d Densho je predvsem potrebno jemati kot osnovni priro\u010dnik za dnevni trening. Posebnost te knjige je, da je vsak posamezen gib prikazan z ilustracijo, da bi se uporabnik lahko osredoto\u010dil na posamezno tehniko ali Kato. Vsako od tehnik dopolnjuje tudi kratek opis najbolj pomembnih golorokih oblik gibanja Shinden Fud\u00f4 Ry\u00fb Dakentaijutsu-ja. Ta knjiga prikazuje najbolj pomembne tehnike Shinden Fud\u00f4 Ry\u00fb Dakentijutsu-ja. <\/span><\/p>\n<p><span style=\"color: #993300; font-size: 15px;\">Iz vsebine: <\/span><br \/>\n<span style=\"color: #993300; font-size: 15px;\">&#8211; History <\/span><br \/>\n<span style=\"color: #993300; font-size: 15px;\">&#8211; Kihon Gata<\/span><br \/>\n<span style=\"color: #993300; font-size: 15px;\">&#8211; Kamae Gata<\/span><br \/>\n<span style=\"color: #993300; font-size: 15px;\">&#8211; Ten no Kata<\/span><br \/>\n<span style=\"color: #993300; font-size: 15px;\">&#8211; Chi Kata<\/span><br \/>\n<span style=\"color: #993300; font-size: 15px;\">&#8211; Shizen Shigoku no Kata<\/span><br \/>\n<span style=\"color: #993300; font-size: 15px;\">&#8211; Kyusho<\/span><br \/>\n<span style=\"color: #993300; font-size: 15px;\">&#8211; Glossary<\/span><\/p>\n<p><span style=\"color: #993300; font-size: 15px;\">99 strani, ve\u010d kot 200 ilustracij<\/span><\/p>\n<p><span style=\"color: #993300; font-size: 15px;\">Jezik: angle\u0161ki<\/span><\/p>\n<\/div>\n","protected":false},"excerpt":{"rendered":"<p><span style=\"color: #002060;\">Avtor: <strong>Carsten KUHN &amp; Tommy James PETERS<\/strong><\/span><\/p>\n","protected":false},"featured_media":77001,"comment_status":"open","ping_status":"closed","template":"","meta":[],"product_brand":[],"product_cat":[1037,797],"product_tag":[],"class_list":{"0":"post-76997","1":"product","2":"type-product","3":"status-publish","4":"has-post-thumbnail","6":"product_cat-ninjutsu-3","7":"product_cat-ninjutsu-1","9":"first","10":"instock","11":"taxable","12":"shipping-taxable","13":"purchasable","14":"product-type-simple"},"_links":{"self":[{"href":"https:\/\/www.budoshop.si\/sl\/wp-json\/wp\/v2\/product\/76997","targetHints":{"allow":["GET"]}}],"collection":[{"href":"https:\/\/www.budoshop.si\/sl\/wp-json\/wp\/v2\/product"}],"about":[{"href":"https:\/\/www.budoshop.si\/sl\/wp-json\/wp\/v2\/types\/product"}],"replies":[{"embeddable":true,"href":"https:\/\/www.budoshop.si\/sl\/wp-json\/wp\/v2\/comments?post=76997"}],"wp:featuredmedia":[{"embeddable":true,"href":"https:\/\/www.budoshop.si\/sl\/wp-json\/wp\/v2\/media\/77001"}],"wp:attachment":[{"href":"https:\/\/www.budoshop.si\/sl\/wp-json\/wp\/v2\/media?parent=76997"}],"wp:term":[{"taxonomy":"product_brand","embeddable":true,"href":"https:\/\/www.budoshop.si\/sl\/wp-json\/wp\/v2\/product_brand?post=76997"},{"taxonomy":"product_cat","embeddable":true,"href":"https:\/\/www.budoshop.si\/sl\/wp-json\/wp\/v2\/product_cat?post=76997"},{"taxonomy":"product_tag","embeddable":true,"href":"https:\/\/www.budoshop.si\/sl\/wp-json\/wp\/v2\/product_tag?post=76997"}],"curies":[{"name":"wp","href":"https:\/\/api.w.org\/{rel}","templated":true}]}}