{"id":76794,"date":"2018-09-13T06:51:49","date_gmt":"2018-09-13T06:51:49","guid":{"rendered":"https:\/\/budoshop.si\/?product=judo-gi-kimono-adidas-j930-ijf-blue"},"modified":"2025-12-17T08:05:28","modified_gmt":"2025-12-17T07:05:28","slug":"judo-gi-kimono-adidas-j930-ijf-blue","status":"publish","type":"product","link":"https:\/\/www.budoshop.si\/sl\/izdelek\/judo-gi-kimono-adidas-j930-ijf-blue\/","title":{"rendered":"Judo Gi (Kimono) &#8221;ADIDAS J930 IJF &#8211; BLUE&#8221;"},"content":{"rendered":"<div style=\"text-align: justify;\"><span style=\"color: #c00000;\">To je vrhunsko Judo Kimono, ki ga kot uradno obla\u010dilo uporabljajo mnoge nacionalne ekipe kot so Francija, Nem\u010dija, Avstrija, Mad\u017earska, Kuba, Kitajska, Koreja, Iran, Egipt&hellip;<br \/>Jakna je narejena iz polibomba\u017e* materiala (25% bomba\u017e \/ 75% poliester, 930 g\/m<sup>2<\/sup>), hla\u010de iz 100% bomba\u017ea (275 g\/m<sup>2<\/sup>), vrhunske kvalitete. Zahvaljujo\u010d unikatnemu dizajnu vlaken imajo &scaron;ivi 10-letno garancijo! Kompaktno, preparirano zrnasto tkanje. Jakna ima bele Adidas \u010drte preko ramen.<br \/><strong><\/strong><br \/><strong>Kimono je usklajeno z novimi IJF 2011 pravili!<\/strong><\/p>\n<p>V kompletu so hla\u010de z vrvico in jakna.<\/p>\n<p>Vi&scaron;ine: 160 &ndash; 195 cm (na 5 cm)<\/p>\n<p><strong>Ta artikel je odobren iz strani IJF<\/strong>-ja (International Judo Federation).<\/p>\n<p>Priporo\u010damo tudi nakup <strong><a href=\"http:\/\/www.budoshop-sp.si\/catalog\/p1140-Obi-Adidas-IJF-NOVO-.html\">Obi &#39;&#39;Adidas IJF&#39;&#39;<\/a><\/strong> (koda: BH06)!<\/p>\n<p>* Testi raztegljivosti so pokazali, da je polibomba\u017e (me&scaron;anica bomba\u017ea in poliestra) 20% mo\u010dnej&scaron;i ob enaki sili in enaki kompaktnosti tkanja na m<sup>2<\/sup>, ter se po prvem pranju (30<sup>o<\/sup>) kr\u010di za 15% manj (v primerjavi s 100% bomba\u017eem).<\/span><\/div>\n","protected":false},"excerpt":{"rendered":"<p><strong><span style=\"color: #002060;\">IJF verificirano vrhunsko tekmovalno Judo Kimono modre barve.<\/span><br \/>_x000d_<br \/>\n<\/strong><\/p>\n","protected":false},"featured_media":76797,"comment_status":"open","ping_status":"closed","template":"","meta":[],"product_brand":[],"product_cat":[],"product_tag":[],"class_list":{"0":"post-76794","1":"product","2":"type-product","3":"status-publish","4":"has-post-thumbnail","6":"pa_velikost-160-cm-sl","7":"pa_velikost-165-cm-sl","8":"pa_velikost-170-cm-sl","9":"pa_velikost-175-cm-sl","10":"pa_velikost-180-cm-sl","11":"pa_velikost-185-cm-sl","12":"pa_velikost-190-cm-sl","13":"pa_velikost-195-cm-sl","15":"first","16":"outofstock","17":"taxable","18":"shipping-taxable","19":"purchasable","20":"product-type-variable"},"_links":{"self":[{"href":"https:\/\/www.budoshop.si\/sl\/wp-json\/wp\/v2\/product\/76794","targetHints":{"allow":["GET"]}}],"collection":[{"href":"https:\/\/www.budoshop.si\/sl\/wp-json\/wp\/v2\/product"}],"about":[{"href":"https:\/\/www.budoshop.si\/sl\/wp-json\/wp\/v2\/types\/product"}],"replies":[{"embeddable":true,"href":"https:\/\/www.budoshop.si\/sl\/wp-json\/wp\/v2\/comments?post=76794"}],"wp:featuredmedia":[{"embeddable":true,"href":"https:\/\/www.budoshop.si\/sl\/wp-json\/wp\/v2\/media\/76797"}],"wp:attachment":[{"href":"https:\/\/www.budoshop.si\/sl\/wp-json\/wp\/v2\/media?parent=76794"}],"wp:term":[{"taxonomy":"product_brand","embeddable":true,"href":"https:\/\/www.budoshop.si\/sl\/wp-json\/wp\/v2\/product_brand?post=76794"},{"taxonomy":"product_cat","embeddable":true,"href":"https:\/\/www.budoshop.si\/sl\/wp-json\/wp\/v2\/product_cat?post=76794"},{"taxonomy":"product_tag","embeddable":true,"href":"https:\/\/www.budoshop.si\/sl\/wp-json\/wp\/v2\/product_tag?post=76794"}],"curies":[{"name":"wp","href":"https:\/\/api.w.org\/{rel}","templated":true}]}}