{"id":76764,"date":"2018-09-13T06:51:49","date_gmt":"2018-09-13T04:51:49","guid":{"rendered":"https:\/\/budoshop.si\/?product=naginata-lesena-helebarda"},"modified":"2023-10-15T17:16:12","modified_gmt":"2023-10-15T15:16:12","slug":"naginata-lesena-helebarda","status":"publish","type":"product","link":"https:\/\/www.budoshop.si\/sl\/izdelek\/naginata-lesena-helebarda\/","title":{"rendered":"NAGINATA lesena helebarda"},"content":{"rendered":"<div style=\"text-align: justify;\">\n<p><span style=\"color: #993300; font-size: 15px;\">Popolnoma ro\u010dno in iz najbolj\u0161ega hrasta izdelana lesena trening Naginata (hslebarda), narejena po tradicionalni japonski obliki. Nelakirana, da bolje polzi v rokah. Primerna je tako za kvaliteten Budo trening kot zanimiv dekorativen predmet. <\/span><\/p>\n<p><span style=\"font-size: 15px; color: #993300;\">Nudimo dva modela:<\/span><br \/>\n<span style=\"font-size: 15px; color: #993300;\">a)<\/span><br \/>\n<span style=\"font-size: 15px; color: #993300;\">Skupna dol\u017eina: cca. 215 cm <\/span><br \/>\n<span style=\"font-size: 15px; color: #993300;\">Te\u017ea: cca. 1.580 g<\/span><\/p>\n<p><span style=\"font-size: 15px; color: #993300;\">b)<\/span><br \/>\n<span style=\"font-size: 15px; color: #993300;\">Skupna dol\u017eina: cca- 245 cm<\/span><br \/>\n<span style=\"font-size: 15px; color: #993300;\">Skupna te\u017ea: cca. 1.750 g<\/span><\/p>\n<p><span style=\"font-size: 15px; color: #993300;\">Opomba! Dostava se zara\u010dunava posebej, po ceniku dostavne slu\u017ebe!<\/span><\/p>\n<\/div>\n<div style=\"text-align: justify;\"><span style=\"color: #c00000;\"><br \/>\n<span style=\"color: #993300; font-size: 11px;\">Opozorilo!<br \/>\n\u25ba Artikel je namenjen samo dekorativni uporabi oziroma osebnemu treningu borilnih ve\u0161\u010din.<br \/>\n\u25ba Po prodaji, prodajalec ni ve\u010d odgovoren za nikakr\u0161ne po\u0161kodbe, ki se lahko zgodijo zaradi napa\u010dne uporabe ali zanemarjanja teh opozoril. Novi lastnik prevzema popolno odgovornost za skrb in uporabo tega artikla.<br \/>\n\u25ba Vsakr\u0161na napa\u010dna uporaba ali nepazljivost lahko vam ali drugemu povzro\u010di resne po\u0161kodbe ali celo smrt!<br \/>\n\u25ba Ta artikel se v nobenem primeru ne sme uporabljati na drugi osebi!<\/span><br \/>\n<\/span><\/div>\n","protected":false},"excerpt":{"rendered":"<p><span style=\"color: #002060;\"><strong>Ro\u010dno izdelana lesena Samurajska Naginata helebarda.<\/strong><\/span><\/p>\n","protected":false},"featured_media":76767,"comment_status":"open","ping_status":"closed","template":"","meta":[],"product_brand":[],"product_cat":[1037,729,977,1055],"product_tag":[],"class_list":{"0":"post-76764","1":"product","2":"type-product","3":"status-publish","4":"has-post-thumbnail","6":"product_cat-ninjutsu-3","7":"product_cat-dolga-orozja","8":"product_cat-yari-no-hanzo-1","9":"product_cat-yari-no-hanzo-3","10":"pa_dolzina-215-cm-sl","11":"pa_dolzina-245-cm-sl","13":"first","14":"onbackorder","15":"taxable","16":"shipping-taxable","17":"purchasable","18":"product-type-variable"},"_links":{"self":[{"href":"https:\/\/www.budoshop.si\/sl\/wp-json\/wp\/v2\/product\/76764","targetHints":{"allow":["GET"]}}],"collection":[{"href":"https:\/\/www.budoshop.si\/sl\/wp-json\/wp\/v2\/product"}],"about":[{"href":"https:\/\/www.budoshop.si\/sl\/wp-json\/wp\/v2\/types\/product"}],"replies":[{"embeddable":true,"href":"https:\/\/www.budoshop.si\/sl\/wp-json\/wp\/v2\/comments?post=76764"}],"wp:featuredmedia":[{"embeddable":true,"href":"https:\/\/www.budoshop.si\/sl\/wp-json\/wp\/v2\/media\/76767"}],"wp:attachment":[{"href":"https:\/\/www.budoshop.si\/sl\/wp-json\/wp\/v2\/media?parent=76764"}],"wp:term":[{"taxonomy":"product_brand","embeddable":true,"href":"https:\/\/www.budoshop.si\/sl\/wp-json\/wp\/v2\/product_brand?post=76764"},{"taxonomy":"product_cat","embeddable":true,"href":"https:\/\/www.budoshop.si\/sl\/wp-json\/wp\/v2\/product_cat?post=76764"},{"taxonomy":"product_tag","embeddable":true,"href":"https:\/\/www.budoshop.si\/sl\/wp-json\/wp\/v2\/product_tag?post=76764"}],"curies":[{"name":"wp","href":"https:\/\/api.w.org\/{rel}","templated":true}]}}