{"id":76754,"date":"2018-09-13T06:51:49","date_gmt":"2018-09-13T06:51:49","guid":{"rendered":"https:\/\/budoshop.si\/?product=usnjen-fokuser-scit-pao-extra"},"modified":"2023-10-03T13:28:57","modified_gmt":"2023-10-03T11:28:57","slug":"usnjen-fokuser-scit-pao-extra","status":"publish","type":"product","link":"https:\/\/www.budoshop.si\/sl\/izdelek\/usnjen-fokuser-scit-pao-extra\/","title":{"rendered":"Usnjen fokuser \u0161\u010dit &#8221;PAO EXTRA&#8221;"},"content":{"rendered":"<div style=\"text-align: justify;\">\n<p><span style=\"color: #993300; font-size: 15px;\">Kvaliteten velik oblazinjen PAO \u0161\u010dit za borilne ve\u0161\u010dine. Narejen je iz umetnega usnja \u010drne barve, da zagotavlja tudi najmo\u010dnej\u0161e udarce, stranski del pa iz \u010dvrstega canvas platna, ki ob zgre\u0161enih udarcih ne po\u0161koduje noge. Izredno debelo oblazinjuen. \u0160tirje (4) mo\u010dni obro\u010di za dr\u017eanje na zadnji strani zagotavljata dobro in stabilno dr\u017eanje v vodoravni ali navpi\u010dni legi. Zaradi dodatnih dveh rink za dr\u017eanje se ga lahko tudi obesi na steno in uporablja kot zidno Makiwaro.<\/span><\/p>\n<p><span style=\"font-size: 15px; color: #993300;\">Primeren predvsem za trening Thai Box-a in Kickboxing-a, pa tudi Taekwondo-ja, Karate-ja, MMA-ja, PROSTE BORBE in drugih kontaktnih ve\u0161\u010din.<\/span><\/p>\n<p><span style=\"font-size: 15px; color: #993300;\">Odli\u010dno razmerje med ceno in kvaliteto!<\/span><\/p>\n<p><span style=\"font-size: 15px; color: #993300;\">Dimenzije: cca. 60 cm X 35 cm X 17 cm<\/span><\/p>\n<\/div>\n","protected":false},"excerpt":{"rendered":"<p><strong><span style=\"color: #002060;\">60 x 35 cm velik oblazinjen PAO \u0161\u010dit.<\/span><\/strong><\/p>\n","protected":false},"featured_media":76757,"comment_status":"open","ping_status":"closed","template":"","meta":[],"product_brand":[5607],"product_cat":[1043,1063,985,1033,1029,1113,1039,1041],"product_tag":[],"class_list":{"0":"post-76754","1":"product","2":"type-product","3":"status-publish","4":"has-post-thumbnail","6":"product_brand-danhro","7":"product_cat-boks-kickbox-tajski-boks-mma","8":"product_cat-danhro-1","9":"product_cat-danrho-1","10":"product_cat-ju-jitsujiu-jitsu-1","11":"product_cat-karate-5","12":"product_cat-pao-fokuserji","13":"product_cat-taekwondo-3","14":"product_cat-tai-chi-kunf-fu-wu-shu-1","16":"first","17":"instock","18":"taxable","19":"shipping-taxable","20":"purchasable","21":"product-type-simple"},"_links":{"self":[{"href":"https:\/\/www.budoshop.si\/sl\/wp-json\/wp\/v2\/product\/76754","targetHints":{"allow":["GET"]}}],"collection":[{"href":"https:\/\/www.budoshop.si\/sl\/wp-json\/wp\/v2\/product"}],"about":[{"href":"https:\/\/www.budoshop.si\/sl\/wp-json\/wp\/v2\/types\/product"}],"replies":[{"embeddable":true,"href":"https:\/\/www.budoshop.si\/sl\/wp-json\/wp\/v2\/comments?post=76754"}],"wp:featuredmedia":[{"embeddable":true,"href":"https:\/\/www.budoshop.si\/sl\/wp-json\/wp\/v2\/media\/76757"}],"wp:attachment":[{"href":"https:\/\/www.budoshop.si\/sl\/wp-json\/wp\/v2\/media?parent=76754"}],"wp:term":[{"taxonomy":"product_brand","embeddable":true,"href":"https:\/\/www.budoshop.si\/sl\/wp-json\/wp\/v2\/product_brand?post=76754"},{"taxonomy":"product_cat","embeddable":true,"href":"https:\/\/www.budoshop.si\/sl\/wp-json\/wp\/v2\/product_cat?post=76754"},{"taxonomy":"product_tag","embeddable":true,"href":"https:\/\/www.budoshop.si\/sl\/wp-json\/wp\/v2\/product_tag?post=76754"}],"curies":[{"name":"wp","href":"https:\/\/api.w.org\/{rel}","templated":true}]}}