{"id":76714,"date":"2018-09-13T06:51:49","date_gmt":"2018-09-13T06:51:49","guid":{"rendered":"https:\/\/budoshop.si\/?product=profesionalni-scitnik-za-zobe-protexsmile"},"modified":"2023-09-29T12:45:11","modified_gmt":"2023-09-29T10:45:11","slug":"profesionalni-scitnik-za-zobe-protexsmile","status":"publish","type":"product","link":"https:\/\/www.budoshop.si\/sl\/izdelek\/profesionalni-scitnik-za-zobe-protexsmile\/","title":{"rendered":"Profesionalni \u0161\u010ditnik za zobe &#8221;PROTEXSMILE&#8221;"},"content":{"rendered":"<div style=\"text-align: justify;\">\n<p><span style=\"color: #993300; font-size: 15px;\">Protexsmile je profesionalni \u0161\u010ditnik za zobe za najbolj\u0161o za\u0161\u010dito. Narejen je po posebnem M.O.R.A. (Mandiboular Orthopedic Repositioning Appliance) sistemu, pri katerem pride do najbolj idealne lege zob, \u010deljusti in jezika. Tako se izognemo vsaki neizravnanosti katera ima za posledico, da se vsa mo\u010d porabi za doseganje cilja namesto za upravljanje neuravnove\u0161enosti zob. Ta \u0161\u010ditnik je namenjen vsem \u0161portom pri katerih se lahko stopnjuje te\u017eavnostna stopnja. Ker je prilagodljiv ga lahko uporabljajo tudi \u0161portniki mlaj\u0161i od deset let.<br \/>\nVsi \u0161\u010ditniki so univerzalne velikosti, anti-toksi\u010dni, anti-alergi\u010dni in primerni za \u010di\u0161\u010denje v vro\u010di vodi. <\/span><\/p>\n<p><span style=\"font-size: 15px; color: #993300;\">Prilo\u017eena \u0161katlica zagotavlja higiensko shranjevanje.<\/span><\/p>\n<p><span style=\"font-size: 15px; color: #993300;\">Velikost: SR.<\/span><\/p>\n<\/div>\n","protected":false},"excerpt":{"rendered":"<p><span style=\"color: #002060;\"><strong>Profesionalni prilagodljiv anatomi\u010dni \u0161\u010ditnik za zobe za najbolj\u0161o za\u0161\u010dito.<\/strong><\/span><\/p>\n","protected":false},"featured_media":76718,"comment_status":"open","ping_status":"closed","template":"","meta":[],"product_brand":[5612],"product_cat":[1043,1033,947,1029,903,1039],"product_tag":[],"class_list":{"0":"post-76714","1":"product","2":"type-product","3":"status-publish","4":"has-post-thumbnail","6":"product_brand-kamikaze","7":"product_cat-boks-kickbox-tajski-boks-mma","8":"product_cat-ju-jitsujiu-jitsu-1","9":"product_cat-kamikaze-3","10":"product_cat-karate-5","11":"product_cat-scitniki-za-zobe","12":"product_cat-taekwondo-3","14":"first","15":"instock","16":"taxable","17":"shipping-taxable","18":"purchasable","19":"product-type-simple"},"_links":{"self":[{"href":"https:\/\/www.budoshop.si\/sl\/wp-json\/wp\/v2\/product\/76714","targetHints":{"allow":["GET"]}}],"collection":[{"href":"https:\/\/www.budoshop.si\/sl\/wp-json\/wp\/v2\/product"}],"about":[{"href":"https:\/\/www.budoshop.si\/sl\/wp-json\/wp\/v2\/types\/product"}],"replies":[{"embeddable":true,"href":"https:\/\/www.budoshop.si\/sl\/wp-json\/wp\/v2\/comments?post=76714"}],"wp:featuredmedia":[{"embeddable":true,"href":"https:\/\/www.budoshop.si\/sl\/wp-json\/wp\/v2\/media\/76718"}],"wp:attachment":[{"href":"https:\/\/www.budoshop.si\/sl\/wp-json\/wp\/v2\/media?parent=76714"}],"wp:term":[{"taxonomy":"product_brand","embeddable":true,"href":"https:\/\/www.budoshop.si\/sl\/wp-json\/wp\/v2\/product_brand?post=76714"},{"taxonomy":"product_cat","embeddable":true,"href":"https:\/\/www.budoshop.si\/sl\/wp-json\/wp\/v2\/product_cat?post=76714"},{"taxonomy":"product_tag","embeddable":true,"href":"https:\/\/www.budoshop.si\/sl\/wp-json\/wp\/v2\/product_tag?post=76714"}],"curies":[{"name":"wp","href":"https:\/\/api.w.org\/{rel}","templated":true}]}}