{"id":76682,"date":"2018-09-13T06:51:49","date_gmt":"2018-09-13T06:51:49","guid":{"rendered":"https:\/\/budoshop.si\/?product=otroski-adidas-boksarski-set-junior-novo"},"modified":"2026-01-10T11:44:59","modified_gmt":"2026-01-10T10:44:59","slug":"otroski-adidas-boksarski-set-junior-novo","status":"publish","type":"product","link":"https:\/\/www.budoshop.si\/sl\/izdelek\/otroski-adidas-boksarski-set-junior-novo\/","title":{"rendered":"Otro\u0161ki Adidas boksarski set &#8221;JUNIOR&#8221;"},"content":{"rendered":"<div style=\"text-align: justify;\">\n<p><span style=\"color: #993300; font-size: 15px;\">Otroci radi razgrajajo in Adidasov otro\u0161ki boks set Junior jim omogo\u010da, da to po\u010dnejo varno. \u0160e ve\u010d, z boksanjem bo va\u0161 otrok spro\u0161\u010dal odve\u010dno energijo in ob tem krepil celotno telo. Nakup tega boksarskega seta bo zato za va\u0161ega otroka zanimiv, pou\u010den in zdrav.<\/span><\/p>\n<p><span style=\"font-size: 15px; color: #993300;\">Set vklju\u010duje 6 OZ boks rokavice in vre\u010do za udarjanje. Rokavice \u010drne barve so narejene iz PU duratec umetnega usnja z mehko oblazinjenostjo, da \u010dim bolj \u0161\u010ditijo otro\u0161ke pesti in prste. <\/span><br \/>\n<span style=\"font-size: 15px; color: #993300;\">Boksarska vre\u010da je izdelana iz trpe\u017enega parachute platna velikosti 43 x 19 cm, s platnenimi trakovi za obe\u0161anje. Polnjena je s tekstilnimi obrezninami, njena te\u017ea pa cca. 6 kg.<\/span><\/p>\n<p><span style=\"font-size: 15px; color: #993300;\">Rokavice in vre\u010da so \u010drne barve s prepoznavnim rde\u010dim Adidas logotipom.<\/span><\/p>\n<p><span style=\"font-size: 15px; color: #993300;\">Pakirano v li\u010dni potiskani \u0161katli predstavlja odli\u010dno darilo otroku!<\/span><\/p>\n<p><span style=\"font-size: 15px; color: #993300;\">Primerno za otroke do devetega leta starosti.<\/span><\/p>\n<\/div>\n","protected":false},"excerpt":{"rendered":"<p><span style=\"color: #002060;\"><strong>Otro\u0161ka boksarska vre\u010da in rokavice znamke Adidas.<\/strong><\/span><\/p>\n","protected":false},"featured_media":113127,"comment_status":"open","ping_status":"closed","template":"","meta":[],"product_brand":[5594],"product_cat":[5431,1043,1033,1029,1039,1041,925,967,865,951,1049],"product_tag":[],"class_list":{"0":"post-76682","1":"product","2":"type-product","3":"status-publish","4":"has-post-thumbnail","6":"product_brand-adidas","7":"product_cat-otroske-boksarske-vrece","8":"product_cat-boks-kickbox-tajski-boks-mma","9":"product_cat-ju-jitsujiu-jitsu-1","10":"product_cat-karate-5","11":"product_cat-taekwondo-3","12":"product_cat-tai-chi-kunf-fu-wu-shu-1","13":"product_cat-mma-in-boxing-set","14":"product_cat-otroske-boks-rokavice","15":"product_cat-visece-vrece","16":"product_cat-adidas-3","17":"product_cat-adidas-7","19":"first","20":"instock","21":"taxable","22":"shipping-taxable","23":"purchasable","24":"product-type-simple"},"_links":{"self":[{"href":"https:\/\/www.budoshop.si\/sl\/wp-json\/wp\/v2\/product\/76682","targetHints":{"allow":["GET"]}}],"collection":[{"href":"https:\/\/www.budoshop.si\/sl\/wp-json\/wp\/v2\/product"}],"about":[{"href":"https:\/\/www.budoshop.si\/sl\/wp-json\/wp\/v2\/types\/product"}],"replies":[{"embeddable":true,"href":"https:\/\/www.budoshop.si\/sl\/wp-json\/wp\/v2\/comments?post=76682"}],"wp:featuredmedia":[{"embeddable":true,"href":"https:\/\/www.budoshop.si\/sl\/wp-json\/wp\/v2\/media\/113127"}],"wp:attachment":[{"href":"https:\/\/www.budoshop.si\/sl\/wp-json\/wp\/v2\/media?parent=76682"}],"wp:term":[{"taxonomy":"product_brand","embeddable":true,"href":"https:\/\/www.budoshop.si\/sl\/wp-json\/wp\/v2\/product_brand?post=76682"},{"taxonomy":"product_cat","embeddable":true,"href":"https:\/\/www.budoshop.si\/sl\/wp-json\/wp\/v2\/product_cat?post=76682"},{"taxonomy":"product_tag","embeddable":true,"href":"https:\/\/www.budoshop.si\/sl\/wp-json\/wp\/v2\/product_tag?post=76682"}],"curies":[{"name":"wp","href":"https:\/\/api.w.org\/{rel}","templated":true}]}}