{"id":76511,"date":"2018-09-13T06:51:49","date_gmt":"2018-09-13T06:51:49","guid":{"rendered":"https:\/\/budoshop.si\/?product=boks-celada-adidas-aiba-ce"},"modified":"2026-01-13T09:55:13","modified_gmt":"2026-01-13T08:55:13","slug":"boks-celada-adidas-aiba-ce","status":"publish","type":"product","link":"https:\/\/www.budoshop.si\/sl\/izdelek\/boks-celada-adidas-aiba-ce\/","title":{"rendered":"Usnjena boks \u010delada &#8221;Adidas IBA&#8221;"},"content":{"rendered":"<div style=\"text-align: justify;\">\n<p><span style=\"font-size: 15px; color: #993300;\"><span class=\"HwtZe\" lang=\"sl\"><span class=\"jCAhz ChMk0b\"><span class=\"ryNqvb\">Spoznajte se z ekskluzivno Adidas linijo 100% trajnostne boksarske opreme, izdelane s skrbjo za planet.<\/span><\/span><br \/>\n<span class=\"jCAhz ChMk0b\"><span class=\"ryNqvb\">Ta linija boksarskih \u010delad Adidas IBA ima zunanjost v celoti izdelano iz veganskega kaktusovega usnja Desserto, ki ponuja vzdr\u017eljivost in okolju prijaznost.<\/span><\/span> N<span class=\"jCAhz ChMk0b\"><span class=\"ryNqvb\">otranjost \u010delade je opremljena z razko\u0161no <\/span><\/span><\/span><span class=\"HwtZe\" lang=\"sl\"><span class=\"jCAhz ChMk0b\"><span class=\"ryNqvb\">Amara <\/span><\/span><\/span><span class=\"HwtZe\" lang=\"sl\"><span class=\"jCAhz ChMk0b\"><span class=\"ryNqvb\">podlogo, ki zagotavlja najbolj\u0161e udobje.<\/span><\/span> Ta boks \u010delada je<span class=\"jCAhz ChMk0b\"><span class=\"ryNqvb\"> zasnovana za sodobnega \u0161portnika in se za varno prileganje pona\u0161a z dvojnim sistemom zapiranja s trakom in je\u017ekom ter snemljivim trakom za brado.<\/span><\/span> E<span class=\"jCAhz ChMk0b\"><span class=\"ryNqvb\">va pena bla\u017ei<\/span><\/span><\/span><span class=\"HwtZe\" lang=\"sl\"><span class=\"jCAhz ChMk0b\"><span class=\"ryNqvb\">\u00a0udarce in zagotavlja maksimalno varnost borca.<\/span><\/span><\/span><span class=\"HwtZe\" lang=\"sl\">\u00a0<\/span><\/span><\/p>\n<p><span class=\"HwtZe\" lang=\"sl\" style=\"font-size: 15px; color: #993300;\"><span class=\"jCAhz ChMk0b\"><span class=\"ryNqvb\">Boksarska \u010delada Adidas IBA je popoln zaveznik za boksarskima tekmovanja.<\/span><\/span> \u010celada je i<span class=\"jCAhz ChMk0b\"><span class=\"ryNqvb\">zdelana pravega usnja in nudi zanesljivo za\u0161\u010dito ter odli\u010dno prileganje zahvaljujo\u010d dvojnemu sistemu zapiranja s trakovi in je\u017ekom.<\/span><\/span> <span class=\"jCAhz ChMk0b\"><span class=\"ryNqvb\">Protiudarna podloga<\/span><\/span>\u00a0<span class=\"jCAhz ChMk0b\"><span class=\"ryNqvb\">Ta vrhunski model je prestal vse preizkuse turnirskih pogojev.<\/span><\/span><span class=\"jCAhz ChMk0b\"><span class=\"ryNqvb\"><br \/>\nIzberite kakovost in boksarsko \u010delado Adidas IBA s katero boste blesteli v ringu.<\/span><\/span><\/span><\/p>\n<ul>\n<li><span style=\"font-size: 15px; color: #993300;\"><span class=\"HwtZe\" lang=\"sl\"><span class=\"jCAhz ChMk0b\"><span class=\"ryNqvb\">material: visokokakovostno<span class=\"HwtZe\" lang=\"sl\"> veganskega\u00a0<\/span><\/span><\/span><\/span><span class=\"HwtZe\" lang=\"sl\"><span class=\"jCAhz ChMk0b\"><span class=\"ryNqvb\"><span class=\"HwtZe\" lang=\"sl\">DESSERTO <\/span><\/span><\/span><\/span><span class=\"HwtZe\" lang=\"sl\"><span class=\"jCAhz ChMk0b\"><span class=\"ryNqvb\"><span class=\"HwtZe\" lang=\"sl\">kaktusovo usnje<\/span><\/span><\/span><\/span><\/span><\/li>\n<li><span class=\"HwtZe\" lang=\"sl\" style=\"font-size: 15px; color: #993300;\"><span class=\"jCAhz ChMk0b\"><span class=\"ryNqvb\">notranja podloga: trpe\u017eno sinteti\u010dno AMARA usnje\u00a0<\/span><\/span><\/span><\/li>\n<li><span class=\"HwtZe\" lang=\"sl\" style=\"font-size: 15px; color: #993300;\"><span class=\"jCAhz ChMk0b\"><span class=\"ryNqvb\">odli\u010dna absorpcija in razpr\u0161itev udarcev <\/span><\/span><\/span><\/li>\n<li><span class=\"HwtZe\" lang=\"sl\" style=\"font-size: 15px; color: #993300;\"><span class=\"jCAhz ChMk0b\"><span class=\"ryNqvb\">nastavljiv sistem zapenjanja trakov (zadnji del glave + brada)<\/span><\/span><\/span><\/li>\n<li><span style=\"font-size: 15px; color: #993300;\">snemljiv trak za brado<\/span><\/li>\n<li><span class=\"HwtZe\" lang=\"sl\" style=\"font-size: 15px; color: #993300;\"><span class=\"jCAhz ChMk0b\"><span class=\"ryNqvb\">100 % trajnostno<\/span><\/span><\/span><\/li>\n<\/ul>\n<p><span style=\"font-size: 15px; color: #993300;\"><strong>Ta artikel je odobren iz strani IBA<\/strong>-ja (International Boxing Association &#8211; biv\u0161i AIBA)! <\/span><\/p>\n<p><span style=\"font-size: 15px; color: #993300;\">Ustreza CE standardom! <\/span><\/p>\n<p><span style=\"font-size: 15px; color: #993300;\">Barve: modra ali rde\u010da. <\/span><\/p>\n<p><span style=\"font-size: 15px; color: #993300;\">Univerzalna velikost.<\/span><\/p>\n<p>&nbsp;<\/p>\n<\/div>\n","protected":false},"excerpt":{"rendered":"<p><span style=\"color: #002060;\"><strong>Usnjena IBA verificirana Adidas boks \u010delada modre ali rde\u010de barve.<\/strong><\/span><\/p>\n","protected":false},"featured_media":120877,"comment_status":"open","ping_status":"closed","template":"","meta":[],"product_brand":[5594],"product_cat":[1043,769,951,1049],"product_tag":[],"class_list":{"0":"post-76511","1":"product","2":"type-product","3":"status-publish","4":"has-post-thumbnail","6":"product_brand-adidas","7":"product_cat-boks-kickbox-tajski-boks-mma","8":"product_cat-scitniki-za-glavo","9":"product_cat-adidas-3","10":"product_cat-adidas-7","11":"pa_barva-rdeca-barva-sl-2","12":"pa_barva-modre-barve-sl","14":"first","15":"outofstock","16":"taxable","17":"shipping-taxable","18":"purchasable","19":"product-type-variable"},"_links":{"self":[{"href":"https:\/\/www.budoshop.si\/sl\/wp-json\/wp\/v2\/product\/76511","targetHints":{"allow":["GET"]}}],"collection":[{"href":"https:\/\/www.budoshop.si\/sl\/wp-json\/wp\/v2\/product"}],"about":[{"href":"https:\/\/www.budoshop.si\/sl\/wp-json\/wp\/v2\/types\/product"}],"replies":[{"embeddable":true,"href":"https:\/\/www.budoshop.si\/sl\/wp-json\/wp\/v2\/comments?post=76511"}],"wp:featuredmedia":[{"embeddable":true,"href":"https:\/\/www.budoshop.si\/sl\/wp-json\/wp\/v2\/media\/120877"}],"wp:attachment":[{"href":"https:\/\/www.budoshop.si\/sl\/wp-json\/wp\/v2\/media?parent=76511"}],"wp:term":[{"taxonomy":"product_brand","embeddable":true,"href":"https:\/\/www.budoshop.si\/sl\/wp-json\/wp\/v2\/product_brand?post=76511"},{"taxonomy":"product_cat","embeddable":true,"href":"https:\/\/www.budoshop.si\/sl\/wp-json\/wp\/v2\/product_cat?post=76511"},{"taxonomy":"product_tag","embeddable":true,"href":"https:\/\/www.budoshop.si\/sl\/wp-json\/wp\/v2\/product_tag?post=76511"}],"curies":[{"name":"wp","href":"https:\/\/api.w.org\/{rel}","templated":true}]}}