{"id":76410,"date":"2018-09-13T06:51:49","date_gmt":"2018-09-13T06:51:49","guid":{"rendered":"https:\/\/budoshop.si\/?product=boksarske-podrokavice-adidas"},"modified":"2026-01-16T08:13:10","modified_gmt":"2026-01-16T07:13:10","slug":"boksarske-podrokavice-adidas","status":"publish","type":"product","link":"https:\/\/www.budoshop.si\/sl\/izdelek\/boksarske-podrokavice-adidas\/","title":{"rendered":"Boksarske podrokavice &#8221;ADIDAS&#8221;"},"content":{"rendered":"<div style=\"text-align: justify;\">\n<p><span style=\"color: #993300; font-size: 15px;\">Te Adidasove bomba\u017ene boksarske podrokavice so idealna za\u0161\u010dita dlani, pesti in zapestja za tiste, ki jim ni v\u0161e\u010d navijanje navadnih boksarskih banda\u017e. Namenjene so za uporabo pod boksarskimi ali MMA rokavicami. Ker so podrokavice rahlo elasti\u010dne se odli\u010dno prilegajo dlani, odprtina za palec pa zagotavlja zra\u010dnost dlani. Plast kompaktnega oblazinjenja preko \u010dlenkov zagotavlja popolno za\u0161\u010dito roke pod boksarsko rokavico. Hitro snemanje in natikanje ter \u010dvrsto prileganje omogo\u010da trak okoli zapestja z zapenjanjem na je\u017eka. \u010crno rumen dizajn s karakteristi\u010dnim Adidas logotipom in ugodna cena delata ta artikel \u0161e dodatno atraktiven. Primerne tudi za trening na boksarski vre\u010di, hru\u0161ki, hitri \u017eogi, fokuserju in oblazinjenem \u0161\u010ditu.<\/span><\/p>\n<p><span style=\"font-size: 15px; color: #993300;\">Na voljo velikost: S &#8211; M &#8211; L &#8211; XL<\/span><\/p>\n<p>&nbsp;<\/p>\n<\/div>\n","protected":false},"excerpt":{"rendered":"<p><span style=\"color: #002060;\"><strong>Bomba\u017ene oblazinjene Adidas boksarske podrokavice.<\/strong><\/span><\/p>\n","protected":false},"featured_media":76413,"comment_status":"open","ping_status":"closed","template":"","meta":[],"product_brand":[5594],"product_cat":[1049,951,827,1043,1029,771],"product_tag":[],"class_list":{"0":"post-76410","1":"product","2":"type-product","3":"status-publish","4":"has-post-thumbnail","6":"product_brand-adidas","7":"product_cat-adidas-7","8":"product_cat-adidas-3","9":"product_cat-bandaze-in-podrokavice","10":"product_cat-boks-kickbox-tajski-boks-mma","11":"product_cat-karate-5","12":"product_cat-ostalo-3","13":"pa_velikost-l-sl-2","14":"pa_velikost-m-sl-2","15":"pa_velikost-s-sl-2","16":"pa_velikost-xl-sl","18":"first","19":"instock","20":"taxable","21":"shipping-taxable","22":"purchasable","23":"product-type-variable"},"_links":{"self":[{"href":"https:\/\/www.budoshop.si\/sl\/wp-json\/wp\/v2\/product\/76410","targetHints":{"allow":["GET"]}}],"collection":[{"href":"https:\/\/www.budoshop.si\/sl\/wp-json\/wp\/v2\/product"}],"about":[{"href":"https:\/\/www.budoshop.si\/sl\/wp-json\/wp\/v2\/types\/product"}],"replies":[{"embeddable":true,"href":"https:\/\/www.budoshop.si\/sl\/wp-json\/wp\/v2\/comments?post=76410"}],"wp:featuredmedia":[{"embeddable":true,"href":"https:\/\/www.budoshop.si\/sl\/wp-json\/wp\/v2\/media\/76413"}],"wp:attachment":[{"href":"https:\/\/www.budoshop.si\/sl\/wp-json\/wp\/v2\/media?parent=76410"}],"wp:term":[{"taxonomy":"product_brand","embeddable":true,"href":"https:\/\/www.budoshop.si\/sl\/wp-json\/wp\/v2\/product_brand?post=76410"},{"taxonomy":"product_cat","embeddable":true,"href":"https:\/\/www.budoshop.si\/sl\/wp-json\/wp\/v2\/product_cat?post=76410"},{"taxonomy":"product_tag","embeddable":true,"href":"https:\/\/www.budoshop.si\/sl\/wp-json\/wp\/v2\/product_tag?post=76410"}],"curies":[{"name":"wp","href":"https:\/\/api.w.org\/{rel}","templated":true}]}}