{"id":76356,"date":"2018-09-13T06:51:49","date_gmt":"2018-09-13T06:51:49","guid":{"rendered":"https:\/\/budoshop.si\/?product=boksarske-vrece-novadur"},"modified":"2026-04-20T10:22:20","modified_gmt":"2026-04-20T08:22:20","slug":"boksarske-vrece-novadur","status":"publish","type":"product","link":"https:\/\/www.budoshop.si\/sl\/izdelek\/boksarske-vrece-novadur\/","title":{"rendered":"Boksarske vre\u010de &#8221;NOVADUR&#8221;"},"content":{"rendered":"<div style=\"text-align: justify;\">\n<p><span style=\"color: #993300; font-size: 15px;\">Profesionalne zelo kvalitetne boksarske vre\u010de za trening vseh borilnih ve\u0161\u010din in \u0161portov. Izdelane so iz izredno vzdr\u017eljivega Novadur\u00ae materiala z izjemno dolgo \u017eivljenjsko dobo. Material nudi enostavno vzdr\u017eevanje in vrhunski trening, kljub temu pa je primeren tudi za rekreativno vadbo. Polnjene so z gumi granulatom, ki omogo\u010dajo, da se vre\u010de &#8216;ne zbijejo&#8217;, ampak nenehno ohranjajo svojo originalno obliko. Zaradi granulatnega polnila je ta boksarska vre\u010da tudi te\u017eja od obi\u010dajnih vre\u010d na tr\u017ei\u0161\u010du zaradi \u010desar vre\u010da med udarjanjem manj niha in nudi ve\u010dji odpor. Na notranjih stenah vre\u010de se nahaja pena, ki zagotavlja mehkobo in odli\u010dno amortizacijo udarcev.<br \/>\n<\/span><\/p>\n<p><span style=\"font-size: 15px; color: #993300;\">Vre\u010de so opremljene tudi z jeklenimi verigami, amortizacijsko vzmetjo, ki prepre\u010duje poskakovanje vre\u010de in bla\u017ei nihaje ter hrup in dvema karabinoma za obe\u0161anje. <\/span><\/p>\n<p><span style=\"font-size: 15px; color: #993300;\">Barve: \u010drna, modra, rde\u010da ali rumena<\/span><\/p>\n<p><span style=\"font-size: 15px; color: #993300;\">Premer cca. 37,5 cm.<\/span><\/p>\n<p><span style=\"font-size: 15px; color: #993300;\">Dimenzije:<br \/>\n<\/span><span style=\"font-size: 15px; color: #993300;\">&#8211; 120 cm X cca. 48 kg<\/span><br \/>\n<span style=\"font-size: 15px; color: #993300;\">&#8211; 150 cm X cca. 61 kg<\/span><br \/>\n<span style=\"font-size: 15px; color: #993300;\">&#8211; 180 cm X cca. 72 kg<\/span><\/p>\n<p><span style=\"font-size: 15px; color: #993300;\">Opomba! Po\u0161tnina se zara\u010dunava posebej!<\/span><\/p>\n<\/div>\n","protected":false},"excerpt":{"rendered":"<p><span style=\"color: #002060;\"><strong>Profesionalne POLNE boksarske vre\u010de razli\u010dnih dimenzij in barv.<\/strong><\/span><\/p>\n","protected":false},"featured_media":76359,"comment_status":"open","ping_status":"closed","template":"","meta":[],"product_brand":[5620],"product_cat":[1043,1033,1029,1075,1083,1039,865],"product_tag":[],"class_list":{"0":"post-76356","1":"product","2":"type-product","3":"status-publish","4":"has-post-thumbnail","6":"product_brand-pride","7":"product_cat-boks-kickbox-tajski-boks-mma","8":"product_cat-ju-jitsujiu-jitsu-1","9":"product_cat-karate-5","10":"product_cat-pride-1","11":"product_cat-pride-3","12":"product_cat-taekwondo-3","13":"product_cat-visece-vrece","14":"pa_model-100-cm-sl","15":"pa_model-120-cm-sl","16":"pa_model-150-cm-sl","17":"pa_model-180-cm-sl","19":"first","20":"instock","21":"taxable","22":"shipping-taxable","23":"purchasable","24":"product-type-variable"},"_links":{"self":[{"href":"https:\/\/www.budoshop.si\/sl\/wp-json\/wp\/v2\/product\/76356","targetHints":{"allow":["GET"]}}],"collection":[{"href":"https:\/\/www.budoshop.si\/sl\/wp-json\/wp\/v2\/product"}],"about":[{"href":"https:\/\/www.budoshop.si\/sl\/wp-json\/wp\/v2\/types\/product"}],"replies":[{"embeddable":true,"href":"https:\/\/www.budoshop.si\/sl\/wp-json\/wp\/v2\/comments?post=76356"}],"wp:featuredmedia":[{"embeddable":true,"href":"https:\/\/www.budoshop.si\/sl\/wp-json\/wp\/v2\/media\/76359"}],"wp:attachment":[{"href":"https:\/\/www.budoshop.si\/sl\/wp-json\/wp\/v2\/media?parent=76356"}],"wp:term":[{"taxonomy":"product_brand","embeddable":true,"href":"https:\/\/www.budoshop.si\/sl\/wp-json\/wp\/v2\/product_brand?post=76356"},{"taxonomy":"product_cat","embeddable":true,"href":"https:\/\/www.budoshop.si\/sl\/wp-json\/wp\/v2\/product_cat?post=76356"},{"taxonomy":"product_tag","embeddable":true,"href":"https:\/\/www.budoshop.si\/sl\/wp-json\/wp\/v2\/product_tag?post=76356"}],"curies":[{"name":"wp","href":"https:\/\/api.w.org\/{rel}","templated":true}]}}