{"id":76245,"date":"2018-09-13T06:51:49","date_gmt":"2018-09-13T06:51:49","guid":{"rendered":"https:\/\/budoshop.si\/?product=kolo-za-vadbo-v-akciji"},"modified":"2026-01-23T17:48:01","modified_gmt":"2026-01-23T16:48:01","slug":"kolo-za-vadbo-v-akciji","status":"publish","type":"product","link":"https:\/\/www.budoshop.si\/sl\/izdelek\/kolo-za-vadbo-v-akciji\/","title":{"rendered":"Kolo za vadbo"},"content":{"rendered":"<div style=\"text-align: justify;\">\n<p><span style=\"color: #993300; font-size: 15px;\">Kolo za vadbo je enostaven in zanimiv pripomo\u010dek, ki u\u010dinkovito pomaga pri krepitvi telesa. Sestavljen je iz dveh, enostavno vodljivih osrednjih koles za ravnote\u017eje in stabilnost ter s stranskima oblo\u017eenima ro\u010dema za bolj\u0161i prijem. Uporablja se ga tako, da se poklekne in z vsako roko zgrabi en ro\u010daj ter se nasloni nanje. Kolo se nato s pomo\u010djo mi\u0161ic potiska naprej in nazaj. S tem se krepijo in razvijajo mi\u0161ice rok, ramen, hrbta in trebuha.<\/span><\/p>\n<p>&nbsp;<\/p>\n<p><span style=\"font-size: 15px; color: #993300;\">\u0160e 6 enostavnih pravil s katerimi boste dosegli najbolj\u0161i rezultat uporabe tega pripomo\u010dka:<\/span><br \/>\n<span style=\"font-size: 15px; color: #993300;\">1. Mi\u0161ice potrebujejo kisik, zato dihajte normalno. Ne zadr\u017eujte diha!<\/span><br \/>\n<span style=\"font-size: 15px; color: #993300;\">2. Za \u010dim ve\u010djo mo\u010d in pro\u017enost, izrabljajte poln doseg giba.<\/span><br \/>\n<span style=\"font-size: 15px; color: #993300;\">3. Vsako vajo izvajajte gladko, mirno in teko\u010de.<\/span><br \/>\n<span style=\"font-size: 15px; color: #993300;\">4. Za\u010dnite po po\u010dasnih in kontroliranih korakih<\/span><br \/>\n<span style=\"font-size: 15px; color: #993300;\">5. Ves \u010das izvajanja vaj imejte pravilno dr\u017eo telesa.<\/span><br \/>\n<span style=\"font-size: 15px; color: #993300;\">6. Kot pri vsaki drugi vaji, se pred tem posvetujte s strokovnjakom<\/span><\/p>\n<\/div>\n","protected":false},"excerpt":{"rendered":"<p><span style=\"color: #002060;\"><strong>Vadbeno kolo z ro\u010daji za krepitev mi\u0161ic.<\/strong><\/span><\/p>\n","protected":false},"featured_media":76249,"comment_status":"open","ping_status":"closed","template":"","meta":[],"product_brand":[5620],"product_cat":[1035,927,1043,1033,1031,1029,1037,1125,1039,1041],"product_tag":[],"class_list":{"0":"post-76245","1":"product","2":"type-product","3":"status-publish","4":"has-post-thumbnail","6":"product_brand-pride","7":"product_cat-aikido-kendo-iai-kobudo-1","8":"product_cat-v-akciji","9":"product_cat-boks-kickbox-tajski-boks-mma","10":"product_cat-ju-jitsujiu-jitsu-1","11":"product_cat-judo-1","12":"product_cat-karate-5","13":"product_cat-ninjutsu-3","14":"product_cat-pripomocki-za-fitness","15":"product_cat-taekwondo-3","16":"product_cat-tai-chi-kunf-fu-wu-shu-1","18":"first","19":"instock","20":"taxable","21":"shipping-taxable","22":"purchasable","23":"product-type-simple"},"_links":{"self":[{"href":"https:\/\/www.budoshop.si\/sl\/wp-json\/wp\/v2\/product\/76245","targetHints":{"allow":["GET"]}}],"collection":[{"href":"https:\/\/www.budoshop.si\/sl\/wp-json\/wp\/v2\/product"}],"about":[{"href":"https:\/\/www.budoshop.si\/sl\/wp-json\/wp\/v2\/types\/product"}],"replies":[{"embeddable":true,"href":"https:\/\/www.budoshop.si\/sl\/wp-json\/wp\/v2\/comments?post=76245"}],"wp:featuredmedia":[{"embeddable":true,"href":"https:\/\/www.budoshop.si\/sl\/wp-json\/wp\/v2\/media\/76249"}],"wp:attachment":[{"href":"https:\/\/www.budoshop.si\/sl\/wp-json\/wp\/v2\/media?parent=76245"}],"wp:term":[{"taxonomy":"product_brand","embeddable":true,"href":"https:\/\/www.budoshop.si\/sl\/wp-json\/wp\/v2\/product_brand?post=76245"},{"taxonomy":"product_cat","embeddable":true,"href":"https:\/\/www.budoshop.si\/sl\/wp-json\/wp\/v2\/product_cat?post=76245"},{"taxonomy":"product_tag","embeddable":true,"href":"https:\/\/www.budoshop.si\/sl\/wp-json\/wp\/v2\/product_tag?post=76245"}],"curies":[{"name":"wp","href":"https:\/\/api.w.org\/{rel}","templated":true}]}}