{"id":76216,"date":"2018-09-13T06:51:49","date_gmt":"2018-09-13T06:51:49","guid":{"rendered":"https:\/\/budoshop.si\/?product=lesen-vadbeni-mec-bokken-iwama-ryu-japan"},"modified":"2026-03-11T09:08:26","modified_gmt":"2026-03-11T08:08:26","slug":"lesen-vadbeni-mec-bokken-iwama-ryu-japan","status":"publish","type":"product","link":"https:\/\/www.budoshop.si\/sl\/izdelek\/lesen-vadbeni-mec-bokken-iwama-ryu-japan\/","title":{"rendered":"Lesen vadbeni me\u010d &#8221;Bokken IWAMA RYU &#8211; JAPAN&#8221;"},"content":{"rendered":"<div style=\"text-align: justify;\"><span style=\"color: #c00000; font-size: 15px;\">Lesen vadbeni me\u010d tradicionalne IWAMA RYU oblike. Me\u010d je narejen je posebno \u010dvrstega hrasta, ki daje me\u010du \u0161e potrebno trdnost in s tem tudi dalj\u0161o obstojnost. Me\u010d je posebej primeren za trening Iwama ryu Aikido in drugega japonskega me\u010devanja saj kvaliteta lesa zdr\u017ei udarjanje ob drug leseni me\u010d. Me\u010d je tudi zelo dobro uravnote\u017een. Popolnoma ro\u010dno izdelan in nelakiran! <\/span><\/div>\n<div><\/div>\n<div style=\"text-align: justify;\"><span style=\"color: #c00000; font-size: 15px;\">Skupna dol\u017eina: cca. 103 cm.<br \/>\nDol\u017eina rezila: 74 cm.<br \/>\nDol\u017eina ro\u010daja: 29 cm.<br \/>\nTe\u017ea: cca. 735 g<\/span><\/div>\n<div style=\"text-align: justify;\"><\/div>\n<div style=\"text-align: justify;\">\n<p><span id=\"dnn_ctr448_ProductPage_lblItemHtmlHolder\" style=\"font-size: 11px;\"><span style=\"color: #c00000;\">Opozorilo!<br \/>\n\u25ba Artikel je namenjen samo dekorativni uporabi oziroma osebnemu treningu borilnih ve\u0161\u010din.<br \/>\n\u25ba Po prodaji, prodajalec ni ve\u010d odgovoren za nikakr\u0161ne po\u0161kodbe, ki se lahko zgodijo zaradi napa\u010dne uporabe ali zanemarjanja teh opozoril. Novi lastnik prevzema popolno odgovornost za skrb in uporabo tega artikla.<br \/>\n\u25ba Vsakr\u0161na napa\u010dna uporaba ali nepazljivost lahko vam ali drugemu povzro\u010di resne po\u0161kodbe ali celo smrt!<br \/>\n\u25ba Ta artikel se v nobenem primeru ne sme uporabljati na drugi osebi!<\/span><\/span><\/p>\n<\/div>\n","protected":false},"excerpt":{"rendered":"<p><span style=\"color: #002060; font-size: 15px;\"><strong>Ro\u010dno izdelan lesen Iwama ryu vadbeni me\u010d.<\/strong><\/span><\/p>\n","protected":false},"featured_media":76220,"comment_status":"open","ping_status":"closed","template":"","meta":[],"product_brand":[5600],"product_cat":[1035,757,1037,1055,977],"product_tag":[],"class_list":{"0":"post-76216","1":"product","2":"type-product","3":"status-publish","4":"has-post-thumbnail","6":"product_brand-yari-no-hanzo","7":"product_cat-aikido-kendo-iai-kobudo-1","8":"product_cat-leseni","9":"product_cat-ninjutsu-3","10":"product_cat-yari-no-hanzo-3","11":"product_cat-yari-no-hanzo-1","13":"first","14":"outofstock","15":"taxable","16":"shipping-taxable","17":"purchasable","18":"product-type-simple"},"_links":{"self":[{"href":"https:\/\/www.budoshop.si\/sl\/wp-json\/wp\/v2\/product\/76216","targetHints":{"allow":["GET"]}}],"collection":[{"href":"https:\/\/www.budoshop.si\/sl\/wp-json\/wp\/v2\/product"}],"about":[{"href":"https:\/\/www.budoshop.si\/sl\/wp-json\/wp\/v2\/types\/product"}],"replies":[{"embeddable":true,"href":"https:\/\/www.budoshop.si\/sl\/wp-json\/wp\/v2\/comments?post=76216"}],"wp:featuredmedia":[{"embeddable":true,"href":"https:\/\/www.budoshop.si\/sl\/wp-json\/wp\/v2\/media\/76220"}],"wp:attachment":[{"href":"https:\/\/www.budoshop.si\/sl\/wp-json\/wp\/v2\/media?parent=76216"}],"wp:term":[{"taxonomy":"product_brand","embeddable":true,"href":"https:\/\/www.budoshop.si\/sl\/wp-json\/wp\/v2\/product_brand?post=76216"},{"taxonomy":"product_cat","embeddable":true,"href":"https:\/\/www.budoshop.si\/sl\/wp-json\/wp\/v2\/product_cat?post=76216"},{"taxonomy":"product_tag","embeddable":true,"href":"https:\/\/www.budoshop.si\/sl\/wp-json\/wp\/v2\/product_tag?post=76216"}],"curies":[{"name":"wp","href":"https:\/\/api.w.org\/{rel}","templated":true}]}}