{"id":76160,"date":"2018-09-13T06:51:49","date_gmt":"2018-09-13T06:51:49","guid":{"rendered":"https:\/\/budoshop.si\/?product=lesen-ninja-kyoketsu-shoge"},"modified":"2025-02-17T16:17:51","modified_gmt":"2025-02-17T15:17:51","slug":"lesen-ninja-kyoketsu-shoge","status":"publish","type":"product","link":"https:\/\/www.budoshop.si\/sl\/izdelek\/lesen-ninja-kyoketsu-shoge\/","title":{"rendered":"Lesen Ninja &#8221;KYOKETSU SHOGE&#8221;"},"content":{"rendered":"<div style=\"text-align: justify;\">\n<p><span style=\"color: #993300; font-size: 15px;\">Kyoketsu Shoge je tradicionalno specialno NINJA oro\u017eje, ki je sestavljeno iz bode\u017ea z dodatnim zakrivljenim rezilom, vrvjo in jekleno rinko.<br \/>\nZa varen in vzpodbuden trening se uporablja les, namesto jeklene rinke pa gumijast obro\u010d. Izdelan popolnoma ro\u010dno iz kvalitetnega, nelakiranega orehovega lesa.<\/span><\/p>\n<p><span style=\"font-size: 15px; color: #993300;\">Dol\u017eina bode\u017ea: 43 cm<\/span><br \/>\n<span style=\"font-size: 15px; color: #993300;\">Dol\u017eina rezila: 26 cm<\/span><br \/>\n<span style=\"font-size: 15px; color: #993300;\">Dol\u017eina vrvi: 350 cm<\/span><\/p>\n<\/div>\n<div style=\"text-align: justify;\"><span style=\"color: #993300; font-size: 15px;\">\u00a0<\/span><\/div>\n<div style=\"text-align: justify;\"><\/div>\n<div style=\"text-align: justify;\"><\/div>\n<div style=\"text-align: justify;\"><span style=\"color: #c00000;\"><span style=\"font-size: 11px; color: #993300;\">Opozorilo!<\/span><br \/>\n<span style=\"font-size: 11px; color: #993300;\">\u25ba Artikel je namenjen samo dekorativni uporabi oziroma osebnemu treningu borilnih ve\u0161\u010din.<\/span><br \/>\n<span style=\"font-size: 11px; color: #993300;\">\u25ba Po prodaji, prodajalec ni ve\u010d odgovoren za nikakr\u0161ne po\u0161kodbe, ki se lahko zgodijo zaradi napa\u010dne uporabe ali zanemarjanja teh opozoril. Novi lastnik prevzema popolno odgovornost za skrb in uporabo tega artikla.<\/span><br \/>\n<span style=\"font-size: 11px; color: #993300;\">\u25ba Vsakr\u0161na napa\u010dna uporaba ali nepazljivost lahko vam ali drugemu povzro\u010di resne po\u0161kodbe ali celo smrt!<\/span><br \/>\n<span style=\"font-size: 11px; color: #993300;\">\u25ba Ta artikel se v nobenem primeru ne sme uporabljati na drugi osebi!<\/span><br \/>\n<\/span><\/div>\n","protected":false},"excerpt":{"rendered":"<p><span style=\"color: #002060;\"><strong>Lesen Ninja Kyoketsu Shoge bode\u017e z vrvjo in gumijasto rinko.<\/strong><\/span><\/p>\n","protected":false},"featured_media":76163,"comment_status":"open","ping_status":"closed","template":"","meta":[],"product_brand":[5600],"product_cat":[1057,847,1037,977],"product_tag":[],"class_list":{"0":"post-76160","1":"product","2":"type-product","3":"status-publish","4":"has-post-thumbnail","6":"product_brand-yari-no-hanzo","7":"product_cat-legion-octagon-3","8":"product_cat-ninja-1","9":"product_cat-ninjutsu-3","10":"product_cat-yari-no-hanzo-1","12":"first","13":"instock","14":"taxable","15":"shipping-taxable","16":"purchasable","17":"product-type-simple"},"_links":{"self":[{"href":"https:\/\/www.budoshop.si\/sl\/wp-json\/wp\/v2\/product\/76160","targetHints":{"allow":["GET"]}}],"collection":[{"href":"https:\/\/www.budoshop.si\/sl\/wp-json\/wp\/v2\/product"}],"about":[{"href":"https:\/\/www.budoshop.si\/sl\/wp-json\/wp\/v2\/types\/product"}],"replies":[{"embeddable":true,"href":"https:\/\/www.budoshop.si\/sl\/wp-json\/wp\/v2\/comments?post=76160"}],"wp:featuredmedia":[{"embeddable":true,"href":"https:\/\/www.budoshop.si\/sl\/wp-json\/wp\/v2\/media\/76163"}],"wp:attachment":[{"href":"https:\/\/www.budoshop.si\/sl\/wp-json\/wp\/v2\/media?parent=76160"}],"wp:term":[{"taxonomy":"product_brand","embeddable":true,"href":"https:\/\/www.budoshop.si\/sl\/wp-json\/wp\/v2\/product_brand?post=76160"},{"taxonomy":"product_cat","embeddable":true,"href":"https:\/\/www.budoshop.si\/sl\/wp-json\/wp\/v2\/product_cat?post=76160"},{"taxonomy":"product_tag","embeddable":true,"href":"https:\/\/www.budoshop.si\/sl\/wp-json\/wp\/v2\/product_tag?post=76160"}],"curies":[{"name":"wp","href":"https:\/\/api.w.org\/{rel}","templated":true}]}}