{"id":76072,"date":"2018-09-13T06:51:49","date_gmt":"2018-09-13T04:51:49","guid":{"rendered":"https:\/\/budoshop.si\/?product=karate-scitnik-za-golen-in-nart-adidas-kumite"},"modified":"2023-10-01T07:38:27","modified_gmt":"2023-10-01T05:38:27","slug":"karate-scitnik-za-golen-in-nart-adidas-kumite","status":"publish","type":"product","link":"https:\/\/www.budoshop.si\/sl\/izdelek\/karate-scitnik-za-golen-in-nart-adidas-kumite\/","title":{"rendered":"Karate \u0161\u010ditnik za golen in nart &#8221;Adidas KUMITE&#8221;"},"content":{"rendered":"<div style=\"text-align: justify;\">\n<p><span style=\"color: #993300; font-size: 15px;\">Ta nov, v skladu z novimi mednarodnimi predpisi, Adidasov Karate \u0161\u010ditnik za golen\/pi\u0161\u010dal z odstranljivim \u0161\u010ditnikom narta je oblikovan za najnovej\u0161a Karate pravila. Posebna Poly-span tehnologija zagotavlja bolj\u0161e zra\u010denje, udobnost in dela \u0161\u010ditnik lahek ter zelo odporen. I-Protech tehnologija s tanko plastjo gela na obmo\u010djih udarjanja in z dodatnim usnjem o\u010dajan predel udarjanja zagotavljata popolno varnost. Ergonomi\u010dna oblika \u0161\u010diti golen vse od vrha do stopala. Oblo\u017een tudi zadnji del pete. \u0160\u010dit pi\u0161\u010dali in \u0161\u010dit narta sta spojena s funkcionalnim je\u017ekom in se lahko uporabljata tudi lo\u010deno. Zapenjanje z elasti\u010dnimi trakovi tudi okrog pete in stopala, da \u0161\u010ditnik trdno ostaja na svojem mestu.<\/span><\/p>\n<p><span style=\"font-size: 15px; color: #993300;\"><strong>Ta artikel je odobren iz strani WKF<\/strong>-ja (World Karate Federation)!<\/span><\/p>\n<p><span style=\"font-size: 15px; color: #993300;\">Ustreza CE standardom!<\/span><\/p>\n<p><span style=\"font-size: 15px; color: #993300;\">Barve: modra ali rde\u010da.<\/span><\/p>\n<p><span style=\"font-size: 15px; color: #993300;\">Velikosti: XS &#8211; S &#8211; M &#8211; XL.<\/span><\/p>\n<\/div>\n<div style=\"text-align: justify;\">\n<p><span style=\"color: #993300; font-size: 15px;\"><br \/>\nProdaja se v paru.<\/span><\/p>\n<p>&nbsp;<\/p>\n<\/div>\n","protected":false},"excerpt":{"rendered":"<p><span style=\"color: #003366;\"><strong>WKF verificiran Adidasov Karate \u0161\u010ditnik za golen in nart.<\/strong><\/span><\/p>\n","protected":false},"featured_media":76075,"comment_status":"open","ping_status":"closed","template":"","meta":[],"product_brand":[],"product_cat":[1029,899,951,1049],"product_tag":[],"class_list":{"0":"post-76072","1":"product","2":"type-product","3":"status-publish","4":"has-post-thumbnail","6":"product_cat-karate-5","7":"product_cat-scitniki-za-piscali","8":"product_cat-adidas-3","9":"product_cat-adidas-7","10":"pa_barva-rdeca-barva-sl-2","11":"pa_barva-modre-barve-sl","12":"pa_velikost-xs-sl","13":"pa_velikost-s-sl-2","14":"pa_velikost-m-sl-2","15":"pa_velikost-l-sl-2","16":"pa_velikost-xl-sl","18":"first","19":"instock","20":"taxable","21":"shipping-taxable","22":"purchasable","23":"product-type-variable"},"_links":{"self":[{"href":"https:\/\/www.budoshop.si\/sl\/wp-json\/wp\/v2\/product\/76072","targetHints":{"allow":["GET"]}}],"collection":[{"href":"https:\/\/www.budoshop.si\/sl\/wp-json\/wp\/v2\/product"}],"about":[{"href":"https:\/\/www.budoshop.si\/sl\/wp-json\/wp\/v2\/types\/product"}],"replies":[{"embeddable":true,"href":"https:\/\/www.budoshop.si\/sl\/wp-json\/wp\/v2\/comments?post=76072"}],"wp:featuredmedia":[{"embeddable":true,"href":"https:\/\/www.budoshop.si\/sl\/wp-json\/wp\/v2\/media\/76075"}],"wp:attachment":[{"href":"https:\/\/www.budoshop.si\/sl\/wp-json\/wp\/v2\/media?parent=76072"}],"wp:term":[{"taxonomy":"product_brand","embeddable":true,"href":"https:\/\/www.budoshop.si\/sl\/wp-json\/wp\/v2\/product_brand?post=76072"},{"taxonomy":"product_cat","embeddable":true,"href":"https:\/\/www.budoshop.si\/sl\/wp-json\/wp\/v2\/product_cat?post=76072"},{"taxonomy":"product_tag","embeddable":true,"href":"https:\/\/www.budoshop.si\/sl\/wp-json\/wp\/v2\/product_tag?post=76072"}],"curies":[{"name":"wp","href":"https:\/\/api.w.org\/{rel}","templated":true}]}}