{"id":76064,"date":"2018-09-13T06:51:49","date_gmt":"2018-09-13T06:51:49","guid":{"rendered":"https:\/\/budoshop.si\/?product=pas-za-hujsanje"},"modified":"2026-03-24T10:43:04","modified_gmt":"2026-03-24T09:43:04","slug":"pas-za-hujsanje","status":"publish","type":"product","link":"https:\/\/www.budoshop.si\/sl\/izdelek\/pas-za-hujsanje\/","title":{"rendered":"Pas za huj\u0161anje"},"content":{"rendered":"<div style=\"text-align: justify;\">\n<p><span style=\"font-size: 15px; color: #993300;\">Pas za huj\u0161anje je odli\u010den pripomo\u010dek za va\u0161 trening, saj boste z njegovo pomo\u010djo ob normalnem treningu porabljali \u0161e dodatne kalorije in izgubili nekaj odve\u010dnih centimetrov okrog pasu ter hkrati olaj\u0161ali bole\u010dine v kri\u017eu. Pas za huj\u0161anje deluje kot savna, se pravi zvi\u0161a mi\u0161i\u010dno temperaturo in pospe\u0161i cirkulacijo ter s tem u\u010dinkovito topi ma\u0161\u010dobne celice na tem mestu in tako pomaga izravnavati ter oblikovati trebuh in usmerjati vi\u0161ek vode. Zato je uporaben za vse aerobne in vadbene aktivnosti. Zaradi mehke in trpe\u017ene neopren pene se odli\u010dno prilega telesu in se ga lahko neopazno in diskretno nosi pod Kimonom, trenirko ali obla\u010dilom kjerkoli in kadarkoli. Da ga imate na sebi vas bo spominjala le prijetna temperatura. Primeren za mo\u0161ke in \u017eenske.<\/span><br \/>\n<span style=\"font-size: 15px; color: #993300;\">Ena velikost za vse, enostavno in prakti\u010dno zapenjanje na je\u017eka.<\/span><\/p>\n<p><span style=\"font-size: 15px; color: #993300;\">Dimenzije: 117 x 25 cm<\/span><\/p>\n<\/div>\n","protected":false},"excerpt":{"rendered":"<p><span style=\"color: #003366;\"><strong>Elasti\u010den pas za huj\u0161anje in oblikovanje telesa.<\/strong><\/span><\/p>\n","protected":false},"featured_media":76067,"comment_status":"open","ping_status":"closed","template":"","meta":[],"product_brand":[5620],"product_cat":[1035,1043,941,1033,1031,1029,1037,1127,1039,1041],"product_tag":[],"class_list":{"0":"post-76064","1":"product","2":"type-product","3":"status-publish","4":"has-post-thumbnail","6":"product_brand-pride","7":"product_cat-aikido-kendo-iai-kobudo-1","8":"product_cat-boks-kickbox-tajski-boks-mma","9":"product_cat-budo-lekarna","10":"product_cat-ju-jitsujiu-jitsu-1","11":"product_cat-judo-1","12":"product_cat-karate-5","13":"product_cat-ninjutsu-3","14":"product_cat-ostalo-8","15":"product_cat-taekwondo-3","16":"product_cat-tai-chi-kunf-fu-wu-shu-1","18":"first","19":"instock","20":"taxable","21":"shipping-taxable","22":"purchasable","23":"product-type-simple"},"_links":{"self":[{"href":"https:\/\/www.budoshop.si\/sl\/wp-json\/wp\/v2\/product\/76064","targetHints":{"allow":["GET"]}}],"collection":[{"href":"https:\/\/www.budoshop.si\/sl\/wp-json\/wp\/v2\/product"}],"about":[{"href":"https:\/\/www.budoshop.si\/sl\/wp-json\/wp\/v2\/types\/product"}],"replies":[{"embeddable":true,"href":"https:\/\/www.budoshop.si\/sl\/wp-json\/wp\/v2\/comments?post=76064"}],"wp:featuredmedia":[{"embeddable":true,"href":"https:\/\/www.budoshop.si\/sl\/wp-json\/wp\/v2\/media\/76067"}],"wp:attachment":[{"href":"https:\/\/www.budoshop.si\/sl\/wp-json\/wp\/v2\/media?parent=76064"}],"wp:term":[{"taxonomy":"product_brand","embeddable":true,"href":"https:\/\/www.budoshop.si\/sl\/wp-json\/wp\/v2\/product_brand?post=76064"},{"taxonomy":"product_cat","embeddable":true,"href":"https:\/\/www.budoshop.si\/sl\/wp-json\/wp\/v2\/product_cat?post=76064"},{"taxonomy":"product_tag","embeddable":true,"href":"https:\/\/www.budoshop.si\/sl\/wp-json\/wp\/v2\/product_tag?post=76064"}],"curies":[{"name":"wp","href":"https:\/\/api.w.org\/{rel}","templated":true}]}}